{"id":65,"date":"2018-12-24T17:02:30","date_gmt":"2018-12-24T16:02:30","guid":{"rendered":"https:\/\/tamas-radelei.de\/?page_id=65"},"modified":"2023-02-08T21:57:44","modified_gmt":"2023-02-08T20:57:44","slug":"tamas-on-tour-2017","status":"publish","type":"page","link":"https:\/\/www.niva-stammtisch.de\/?page_id=65","title":{"rendered":"Tami on Tour 2017"},"content":{"rendered":"\n<p>Da bereits 2016 Didi und ich das Radurlaubblut geleckt hatten, sollte es auch 2017 wieder im Sattel auf Tour gehen. Eigentlich war eine Route geplant, die gute 1645 km ergeben sollte. Geplante Fahrzeit ca. 3 Wochen plus entsprechender Aufenthalt beim Opa in S\u00fcdungarn. Doch aus zeitlichen Gr\u00fcnden wollte ich dann eigentlich nur noch mit den Eltern per Auto zum Opa mitfahren, um so lange wie m\u00f6glich vor Ort zu sein. Doch musste ich schnell feststellen, dass es ohne die gro\u00dfe Radeltour doch nicht geht, da ich dieses Jahr sehr aktiv bin. Somit habe ich meinen Trip auf die Strecke von 2016 beschr\u00e4nkt. Nach kleinen Ab\u00e4nderungen der Tagesetappen vom Vorjahr kam ich auf theoretische 880 Gesamtkilometer in 9 Tagen. Aber letztlich z\u00e4hlt der tats\u00e4chliche Endkilometerstand bei Zielankunft. <\/p>\n\n\n\n<figure class=\"wp-block-gallery has-nested-images columns-default is-cropped wp-block-gallery-1 is-layout-flex wp-block-gallery-is-layout-flex\">\n<figure class=\"wp-block-image size-large\"><a href=\"https:\/\/www.niva-stammtisch.de\/wp-content\/uploads\/Passau-Ruzsa-2017_0001.jpg\" rel=\"lightbox[65]\"><img loading=\"lazy\" decoding=\"async\" width=\"675\" height=\"1200\" data-id=\"1755\" src=\"https:\/\/www.niva-stammtisch.de\/wp-content\/uploads\/Passau-Ruzsa-2017_0001-675x1200.jpg\" alt=\"\" class=\"wp-image-1755\" srcset=\"https:\/\/www.niva-stammtisch.de\/wp-content\/uploads\/Passau-Ruzsa-2017_0001.jpg 675w, https:\/\/www.niva-stammtisch.de\/wp-content\/uploads\/Passau-Ruzsa-2017_0001-338x600.jpg 338w\" sizes=\"auto, (max-width: 675px) 100vw, 675px\" \/><\/a><figcaption class=\"wp-element-caption\">Kulturbeutel, Sanip\u00e4ckel, Schlafsack, Luftmatratze, Stativ und Badelatschen m\u00fcssen in die eine Tasche!<\/figcaption><\/figure>\n\n\n\n<figure class=\"wp-block-image size-large\"><a href=\"https:\/\/www.niva-stammtisch.de\/wp-content\/uploads\/Passau-Ruzsa-2017_0002.jpg\" rel=\"lightbox[65]\"><img loading=\"lazy\" decoding=\"async\" width=\"675\" height=\"1200\" data-id=\"1756\" src=\"https:\/\/www.niva-stammtisch.de\/wp-content\/uploads\/Passau-Ruzsa-2017_0002-675x1200.jpg\" alt=\"\" class=\"wp-image-1756\" srcset=\"https:\/\/www.niva-stammtisch.de\/wp-content\/uploads\/Passau-Ruzsa-2017_0002.jpg 675w, https:\/\/www.niva-stammtisch.de\/wp-content\/uploads\/Passau-Ruzsa-2017_0002-338x600.jpg 338w\" sizes=\"auto, (max-width: 675px) 100vw, 675px\" \/><\/a><figcaption class=\"wp-element-caption\">Also los gehts, mal&#8230;<\/figcaption><\/figure>\n\n\n\n<figure class=\"wp-block-image size-large\"><a href=\"https:\/\/www.niva-stammtisch.de\/wp-content\/uploads\/Passau-Ruzsa-2017_0004.jpg\" rel=\"lightbox[65]\"><img loading=\"lazy\" decoding=\"async\" width=\"675\" height=\"1200\" data-id=\"1758\" src=\"https:\/\/www.niva-stammtisch.de\/wp-content\/uploads\/Passau-Ruzsa-2017_0004-675x1200.jpg\" alt=\"\" class=\"wp-image-1758\" srcset=\"https:\/\/www.niva-stammtisch.de\/wp-content\/uploads\/Passau-Ruzsa-2017_0004.jpg 675w, https:\/\/www.niva-stammtisch.de\/wp-content\/uploads\/Passau-Ruzsa-2017_0004-338x600.jpg 338w\" sizes=\"auto, (max-width: 675px) 100vw, 675px\" \/><\/a><figcaption class=\"wp-element-caption\">&#8230;zur Probe packen.<\/figcaption><\/figure>\n\n\n\n<figure class=\"wp-block-image size-large\"><a href=\"https:\/\/www.niva-stammtisch.de\/wp-content\/uploads\/Passau-Ruzsa-2017_0006.jpg\" rel=\"lightbox[65]\"><img loading=\"lazy\" decoding=\"async\" width=\"675\" height=\"1200\" data-id=\"1760\" src=\"https:\/\/www.niva-stammtisch.de\/wp-content\/uploads\/Passau-Ruzsa-2017_0006-675x1200.jpg\" alt=\"\" class=\"wp-image-1760\" srcset=\"https:\/\/www.niva-stammtisch.de\/wp-content\/uploads\/Passau-Ruzsa-2017_0006.jpg 675w, https:\/\/www.niva-stammtisch.de\/wp-content\/uploads\/Passau-Ruzsa-2017_0006-338x600.jpg 338w\" sizes=\"auto, (max-width: 675px) 100vw, 675px\" \/><\/a><figcaption class=\"wp-element-caption\">Mein &#8222;Fresspaket&#8220; musste auch mit!<\/figcaption><\/figure>\n\n\n\n<figure class=\"wp-block-image size-large\"><a href=\"https:\/\/www.niva-stammtisch.de\/wp-content\/uploads\/Passau-Ruzsa-2017_0007.jpg\" rel=\"lightbox[65]\"><img loading=\"lazy\" decoding=\"async\" width=\"675\" height=\"1200\" data-id=\"1761\" src=\"https:\/\/www.niva-stammtisch.de\/wp-content\/uploads\/Passau-Ruzsa-2017_0007-675x1200.jpg\" alt=\"\" class=\"wp-image-1761\" srcset=\"https:\/\/www.niva-stammtisch.de\/wp-content\/uploads\/Passau-Ruzsa-2017_0007.jpg 675w, https:\/\/www.niva-stammtisch.de\/wp-content\/uploads\/Passau-Ruzsa-2017_0007-338x600.jpg 338w\" sizes=\"auto, (max-width: 675px) 100vw, 675px\" \/><\/a><figcaption class=\"wp-element-caption\">Au\u00dfenrum wurde auch erweitert mit bspw. den Flaschenhaltern.<\/figcaption><\/figure>\n<\/figure>\n\n\n\n<h4 class=\"wp-block-heading\">Anreisetag<\/h4>\n\n\n\n<figure class=\"wp-block-video\"><video height=\"720\" style=\"aspect-ratio: 1280 \/ 720;\" width=\"1280\" controls src=\"https:\/\/www.niva-stammtisch.de\/wp-content\/uploads\/Passau-Ruzsa-2017_001.mp4\"><\/video><\/figure>\n\n\n\n<figure class=\"wp-block-gallery has-nested-images columns-2 is-cropped wp-block-gallery-2 is-layout-flex wp-block-gallery-is-layout-flex\">\n<figure class=\"wp-block-image size-large\"><a href=\"https:\/\/www.niva-stammtisch.de\/wp-content\/uploads\/Passau-Ruzsa-2017_0010.jpg\" rel=\"lightbox[65]\"><img loading=\"lazy\" decoding=\"async\" width=\"1024\" height=\"768\" data-id=\"1769\" src=\"https:\/\/www.niva-stammtisch.de\/wp-content\/uploads\/Passau-Ruzsa-2017_0010.jpg\" alt=\"\" class=\"wp-image-1769\" srcset=\"https:\/\/www.niva-stammtisch.de\/wp-content\/uploads\/Passau-Ruzsa-2017_0010.jpg 1024w, https:\/\/www.niva-stammtisch.de\/wp-content\/uploads\/Passau-Ruzsa-2017_0010-600x450.jpg 600w, https:\/\/www.niva-stammtisch.de\/wp-content\/uploads\/Passau-Ruzsa-2017_0010-768x576.jpg 768w\" sizes=\"auto, (max-width: 767px) 89vw, (max-width: 1000px) 54vw, (max-width: 1071px) 543px, 580px\" \/><\/a><figcaption class=\"wp-element-caption\">Schnelle \u00dcbergabe&#8230;<\/figcaption><\/figure>\n\n\n\n<figure class=\"wp-block-image size-large\"><a href=\"https:\/\/www.niva-stammtisch.de\/wp-content\/uploads\/Passau-Ruzsa-2017_0012.jpg\" rel=\"lightbox[65]\"><img loading=\"lazy\" decoding=\"async\" width=\"768\" height=\"1024\" data-id=\"1771\" src=\"https:\/\/www.niva-stammtisch.de\/wp-content\/uploads\/Passau-Ruzsa-2017_0012.jpg\" alt=\"\" class=\"wp-image-1771\" srcset=\"https:\/\/www.niva-stammtisch.de\/wp-content\/uploads\/Passau-Ruzsa-2017_0012.jpg 768w, https:\/\/www.niva-stammtisch.de\/wp-content\/uploads\/Passau-Ruzsa-2017_0012-450x600.jpg 450w\" sizes=\"auto, (max-width: 767px) 89vw, (max-width: 1000px) 54vw, (max-width: 1071px) 543px, 580px\" \/><\/a><figcaption class=\"wp-element-caption\">&#8230;von kleinen Sachen&#8230;<\/figcaption><\/figure>\n\n\n\n<figure class=\"wp-block-image size-large\"><a href=\"https:\/\/www.niva-stammtisch.de\/wp-content\/uploads\/Passau-Ruzsa-2017_0013.jpg\" rel=\"lightbox[65]\"><img loading=\"lazy\" decoding=\"async\" width=\"1024\" height=\"768\" data-id=\"1772\" src=\"https:\/\/www.niva-stammtisch.de\/wp-content\/uploads\/Passau-Ruzsa-2017_0013.jpg\" alt=\"\" class=\"wp-image-1772\" srcset=\"https:\/\/www.niva-stammtisch.de\/wp-content\/uploads\/Passau-Ruzsa-2017_0013.jpg 1024w, https:\/\/www.niva-stammtisch.de\/wp-content\/uploads\/Passau-Ruzsa-2017_0013-600x450.jpg 600w, https:\/\/www.niva-stammtisch.de\/wp-content\/uploads\/Passau-Ruzsa-2017_0013-768x576.jpg 768w\" sizes=\"auto, (max-width: 767px) 89vw, (max-width: 1000px) 54vw, (max-width: 1071px) 543px, 580px\" \/><\/a><figcaption class=\"wp-element-caption\">&#8230;mit der Schwester.<\/figcaption><\/figure>\n<\/figure>\n\n\n\n<p>Am 29. August &#8211; 16 Tage sp\u00e4ter als 2016 &#8211; war es dann endlich so weit. Leider blieb es packtechnisch gleich der Kombination wie 2016, obwohl ich eigentlich nur die zwei gr\u00f6\u00dferen Packtaschen hinten benutzen wollte. Aber lieber die einzelne Tasche nicht zu viel bepackt und das Gewicht auch etwas nach vorn verteilt als dann alles hecklastig mitf\u00fchren zu m\u00fcssen. Da ich mir nach der Tour 2016 doch 4 neue Taschen eines deutschen Herstellers mit dem &#8222;O&#8220; beschaffte, war ich sehr gespannt darauf, wie sie sich auf solch einer Reise bew\u00e4hren w\u00fcrden. Nach den letzten Besorgungen (Verpflegung f\u00fcr die ersten Tage, Fahrradticket) sowie gef\u00fchlt 10-fachem Umpacken der Taschen war der fr\u00fche Abend bereits angebrochen. Nun musste ich mich nur noch entsprechend anziehen, um sp\u00e4ter bei der Ankunft in Passau startklar zu sein. Diesmal ging es n\u00e4mlich nicht am fr\u00fchen Morgen gegen 5:55 Uhr, sondern erst am Abend 18:55 Uhr per Zug von Chemnitz nach Passau, das gute \u201eEisenschwein\u201c im Schlepp. Dies r\u00fchrte daher, dass tags\u00fcber eine Gleisbaustelle mittels Bus als SEV umfahren wurde und ich es nicht riskieren wollte, mit dem Rad samt Gep\u00e4ck nicht mitgenommen werden zu k\u00f6nnen und erst so sp\u00e4t die Z\u00fcge wieder an dieser Stelle durchfuhren. Es wurde mittlerweile allerh\u00f6chste Eisenbahn. Wir hatten es bereits nach 18:00 Uhr und die Schl\u00fcssel sollten bei der Schwester abgegeben werden, die bereits auf mich wartete. Sie gab mir noch paar paar Utensilien mit, die schnell noch verpackt wurden. Es war mittlerweile 18:30 Uhr und wann f\u00e4hrt der Zug nochmal?<\/p>\n\n\n\n<figure class=\"wp-block-gallery has-nested-images columns-default is-cropped wp-block-gallery-3 is-layout-flex wp-block-gallery-is-layout-flex\">\n<figure class=\"wp-block-image size-large\"><img decoding=\"async\" data-id=\"1121\" src=\"https:\/\/tamas-radelei.de\/wp-content\/uploads\/2019\/02\/Passau-Ruzsa-2017_0026.jpg\" alt=\"\" class=\"wp-image-1121\"\/><\/figure>\n\n\n\n<figure class=\"wp-block-image size-large\"><img decoding=\"async\" data-id=\"1122\" src=\"https:\/\/tamas-radelei.de\/wp-content\/uploads\/2019\/02\/Passau-Ruzsa-2017_0027.jpg\" alt=\"\" class=\"wp-image-1122\"\/><\/figure>\n\n\n\n<figure class=\"wp-block-image size-large\"><img decoding=\"async\" data-id=\"1123\" src=\"https:\/\/tamas-radelei.de\/wp-content\/uploads\/2019\/02\/Passau-Ruzsa-2017_0031.jpg\" alt=\"\" class=\"wp-image-1123\"\/><\/figure>\n<\/figure>\n\n\n\n<figure class=\"wp-block-gallery has-nested-images columns-default is-cropped wp-block-gallery-4 is-layout-flex wp-block-gallery-is-layout-flex\">\n<figure class=\"wp-block-image\"><a href=\"https:\/\/www.niva-stammtisch.de\/wp-content\/uploads\/Passau-Ruzsa-2017_0014.jpg\" rel=\"lightbox[65]\"><img loading=\"lazy\" decoding=\"async\" width=\"1200\" height=\"675\" data-id=\"1773\" src=\"https:\/\/www.niva-stammtisch.de\/wp-content\/uploads\/Passau-Ruzsa-2017_0014-1200x675.jpg\" alt=\"\" class=\"wp-image-1773\" srcset=\"https:\/\/www.niva-stammtisch.de\/wp-content\/uploads\/Passau-Ruzsa-2017_0014.jpg 1200w, https:\/\/www.niva-stammtisch.de\/wp-content\/uploads\/Passau-Ruzsa-2017_0014-600x338.jpg 600w, https:\/\/www.niva-stammtisch.de\/wp-content\/uploads\/Passau-Ruzsa-2017_0014-768x432.jpg 768w\" sizes=\"auto, (max-width: 767px) 89vw, (max-width: 1000px) 54vw, (max-width: 1071px) 543px, 580px\" \/><\/a><figcaption class=\"wp-element-caption\">Start auf dem&#8230;<\/figcaption><\/figure>\n\n\n\n<figure class=\"wp-block-image\"><a href=\"https:\/\/www.niva-stammtisch.de\/wp-content\/uploads\/Passau-Ruzsa-2017_0015.jpg\" rel=\"lightbox[65]\"><img loading=\"lazy\" decoding=\"async\" width=\"675\" height=\"1200\" data-id=\"1774\" src=\"https:\/\/www.niva-stammtisch.de\/wp-content\/uploads\/Passau-Ruzsa-2017_0015-675x1200.jpg\" alt=\"\" class=\"wp-image-1774\" srcset=\"https:\/\/www.niva-stammtisch.de\/wp-content\/uploads\/Passau-Ruzsa-2017_0015.jpg 675w, https:\/\/www.niva-stammtisch.de\/wp-content\/uploads\/Passau-Ruzsa-2017_0015-338x600.jpg 338w\" sizes=\"auto, (max-width: 675px) 100vw, 675px\" \/><\/a><figcaption class=\"wp-element-caption\">&#8230;Chemnitzer Hauptbahnhof&#8230;<\/figcaption><\/figure>\n\n\n\n<figure class=\"wp-block-image\"><a href=\"https:\/\/www.niva-stammtisch.de\/wp-content\/uploads\/Passau-Ruzsa-2017_0016.jpg\" rel=\"lightbox[65]\"><img loading=\"lazy\" decoding=\"async\" width=\"1200\" height=\"675\" data-id=\"1775\" src=\"https:\/\/www.niva-stammtisch.de\/wp-content\/uploads\/Passau-Ruzsa-2017_0016-1200x675.jpg\" alt=\"\" class=\"wp-image-1775\" srcset=\"https:\/\/www.niva-stammtisch.de\/wp-content\/uploads\/Passau-Ruzsa-2017_0016.jpg 1200w, https:\/\/www.niva-stammtisch.de\/wp-content\/uploads\/Passau-Ruzsa-2017_0016-600x338.jpg 600w, https:\/\/www.niva-stammtisch.de\/wp-content\/uploads\/Passau-Ruzsa-2017_0016-768x432.jpg 768w\" sizes=\"auto, (max-width: 767px) 89vw, (max-width: 1000px) 54vw, (max-width: 1071px) 543px, 580px\" \/><\/a><figcaption class=\"wp-element-caption\">&#8230;erstmal nach Hof!<\/figcaption><\/figure>\n\n\n\n<figure class=\"wp-block-image\"><a href=\"https:\/\/www.niva-stammtisch.de\/wp-content\/uploads\/Passau-Ruzsa-2017_0017.jpg\" rel=\"lightbox[65]\"><img loading=\"lazy\" decoding=\"async\" width=\"675\" height=\"1200\" data-id=\"1776\" src=\"https:\/\/www.niva-stammtisch.de\/wp-content\/uploads\/Passau-Ruzsa-2017_0017-675x1200.jpg\" alt=\"\" class=\"wp-image-1776\" srcset=\"https:\/\/www.niva-stammtisch.de\/wp-content\/uploads\/Passau-Ruzsa-2017_0017.jpg 675w, https:\/\/www.niva-stammtisch.de\/wp-content\/uploads\/Passau-Ruzsa-2017_0017-338x600.jpg 338w\" sizes=\"auto, (max-width: 675px) 100vw, 675px\" \/><\/a><figcaption class=\"wp-element-caption\">Ich genoss dabei&#8230;<\/figcaption><\/figure>\n\n\n\n<figure class=\"wp-block-image\"><a href=\"https:\/\/www.niva-stammtisch.de\/wp-content\/uploads\/Passau-Ruzsa-2017_0018.jpg\" rel=\"lightbox[65]\"><img loading=\"lazy\" decoding=\"async\" width=\"675\" height=\"1200\" data-id=\"1777\" src=\"https:\/\/www.niva-stammtisch.de\/wp-content\/uploads\/Passau-Ruzsa-2017_0018-675x1200.jpg\" alt=\"\" class=\"wp-image-1777\" srcset=\"https:\/\/www.niva-stammtisch.de\/wp-content\/uploads\/Passau-Ruzsa-2017_0018.jpg 675w, https:\/\/www.niva-stammtisch.de\/wp-content\/uploads\/Passau-Ruzsa-2017_0018-338x600.jpg 338w\" sizes=\"auto, (max-width: 675px) 100vw, 675px\" \/><\/a><figcaption class=\"wp-element-caption\">&#8230;den Sonnenuntergang!<\/figcaption><\/figure>\n\n\n\n<figure class=\"wp-block-image\"><a href=\"https:\/\/www.niva-stammtisch.de\/wp-content\/uploads\/Passau-Ruzsa-2017_0027.jpg\" rel=\"lightbox[65]\"><img loading=\"lazy\" decoding=\"async\" width=\"1200\" height=\"795\" data-id=\"1785\" src=\"https:\/\/www.niva-stammtisch.de\/wp-content\/uploads\/Passau-Ruzsa-2017_0027-1200x795.jpg\" alt=\"\" class=\"wp-image-1785\" srcset=\"https:\/\/www.niva-stammtisch.de\/wp-content\/uploads\/Passau-Ruzsa-2017_0027.jpg 1200w, https:\/\/www.niva-stammtisch.de\/wp-content\/uploads\/Passau-Ruzsa-2017_0027-600x398.jpg 600w, https:\/\/www.niva-stammtisch.de\/wp-content\/uploads\/Passau-Ruzsa-2017_0027-768x509.jpg 768w\" sizes=\"auto, (max-width: 767px) 89vw, (max-width: 1000px) 54vw, (max-width: 1071px) 543px, 580px\" \/><\/a><figcaption class=\"wp-element-caption\">Von Hof gings dann weiter&#8230;<\/figcaption><\/figure>\n\n\n\n<figure class=\"wp-block-image\"><a href=\"https:\/\/www.niva-stammtisch.de\/wp-content\/uploads\/Passau-Ruzsa-2017_0033.jpg\" rel=\"lightbox[65]\"><img loading=\"lazy\" decoding=\"async\" width=\"1200\" height=\"795\" data-id=\"1791\" src=\"https:\/\/www.niva-stammtisch.de\/wp-content\/uploads\/Passau-Ruzsa-2017_0033-1200x795.jpg\" alt=\"\" class=\"wp-image-1791\" srcset=\"https:\/\/www.niva-stammtisch.de\/wp-content\/uploads\/Passau-Ruzsa-2017_0033.jpg 1200w, https:\/\/www.niva-stammtisch.de\/wp-content\/uploads\/Passau-Ruzsa-2017_0033-600x398.jpg 600w, https:\/\/www.niva-stammtisch.de\/wp-content\/uploads\/Passau-Ruzsa-2017_0033-768x509.jpg 768w\" sizes=\"auto, (max-width: 767px) 89vw, (max-width: 1000px) 54vw, (max-width: 1071px) 543px, 580px\" \/><\/a><figcaption class=\"wp-element-caption\">&#8230;nach N\u00fcrnberg!<\/figcaption><\/figure>\n\n\n\n<figure class=\"wp-block-image\"><a href=\"https:\/\/www.niva-stammtisch.de\/wp-content\/uploads\/Passau-Ruzsa-2017_0029.jpg\" rel=\"lightbox[65]\"><img loading=\"lazy\" decoding=\"async\" width=\"1200\" height=\"795\" data-id=\"1787\" src=\"https:\/\/www.niva-stammtisch.de\/wp-content\/uploads\/Passau-Ruzsa-2017_0029-1200x795.jpg\" alt=\"\" class=\"wp-image-1787\" srcset=\"https:\/\/www.niva-stammtisch.de\/wp-content\/uploads\/Passau-Ruzsa-2017_0029.jpg 1200w, https:\/\/www.niva-stammtisch.de\/wp-content\/uploads\/Passau-Ruzsa-2017_0029-600x398.jpg 600w, https:\/\/www.niva-stammtisch.de\/wp-content\/uploads\/Passau-Ruzsa-2017_0029-768x509.jpg 768w\" sizes=\"auto, (max-width: 767px) 89vw, (max-width: 1000px) 54vw, (max-width: 1071px) 543px, 580px\" \/><\/a><figcaption class=\"wp-element-caption\">Umsteigen und weiter nach&#8230;<\/figcaption><\/figure>\n\n\n\n<figure class=\"wp-block-image\"><a href=\"https:\/\/www.niva-stammtisch.de\/wp-content\/uploads\/Passau-Ruzsa-2017_0031.jpg\" rel=\"lightbox[65]\"><img loading=\"lazy\" decoding=\"async\" width=\"1200\" height=\"795\" data-id=\"1789\" src=\"https:\/\/www.niva-stammtisch.de\/wp-content\/uploads\/Passau-Ruzsa-2017_0031-1200x795.jpg\" alt=\"\" class=\"wp-image-1789\" srcset=\"https:\/\/www.niva-stammtisch.de\/wp-content\/uploads\/Passau-Ruzsa-2017_0031.jpg 1200w, https:\/\/www.niva-stammtisch.de\/wp-content\/uploads\/Passau-Ruzsa-2017_0031-600x398.jpg 600w, https:\/\/www.niva-stammtisch.de\/wp-content\/uploads\/Passau-Ruzsa-2017_0031-768x509.jpg 768w\" sizes=\"auto, (max-width: 767px) 89vw, (max-width: 1000px) 54vw, (max-width: 1071px) 543px, 580px\" \/><\/a><figcaption class=\"wp-element-caption\">&#8230;genau, Regensburg!<\/figcaption><\/figure>\n\n\n\n<figure class=\"wp-block-image\"><a href=\"https:\/\/www.niva-stammtisch.de\/wp-content\/uploads\/Passau-Ruzsa-2017_0040.jpg\" rel=\"lightbox[65]\"><img loading=\"lazy\" decoding=\"async\" width=\"1200\" height=\"675\" data-id=\"1796\" src=\"https:\/\/www.niva-stammtisch.de\/wp-content\/uploads\/Passau-Ruzsa-2017_0040-1200x675.jpg\" alt=\"\" class=\"wp-image-1796\" srcset=\"https:\/\/www.niva-stammtisch.de\/wp-content\/uploads\/Passau-Ruzsa-2017_0040.jpg 1200w, https:\/\/www.niva-stammtisch.de\/wp-content\/uploads\/Passau-Ruzsa-2017_0040-600x338.jpg 600w, https:\/\/www.niva-stammtisch.de\/wp-content\/uploads\/Passau-Ruzsa-2017_0040-768x432.jpg 768w\" sizes=\"auto, (max-width: 767px) 89vw, (max-width: 1000px) 54vw, (max-width: 1071px) 543px, 580px\" \/><\/a><figcaption class=\"wp-element-caption\">Dann nochmal Umstieg in den Zug nach Plattling.<\/figcaption><\/figure>\n\n\n\n<figure class=\"wp-block-image\"><a href=\"https:\/\/www.niva-stammtisch.de\/wp-content\/uploads\/Passau-Ruzsa-2017_0046.jpg\" rel=\"lightbox[65]\"><img loading=\"lazy\" decoding=\"async\" width=\"1200\" height=\"795\" data-id=\"1801\" src=\"https:\/\/www.niva-stammtisch.de\/wp-content\/uploads\/Passau-Ruzsa-2017_0046-1200x795.jpg\" alt=\"\" class=\"wp-image-1801\" srcset=\"https:\/\/www.niva-stammtisch.de\/wp-content\/uploads\/Passau-Ruzsa-2017_0046.jpg 1200w, https:\/\/www.niva-stammtisch.de\/wp-content\/uploads\/Passau-Ruzsa-2017_0046-600x398.jpg 600w, https:\/\/www.niva-stammtisch.de\/wp-content\/uploads\/Passau-Ruzsa-2017_0046-768x509.jpg 768w\" sizes=\"auto, (max-width: 767px) 89vw, (max-width: 1000px) 54vw, (max-width: 1071px) 543px, 580px\" \/><\/a><figcaption class=\"wp-element-caption\">Und von Plattling dann&#8230;<\/figcaption><\/figure>\n\n\n\n<figure class=\"wp-block-image\"><a href=\"https:\/\/www.niva-stammtisch.de\/wp-content\/uploads\/Passau-Ruzsa-2017_0047.jpg\" rel=\"lightbox[65]\"><img loading=\"lazy\" decoding=\"async\" width=\"675\" height=\"1200\" data-id=\"1802\" src=\"https:\/\/www.niva-stammtisch.de\/wp-content\/uploads\/Passau-Ruzsa-2017_0047-675x1200.jpg\" alt=\"\" class=\"wp-image-1802\" srcset=\"https:\/\/www.niva-stammtisch.de\/wp-content\/uploads\/Passau-Ruzsa-2017_0047.jpg 675w, https:\/\/www.niva-stammtisch.de\/wp-content\/uploads\/Passau-Ruzsa-2017_0047-338x600.jpg 338w\" sizes=\"auto, (max-width: 675px) 100vw, 675px\" \/><\/a><figcaption class=\"wp-element-caption\">&#8230;nach Passau.<\/figcaption><\/figure>\n<\/figure>\n\n\n\n<p>Aber auf einem voll bepackten Radel rollt es sich eigentlich gar nicht so schlecht und somit kam ich rechtzeitig zum Hauptbahnhof  Eine direkte Zugverbindung gab es nicht, somit musste ich in Hof, N\u00fcrnberg, Regensburg und Plattling umsteigen. In Hof hatte ich leider die &#8222;Allerwertesten&#8220;-Karte, dass es beim zweiten Zug kein Niederflurfahrzeug war. Somit half mir ein Syrier beim Fahrrad Reinheben. Ein anderer Syrier half mir dann in N\u00fcrnberg beim Ausstieg \u2013 ich habe mich jeweils herzlichst bedankt, auch wenn es mit Deutsch oder Englisch nicht so klappte und es funktionierte trotzdem &#8211; das ist doch die Hauptsache! Die anderen Z\u00fcge lie\u00dfen einen einfachen Ein- und Ausstieg problemlos zu. Auch alle Fahrst\u00fchle waren ausreichend gro\u00df und funktionst\u00fcchtig \u2013 ist erfahrungsgem\u00e4\u00df nicht immer so. Auch diesmal klappte es mit allen Zugverbindungen und ich kam nach guten 7 Stunden Fahrt p\u00fcnktlich 2:05 Uhr in der Nacht in Passau an.<\/p>\n\n\n\n<hr class=\"wp-block-separator has-css-opacity\"\/>\n\n\n\n<p><em><strong>Anreise<\/strong><\/em> | <a href=\"https:\/\/niva-stammtisch.de\/?page_id=77\">1. Tag<\/a> | <a href=\"https:\/\/niva-stammtisch.de\/?page_id=103\">2. Tag<\/a> | <a href=\"https:\/\/niva-stammtisch.de\/?page_id=121\">3. Tag<\/a> | <a href=\"https:\/\/niva-stammtisch.de\/?page_id=138\">4. Tag<\/a> | <a href=\"https:\/\/niva-stammtisch.de\/?page_id=406\">5. Tag<\/a> | <a href=\"https:\/\/niva-stammtisch.de\/?page_id=205\">6. Tag<\/a> | <a href=\"https:\/\/niva-stammtisch.de\/?page_id=262\">7. Tag<\/a> | <a href=\"https:\/\/niva-stammtisch.de\/?page_id=291\">8. Tag<\/a> | <a href=\"https:\/\/niva-stammtisch.de\/?page_id=351\">9. Tag<\/a> | Zur Bildergalerie<\/p>\n","protected":false},"excerpt":{"rendered":"<p>Da bereits 2016 Didi und ich das Radurlaubblut geleckt hatten, sollte es auch 2017 wieder im Sattel auf Tour gehen. Eigentlich war eine Route geplant, die gute 1645 km ergeben sollte. Geplante Fahrzeit ca. 3 Wochen plus entsprechender Aufenthalt beim Opa in S\u00fcdungarn. Doch aus zeitlichen Gr\u00fcnden wollte ich dann eigentlich nur noch mit den &hellip; <\/p>\n<p class=\"link-more\"><a href=\"https:\/\/www.niva-stammtisch.de\/?page_id=65\" class=\"more-link\"><span class=\"screen-reader-text\">\u201eTami on Tour 2017\u201c <\/span>weiterlesen<\/a><\/p>\n","protected":false},"author":1,"featured_media":0,"parent":722,"menu_order":10,"comment_status":"closed","ping_status":"closed","template":"","meta":{"footnotes":""},"class_list":["post-65","page","type-page","status-publish","hentry"],"_links":{"self":[{"href":"https:\/\/www.niva-stammtisch.de\/index.php?rest_route=\/wp\/v2\/pages\/65","targetHints":{"allow":["GET"]}}],"collection":[{"href":"https:\/\/www.niva-stammtisch.de\/index.php?rest_route=\/wp\/v2\/pages"}],"about":[{"href":"https:\/\/www.niva-stammtisch.de\/index.php?rest_route=\/wp\/v2\/types\/page"}],"author":[{"embeddable":true,"href":"https:\/\/www.niva-stammtisch.de\/index.php?rest_route=\/wp\/v2\/users\/1"}],"replies":[{"embeddable":true,"href":"https:\/\/www.niva-stammtisch.de\/index.php?rest_route=%2Fwp%2Fv2%2Fcomments&post=65"}],"version-history":[{"count":21,"href":"https:\/\/www.niva-stammtisch.de\/index.php?rest_route=\/wp\/v2\/pages\/65\/revisions"}],"predecessor-version":[{"id":5641,"href":"https:\/\/www.niva-stammtisch.de\/index.php?rest_route=\/wp\/v2\/pages\/65\/revisions\/5641"}],"up":[{"embeddable":true,"href":"https:\/\/www.niva-stammtisch.de\/index.php?rest_route=\/wp\/v2\/pages\/722"}],"wp:attachment":[{"href":"https:\/\/www.niva-stammtisch.de\/index.php?rest_route=%2Fwp%2Fv2%2Fmedia&parent=65"}],"curies":[{"name":"wp","href":"https:\/\/api.w.org\/{rel}","templated":true}]}}