{"id":574,"date":"2018-12-25T19:43:06","date_gmt":"2018-12-25T18:43:06","guid":{"rendered":"https:\/\/tamas-radelei.de\/?page_id=574"},"modified":"2023-03-11T18:18:29","modified_gmt":"2023-03-11T17:18:29","slug":"14-reisetag-bugacpuszta-ruzsa-56-km","status":"publish","type":"page","link":"https:\/\/www.niva-stammtisch.de\/?page_id=574","title":{"rendered":"14. Reisetag: Bugacpuszta &#8211; Ruzsa (56 km)"},"content":{"rendered":"\n<iframe loading=\"lazy\" src=\"https:\/\/www.komoot.de\/tour\/1031323893\/embed?profile=1\" width=\"100%\" height=\"700\" frameborder=\"0\" scrolling=\"no\"><\/iframe>\n\n\n\n<p>Gegen 7:15 wurde ich bereits wach und entschied mich spontan dazu, doch bei Zeiten abzureisen und die Pferdeschau doch sausen zu lassen. Ist ja nicht so, dass ich sie noch nie gesehen h\u00e4tte, ebenso das Museum. Es dr\u00e4ngte mich dann doch mehr, endlich ans Ziel zu kommen und meinen Opa begr\u00fc\u00dfen zu k\u00f6nnen. Also wieder alles zusammengepackt und 8:15 Uhr ging es wieder an den Start! <\/p>\n\n\n\n<figure class=\"wp-block-gallery has-nested-images columns-2 is-cropped wp-block-gallery-1 is-layout-flex wp-block-gallery-is-layout-flex\">\n<figure class=\"wp-block-image\"><a href=\"https:\/\/www.niva-stammtisch.de\/wp-content\/uploads\/Passau-Ruzsa-2016_944.jpg\" rel=\"lightbox[574]\"><img loading=\"lazy\" decoding=\"async\" width=\"1200\" height=\"795\" data-id=\"4410\" src=\"https:\/\/www.niva-stammtisch.de\/wp-content\/uploads\/Passau-Ruzsa-2016_944-1200x795.jpg\" alt=\"\" class=\"wp-image-4410\" srcset=\"https:\/\/www.niva-stammtisch.de\/wp-content\/uploads\/Passau-Ruzsa-2016_944.jpg 1200w, https:\/\/www.niva-stammtisch.de\/wp-content\/uploads\/Passau-Ruzsa-2016_944-600x398.jpg 600w, https:\/\/www.niva-stammtisch.de\/wp-content\/uploads\/Passau-Ruzsa-2016_944-768x509.jpg 768w\" sizes=\"auto, (max-width: 767px) 89vw, (max-width: 1000px) 54vw, (max-width: 1071px) 543px, 580px\" \/><\/a><figcaption class=\"wp-element-caption\">Ich komme bald wieder&#8230;<\/figcaption><\/figure>\n\n\n\n<figure class=\"wp-block-image\"><a href=\"https:\/\/www.niva-stammtisch.de\/wp-content\/uploads\/Passau-Ruzsa-2016_945.jpg\" rel=\"lightbox[574]\"><img loading=\"lazy\" decoding=\"async\" width=\"1200\" height=\"795\" data-id=\"4411\" src=\"https:\/\/www.niva-stammtisch.de\/wp-content\/uploads\/Passau-Ruzsa-2016_945-1200x795.jpg\" alt=\"\" class=\"wp-image-4411\" srcset=\"https:\/\/www.niva-stammtisch.de\/wp-content\/uploads\/Passau-Ruzsa-2016_945.jpg 1200w, https:\/\/www.niva-stammtisch.de\/wp-content\/uploads\/Passau-Ruzsa-2016_945-600x398.jpg 600w, https:\/\/www.niva-stammtisch.de\/wp-content\/uploads\/Passau-Ruzsa-2016_945-768x509.jpg 768w\" sizes=\"auto, (max-width: 767px) 89vw, (max-width: 1000px) 54vw, (max-width: 1071px) 543px, 580px\" \/><\/a><figcaption class=\"wp-element-caption\">&#8230;und dann aber mit Besuch der Pferdeschau!<\/figcaption><\/figure>\n\n\n\n<figure class=\"wp-block-image\"><a href=\"https:\/\/www.niva-stammtisch.de\/wp-content\/uploads\/Passau-Ruzsa-2016_946.jpg\" rel=\"lightbox[574]\"><img loading=\"lazy\" decoding=\"async\" width=\"1200\" height=\"795\" data-id=\"4412\" src=\"https:\/\/www.niva-stammtisch.de\/wp-content\/uploads\/Passau-Ruzsa-2016_946-1200x795.jpg\" alt=\"\" class=\"wp-image-4412\" srcset=\"https:\/\/www.niva-stammtisch.de\/wp-content\/uploads\/Passau-Ruzsa-2016_946.jpg 1200w, https:\/\/www.niva-stammtisch.de\/wp-content\/uploads\/Passau-Ruzsa-2016_946-600x398.jpg 600w, https:\/\/www.niva-stammtisch.de\/wp-content\/uploads\/Passau-Ruzsa-2016_946-768x509.jpg 768w\" sizes=\"auto, (max-width: 767px) 89vw, (max-width: 1000px) 54vw, (max-width: 1071px) 543px, 580px\" \/><\/a><figcaption class=\"wp-element-caption\">Tja, wohin nun? Nach Ruzsa, was sonst \ud83d\ude09<\/figcaption><\/figure>\n<\/figure>\n\n\n\n<p>An der Hauptstra\u00dfe gab es zun\u00e4chst wieder einen Radweg, den ich soweit auch nutzte. Ab und zu gings wieder auf die Stra\u00dfe. Vom \u00fcbern\u00e4chsten Ort an wechselte ich immer wieder mal vom durchgehenden Radweg auf die Stra\u00dfe, da es immer wieder Abschnitte gab, an denen der Radweg durch die Querfurchen einfach ungem\u00fctlich war und letztlich doch nervte. <br><br>Ab Kiskunmajsa war ich dann wieder auf der Hausstrecke zum sonst angesteuerten Thermalbad, an dem ich ebenfalls vorbei kam. Innerlich steigerte sich die Anspannung, denn ich kam dem Ziel immer n\u00e4her, die 14-t\u00e4gige Tour neigte sich immer mehr dem Ende zu. Bereits am Ortseingang in Ruzsa konnte ich einen Jubelschrei dann doch nicht vermeiden und freute mich ebenso, endlich mit dem Rad in die Hofeinfahrt meines Opas reinrollen zu k\u00f6nnen. <br><br>Zuerst dachte ich schon, dass der Hausherr gar nicht da ist. Aber ein 90-j\u00e4hriger ist nunmal kein D-Zug und da h\u00f6rte ich ihn schon erfreut rufen und die Begr\u00fc\u00dfung war wie immer herzlichst. Und es hat geklappt. Er hat doch tats\u00e4chlich mit dem Kopf gesch\u00fcttelt und gemeint, wie verr\u00fcckt ich denn nur sein kann, solch eine Tour mit dem Radel zu bestreiten. Meine Antwort: \u201eMit dem Auto kann ja jeder!\u201c \ud83d\ude42 Somit war der reine Radelurlaub hiermit beendet und der weitere 14-t\u00e4gige Urlaub beim Opa konnte beginnen \ud83d\ude09<\/p>\n\n\n\n<figure class=\"wp-block-gallery has-nested-images columns-2 is-cropped wp-block-gallery-2 is-layout-flex wp-block-gallery-is-layout-flex\">\n<figure class=\"wp-block-image\"><a href=\"https:\/\/www.niva-stammtisch.de\/wp-content\/uploads\/Passau-Ruzsa-2016_949.jpg\" rel=\"lightbox[574]\"><img loading=\"lazy\" decoding=\"async\" width=\"1200\" height=\"795\" data-id=\"4415\" src=\"https:\/\/www.niva-stammtisch.de\/wp-content\/uploads\/Passau-Ruzsa-2016_949-1200x795.jpg\" alt=\"\" class=\"wp-image-4415\" srcset=\"https:\/\/www.niva-stammtisch.de\/wp-content\/uploads\/Passau-Ruzsa-2016_949.jpg 1200w, https:\/\/www.niva-stammtisch.de\/wp-content\/uploads\/Passau-Ruzsa-2016_949-600x398.jpg 600w, https:\/\/www.niva-stammtisch.de\/wp-content\/uploads\/Passau-Ruzsa-2016_949-768x509.jpg 768w\" sizes=\"auto, (max-width: 767px) 89vw, (max-width: 1000px) 54vw, (max-width: 1071px) 543px, 580px\" \/><\/a><figcaption class=\"wp-element-caption\">Eine von vielen so gebauten Haltestellenh\u00e4uschen.<\/figcaption><\/figure>\n\n\n\n<figure class=\"wp-block-image\"><a href=\"https:\/\/www.niva-stammtisch.de\/wp-content\/uploads\/Passau-Ruzsa-2016_950.jpg\" rel=\"lightbox[574]\"><img loading=\"lazy\" decoding=\"async\" width=\"1200\" height=\"795\" data-id=\"4416\" src=\"https:\/\/www.niva-stammtisch.de\/wp-content\/uploads\/Passau-Ruzsa-2016_950-1200x795.jpg\" alt=\"\" class=\"wp-image-4416\" srcset=\"https:\/\/www.niva-stammtisch.de\/wp-content\/uploads\/Passau-Ruzsa-2016_950.jpg 1200w, https:\/\/www.niva-stammtisch.de\/wp-content\/uploads\/Passau-Ruzsa-2016_950-600x398.jpg 600w, https:\/\/www.niva-stammtisch.de\/wp-content\/uploads\/Passau-Ruzsa-2016_950-768x509.jpg 768w\" sizes=\"auto, (max-width: 767px) 89vw, (max-width: 1000px) 54vw, (max-width: 1071px) 543px, 580px\" \/><\/a><figcaption class=\"wp-element-caption\">Endlich angekommen beim Opa!<\/figcaption><\/figure>\n\n\n\n<figure class=\"wp-block-image\"><a href=\"https:\/\/www.niva-stammtisch.de\/wp-content\/uploads\/Passau-Ruzsa-2016_952.jpg\" rel=\"lightbox[574]\"><img loading=\"lazy\" decoding=\"async\" width=\"1200\" height=\"795\" data-id=\"4417\" src=\"https:\/\/www.niva-stammtisch.de\/wp-content\/uploads\/Passau-Ruzsa-2016_952-1200x795.jpg\" alt=\"\" class=\"wp-image-4417\" srcset=\"https:\/\/www.niva-stammtisch.de\/wp-content\/uploads\/Passau-Ruzsa-2016_952.jpg 1200w, https:\/\/www.niva-stammtisch.de\/wp-content\/uploads\/Passau-Ruzsa-2016_952-600x398.jpg 600w, https:\/\/www.niva-stammtisch.de\/wp-content\/uploads\/Passau-Ruzsa-2016_952-768x509.jpg 768w\" sizes=\"auto, (max-width: 767px) 89vw, (max-width: 1000px) 54vw, (max-width: 1071px) 543px, 580px\" \/><\/a><figcaption class=\"wp-element-caption\">Mission &#8222;Radeln nach Ungarn&#8220; ist erfolgreich ausgef\u00fchrt \ud83d\ude09<\/figcaption><\/figure>\n<\/figure>\n\n\n\n<p>Aber auch in der Zeit wurde bei alleinigen Ausfahrten und verwandtschaftlichen Treffen das Fahrrad\ngenutzt und auch hier kamen nochmal in Summe 550 km auf den Radeltacho. Aber das ist wieder eine\nandere Geschichte!\n<\/p>\n\n\n\n<hr class=\"wp-block-separator has-css-opacity\"\/>\n\n\n\n<p><a href=\"https:\/\/niva-stammtisch.de\/?page_id=538\">Einleitung<\/a> | <a href=\"https:\/\/niva-stammtisch.de\/?page_id=540\">1. Tag<\/a> | <a href=\"https:\/\/niva-stammtisch.de\/?page_id=547\">2. Tag<\/a> | <a href=\"https:\/\/niva-stammtisch.de\/?page_id=551\">3. Tag<\/a> | <a href=\"https:\/\/niva-stammtisch.de\/?page_id=553\">4. Tag<\/a> | <a href=\"https:\/\/niva-stammtisch.de\/?page_id=555\">5. Tag<\/a> | <a href=\"https:\/\/niva-stammtisch.de\/?page_id=557\">6. Tag<\/a> | <a href=\"https:\/\/niva-stammtisch.de\/?page_id=559\">7. Tag<\/a> | <a href=\"https:\/\/niva-stammtisch.de\/?page_id=561\">8. Tag<\/a> | <a href=\"https:\/\/niva-stammtisch.de\/?page_id=563\">9. Tag<\/a> | <a href=\"https:\/\/niva-stammtisch.de\/?page_id=565\">10. Tag<\/a> | <a href=\"https:\/\/niva-stammtisch.de\/?page_id=567\">11. Tag<\/a> | <a href=\"https:\/\/niva-stammtisch.de\/?page_id=570\">12. Tag<\/a> | <a href=\"https:\/\/niva-stammtisch.de\/?page_id=572\">13. Tag<\/a> | <strong><em>14. Tag<\/em><\/strong> | Zur Bildergalerie<\/p>\n","protected":false},"excerpt":{"rendered":"<p>Gegen 7:15 wurde ich bereits wach und entschied mich spontan dazu, doch bei Zeiten abzureisen und die Pferdeschau doch sausen zu lassen. Ist ja nicht so, dass ich sie noch nie gesehen h\u00e4tte, ebenso das Museum. Es dr\u00e4ngte mich dann doch mehr, endlich ans Ziel zu kommen und meinen Opa begr\u00fc\u00dfen zu k\u00f6nnen. Also wieder &hellip; <\/p>\n<p class=\"link-more\"><a href=\"https:\/\/www.niva-stammtisch.de\/?page_id=574\" class=\"more-link\"><span class=\"screen-reader-text\">\u201e14. Reisetag: Bugacpuszta &#8211; Ruzsa (56 km)\u201c <\/span>weiterlesen<\/a><\/p>\n","protected":false},"author":1,"featured_media":0,"parent":538,"menu_order":0,"comment_status":"closed","ping_status":"closed","template":"","meta":{"footnotes":""},"class_list":["post-574","page","type-page","status-publish","hentry"],"_links":{"self":[{"href":"https:\/\/www.niva-stammtisch.de\/index.php?rest_route=\/wp\/v2\/pages\/574","targetHints":{"allow":["GET"]}}],"collection":[{"href":"https:\/\/www.niva-stammtisch.de\/index.php?rest_route=\/wp\/v2\/pages"}],"about":[{"href":"https:\/\/www.niva-stammtisch.de\/index.php?rest_route=\/wp\/v2\/types\/page"}],"author":[{"embeddable":true,"href":"https:\/\/www.niva-stammtisch.de\/index.php?rest_route=\/wp\/v2\/users\/1"}],"replies":[{"embeddable":true,"href":"https:\/\/www.niva-stammtisch.de\/index.php?rest_route=%2Fwp%2Fv2%2Fcomments&post=574"}],"version-history":[{"count":15,"href":"https:\/\/www.niva-stammtisch.de\/index.php?rest_route=\/wp\/v2\/pages\/574\/revisions"}],"predecessor-version":[{"id":5801,"href":"https:\/\/www.niva-stammtisch.de\/index.php?rest_route=\/wp\/v2\/pages\/574\/revisions\/5801"}],"up":[{"embeddable":true,"href":"https:\/\/www.niva-stammtisch.de\/index.php?rest_route=\/wp\/v2\/pages\/538"}],"wp:attachment":[{"href":"https:\/\/www.niva-stammtisch.de\/index.php?rest_route=%2Fwp%2Fv2%2Fmedia&parent=574"}],"curies":[{"name":"wp","href":"https:\/\/api.w.org\/{rel}","templated":true}]}}