{"id":572,"date":"2018-12-25T19:35:40","date_gmt":"2018-12-25T18:35:40","guid":{"rendered":"https:\/\/tamas-radelei.de\/?page_id=572"},"modified":"2023-03-11T17:54:09","modified_gmt":"2023-03-11T16:54:09","slug":"13-reisetag-dunafoeldvar-bugacpuszta-75-km","status":"publish","type":"page","link":"https:\/\/www.niva-stammtisch.de\/?page_id=572","title":{"rendered":"13. Reisetag: Dunaf\u00f6ldv\u00e1r &#8211; Bugacpuszta (75 km)"},"content":{"rendered":"\n<iframe loading=\"lazy\" src=\"https:\/\/www.komoot.de\/tour\/1031322758\/embed?profile=1\" width=\"100%\" height=\"700\" frameborder=\"0\" scrolling=\"no\"><\/iframe>\n\n\n\n<p>Am n\u00e4chsten Morgen ging es eher gem\u00fctlich an den Start. Ich wusste ja, dass es diesmal wieder weniger km sind als am Vortag und somit keine Eile bestand. Das Zelt wurde auch wieder etwas in der Sonne zun\u00e4chst getrocknet. Das andere Radlerp\u00e4rchen hatte auch zu tun, sein Gep\u00e4ck wieder auf die R\u00e4der zu bekommen und startete ebenfalls kurz vor mir. <br>Da die Rezeption gleich durch drei Damen besetzt war, kam ich dann doch nicht herum, meine Campinggeb\u00fchren zu bezahlen und hatte somit noch einen lustigen Plausch gehabt. Auch sie best\u00e4tigten den Eindruck, dass es eben nach dem Feiertag schlagartig vorbei ist mit der Hauptsaison. Nun hie\u00df es zudem, ein vorerst letztes Mal die Donau zu \u00fcberqueren und diese nun doch zu verlassen. Also wieder \u00fcber die altbekannte Br\u00fccke und im n\u00e4chsten Ort flitzte ich in die Kaufhalle und besorgte mir ein paar Getr\u00e4nke, um meine Vorr\u00e4te aufzuf\u00fcllen. Bananen hatte ich ja noch. <br>Leider nutzte ich die Bundesstra\u00dfe 52 zwischen Solt und Kecskem\u00e9t und durfte somit den regen LKW- Verkehr samt Abgasen gute 20 km lang \u201egenie\u00dfen\u201c. Als Entsch\u00e4digung empfing mich links und rechts der Stra\u00dfe der Anblick der Weite des Kiskuns\u00e1g Nationalparkes. In Kisizs\u00e1k kam es endlich zum Abbiegen auf eine ruhigere Stra\u00dfe! Es ging weiter \u00fcber kleinere Ortschaften und Landstra\u00dfen. Ein Golffahrer nervte mit seinen schnellen Fahrten hin und her. Das eine Mal hatte er mich insofern erwischt, dass ein heraufgeschleuderter Stein zuerst meine Fahrradflasche und dann meinen Unterschenkel traf. Das sogar ein bisschen weh und lie\u00df mich kurz aufschrecken \ud83d\ude42 <\/p>\n\n\n\n<figure class=\"wp-block-gallery has-nested-images columns-2 is-cropped wp-block-gallery-1 is-layout-flex wp-block-gallery-is-layout-flex\">\n<figure class=\"wp-block-image\"><a href=\"https:\/\/www.niva-stammtisch.de\/wp-content\/uploads\/Passau-Ruzsa-2016_932.jpg\" rel=\"lightbox[572]\"><img loading=\"lazy\" decoding=\"async\" width=\"1200\" height=\"795\" data-id=\"4398\" src=\"https:\/\/www.niva-stammtisch.de\/wp-content\/uploads\/Passau-Ruzsa-2016_932-1200x795.jpg\" alt=\"\" class=\"wp-image-4398\" srcset=\"https:\/\/www.niva-stammtisch.de\/wp-content\/uploads\/Passau-Ruzsa-2016_932.jpg 1200w, https:\/\/www.niva-stammtisch.de\/wp-content\/uploads\/Passau-Ruzsa-2016_932-600x398.jpg 600w, https:\/\/www.niva-stammtisch.de\/wp-content\/uploads\/Passau-Ruzsa-2016_932-768x509.jpg 768w\" sizes=\"auto, (max-width: 767px) 89vw, (max-width: 1000px) 54vw, (max-width: 1071px) 543px, 580px\" \/><\/a><figcaption class=\"wp-element-caption\">Da ist er, der&#8230;<\/figcaption><\/figure>\n\n\n\n<figure class=\"wp-block-image\"><a href=\"https:\/\/www.niva-stammtisch.de\/wp-content\/uploads\/Passau-Ruzsa-2016_933.jpg\" rel=\"lightbox[572]\"><img loading=\"lazy\" decoding=\"async\" width=\"1200\" height=\"795\" data-id=\"4399\" src=\"https:\/\/www.niva-stammtisch.de\/wp-content\/uploads\/Passau-Ruzsa-2016_933-1200x795.jpg\" alt=\"\" class=\"wp-image-4399\" srcset=\"https:\/\/www.niva-stammtisch.de\/wp-content\/uploads\/Passau-Ruzsa-2016_933.jpg 1200w, https:\/\/www.niva-stammtisch.de\/wp-content\/uploads\/Passau-Ruzsa-2016_933-600x398.jpg 600w, https:\/\/www.niva-stammtisch.de\/wp-content\/uploads\/Passau-Ruzsa-2016_933-768x509.jpg 768w\" sizes=\"auto, (max-width: 767px) 89vw, (max-width: 1000px) 54vw, (max-width: 1071px) 543px, 580px\" \/><\/a><figcaption class=\"wp-element-caption\">&#8230;Kiskuns\u00e1g Nationalpark.<\/figcaption><\/figure>\n\n\n\n<figure class=\"wp-block-image\"><a href=\"https:\/\/www.niva-stammtisch.de\/wp-content\/uploads\/Passau-Ruzsa-2016_936.jpg\" rel=\"lightbox[572]\"><img loading=\"lazy\" decoding=\"async\" width=\"1200\" height=\"795\" data-id=\"4402\" src=\"https:\/\/www.niva-stammtisch.de\/wp-content\/uploads\/Passau-Ruzsa-2016_936-1200x795.jpg\" alt=\"\" class=\"wp-image-4402\" srcset=\"https:\/\/www.niva-stammtisch.de\/wp-content\/uploads\/Passau-Ruzsa-2016_936.jpg 1200w, https:\/\/www.niva-stammtisch.de\/wp-content\/uploads\/Passau-Ruzsa-2016_936-600x398.jpg 600w, https:\/\/www.niva-stammtisch.de\/wp-content\/uploads\/Passau-Ruzsa-2016_936-768x509.jpg 768w\" sizes=\"auto, (max-width: 767px) 89vw, (max-width: 1000px) 54vw, (max-width: 1071px) 543px, 580px\" \/><\/a><figcaption class=\"wp-element-caption\">Aber keine Herden in Sich \ud83d\ude41<\/figcaption><\/figure>\n<\/figure>\n\n\n\n<p>Endlich gelang ich zum Abzweig in die Bugacpuszta, wo ich die Pferdehirtenschau sowie Hirtenmuseum besichtigen und danach hinter der Tscharda mich auf dem Campingplatz mein Nachtlager aufstellen wollte. Zu meiner Entt\u00e4uschung wurde mangels Kundschaft die 18:00 Vorstellung leider abgesagt und nur hinter zum Museum h\u00e4tte sich nicht gelohnt. OK, dachte ich mir, geht\u2019s halt am Freitag zur 12:00 Vorstellung und ins Museum. <br><\/p>\n\n\n\n<figure class=\"wp-block-gallery has-nested-images columns-2 is-cropped wp-block-gallery-2 is-layout-flex wp-block-gallery-is-layout-flex\">\n<figure class=\"wp-block-image\"><a href=\"https:\/\/www.niva-stammtisch.de\/wp-content\/uploads\/Passau-Ruzsa-2016_937.jpg\" rel=\"lightbox[572]\"><img loading=\"lazy\" decoding=\"async\" width=\"1200\" height=\"795\" data-id=\"4403\" src=\"https:\/\/www.niva-stammtisch.de\/wp-content\/uploads\/Passau-Ruzsa-2016_937-1200x795.jpg\" alt=\"\" class=\"wp-image-4403\" srcset=\"https:\/\/www.niva-stammtisch.de\/wp-content\/uploads\/Passau-Ruzsa-2016_937.jpg 1200w, https:\/\/www.niva-stammtisch.de\/wp-content\/uploads\/Passau-Ruzsa-2016_937-600x398.jpg 600w, https:\/\/www.niva-stammtisch.de\/wp-content\/uploads\/Passau-Ruzsa-2016_937-768x509.jpg 768w\" sizes=\"auto, (max-width: 767px) 89vw, (max-width: 1000px) 54vw, (max-width: 1071px) 543px, 580px\" \/><\/a><figcaption class=\"wp-element-caption\">Nicht nur&#8230;<\/figcaption><\/figure>\n\n\n\n<figure class=\"wp-block-image\"><a href=\"https:\/\/www.niva-stammtisch.de\/wp-content\/uploads\/Passau-Ruzsa-2016_938.jpg\" rel=\"lightbox[572]\"><img loading=\"lazy\" decoding=\"async\" width=\"1200\" height=\"795\" data-id=\"4404\" src=\"https:\/\/www.niva-stammtisch.de\/wp-content\/uploads\/Passau-Ruzsa-2016_938-1200x795.jpg\" alt=\"\" class=\"wp-image-4404\" srcset=\"https:\/\/www.niva-stammtisch.de\/wp-content\/uploads\/Passau-Ruzsa-2016_938.jpg 1200w, https:\/\/www.niva-stammtisch.de\/wp-content\/uploads\/Passau-Ruzsa-2016_938-600x398.jpg 600w, https:\/\/www.niva-stammtisch.de\/wp-content\/uploads\/Passau-Ruzsa-2016_938-768x509.jpg 768w\" sizes=\"auto, (max-width: 767px) 89vw, (max-width: 1000px) 54vw, (max-width: 1071px) 543px, 580px\" \/><\/a><figcaption class=\"wp-element-caption\">&#8230;in der Puszta&#8230;<\/figcaption><\/figure>\n\n\n\n<figure class=\"wp-block-image\"><a href=\"https:\/\/www.niva-stammtisch.de\/wp-content\/uploads\/Passau-Ruzsa-2016_939.jpg\" rel=\"lightbox[572]\"><img loading=\"lazy\" decoding=\"async\" width=\"1200\" height=\"795\" data-id=\"4405\" src=\"https:\/\/www.niva-stammtisch.de\/wp-content\/uploads\/Passau-Ruzsa-2016_939-1200x795.jpg\" alt=\"\" class=\"wp-image-4405\" srcset=\"https:\/\/www.niva-stammtisch.de\/wp-content\/uploads\/Passau-Ruzsa-2016_939.jpg 1200w, https:\/\/www.niva-stammtisch.de\/wp-content\/uploads\/Passau-Ruzsa-2016_939-600x398.jpg 600w, https:\/\/www.niva-stammtisch.de\/wp-content\/uploads\/Passau-Ruzsa-2016_939-768x509.jpg 768w\" sizes=\"auto, (max-width: 767px) 89vw, (max-width: 1000px) 54vw, (max-width: 1071px) 543px, 580px\" \/><\/a><figcaption class=\"wp-element-caption\">&#8230;ist wenig los&#8230;<\/figcaption><\/figure>\n\n\n\n<figure class=\"wp-block-image\"><a href=\"https:\/\/www.niva-stammtisch.de\/wp-content\/uploads\/Passau-Ruzsa-2016_940.jpg\" rel=\"lightbox[572]\"><img loading=\"lazy\" decoding=\"async\" width=\"1200\" height=\"795\" data-id=\"4406\" src=\"https:\/\/www.niva-stammtisch.de\/wp-content\/uploads\/Passau-Ruzsa-2016_940-1200x795.jpg\" alt=\"\" class=\"wp-image-4406\" srcset=\"https:\/\/www.niva-stammtisch.de\/wp-content\/uploads\/Passau-Ruzsa-2016_940.jpg 1200w, https:\/\/www.niva-stammtisch.de\/wp-content\/uploads\/Passau-Ruzsa-2016_940-600x398.jpg 600w, https:\/\/www.niva-stammtisch.de\/wp-content\/uploads\/Passau-Ruzsa-2016_940-768x509.jpg 768w\" sizes=\"auto, (max-width: 767px) 89vw, (max-width: 1000px) 54vw, (max-width: 1071px) 543px, 580px\" \/><\/a><figcaption class=\"wp-element-caption\">&#8230;sondern auch auf dem Campingplatz \ud83d\ude42<\/figcaption><\/figure>\n\n\n\n<figure class=\"wp-block-image\"><a href=\"https:\/\/www.niva-stammtisch.de\/wp-content\/uploads\/Passau-Ruzsa-2016_941.jpg\" rel=\"lightbox[572]\"><img loading=\"lazy\" decoding=\"async\" width=\"1200\" height=\"795\" data-id=\"4407\" src=\"https:\/\/www.niva-stammtisch.de\/wp-content\/uploads\/Passau-Ruzsa-2016_941-1200x795.jpg\" alt=\"\" class=\"wp-image-4407\" srcset=\"https:\/\/www.niva-stammtisch.de\/wp-content\/uploads\/Passau-Ruzsa-2016_941.jpg 1200w, https:\/\/www.niva-stammtisch.de\/wp-content\/uploads\/Passau-Ruzsa-2016_941-600x398.jpg 600w, https:\/\/www.niva-stammtisch.de\/wp-content\/uploads\/Passau-Ruzsa-2016_941-768x509.jpg 768w\" sizes=\"auto, (max-width: 767px) 89vw, (max-width: 1000px) 54vw, (max-width: 1071px) 543px, 580px\" \/><\/a><figcaption class=\"wp-element-caption\">Diesmal bin ich ganz allein&#8230;<\/figcaption><\/figure>\n\n\n\n<figure class=\"wp-block-image\"><a href=\"https:\/\/www.niva-stammtisch.de\/wp-content\/uploads\/Passau-Ruzsa-2016_942.jpg\" rel=\"lightbox[572]\"><img loading=\"lazy\" decoding=\"async\" width=\"1200\" height=\"795\" data-id=\"4408\" src=\"https:\/\/www.niva-stammtisch.de\/wp-content\/uploads\/Passau-Ruzsa-2016_942-1200x795.jpg\" alt=\"\" class=\"wp-image-4408\" srcset=\"https:\/\/www.niva-stammtisch.de\/wp-content\/uploads\/Passau-Ruzsa-2016_942.jpg 1200w, https:\/\/www.niva-stammtisch.de\/wp-content\/uploads\/Passau-Ruzsa-2016_942-600x398.jpg 600w, https:\/\/www.niva-stammtisch.de\/wp-content\/uploads\/Passau-Ruzsa-2016_942-768x509.jpg 768w\" sizes=\"auto, (max-width: 767px) 89vw, (max-width: 1000px) 54vw, (max-width: 1071px) 543px, 580px\" \/><\/a><figcaption class=\"wp-element-caption\">&#8230;auf der Campingfl\u00e4che zu Gast \ud83d\ude09<\/figcaption><\/figure>\n<\/figure>\n\n\n\n<p>Also ging es doch schon auf die kleine Campingplatzfl\u00e4che, auf der ich sogar und ganz ehrlich der einzige Camper war und geblieben bin. Mh, da hatte man vor lauter freier Fl\u00e4che regelrecht die Qual der Wahl \ud83d\ude42 Die Entscheidung fiel schnell und nach dem Aufbau des Zeltes ging es gleich unter die Dusche. Und logisch, die Radelklamotten gingen wieder in die W\u00e4sche. Aber diesmal schienen die LKW-Abgase und sonstiges Aufgewirbeltes auf diesem genannten Stra\u00dfenabschnitt wirklich sich ausreichend abgelagert zu haben. So grau war das Waschwasser die anderen Tage nie gewesen! <br>Frisch geduscht und mit voller Zuversicht auf das Erreichen des Ziels am n\u00e4chsten Tage, g\u00f6nnte ich mir \u2013 wenn schon die Pferdeschau zu war \u2013 dann in der Tscharda eine Hirtenplatte und ein gro\u00dfes Eis. Da sich vier junge Leipziger ebenfalls einfanden, kam ich noch ins Plaudern. Dennoch lag ich auch an diesem Abend bereits nach 20:00 Uhr im Schlafsack \ud83d\ude42 <\/p>\n\n\n\n<hr class=\"wp-block-separator has-css-opacity\"\/>\n\n\n\n<p><a href=\"https:\/\/niva-stammtisch.de\/?page_id=538\">Einleitung<\/a> | <a href=\"https:\/\/niva-stammtisch.de\/?page_id=540\">1. Tag<\/a> | <a href=\"https:\/\/niva-stammtisch.de\/?page_id=547\">2. Tag<\/a> | <a href=\"https:\/\/niva-stammtisch.de\/?page_id=551\">3. Tag<\/a> | <a href=\"https:\/\/niva-stammtisch.de\/?page_id=553\">4. Tag<\/a> | <a href=\"https:\/\/niva-stammtisch.de\/?page_id=555\">5. Tag<\/a> | <a href=\"https:\/\/niva-stammtisch.de\/?page_id=557\">6. Tag<\/a> | <a href=\"https:\/\/niva-stammtisch.de\/?page_id=559\">7. Tag<\/a> | <a href=\"https:\/\/niva-stammtisch.de\/?page_id=561\">8. Tag<\/a> | <a href=\"https:\/\/niva-stammtisch.de\/?page_id=563\">9. Tag<\/a> | <a href=\"https:\/\/niva-stammtisch.de\/?page_id=565\">10. Tag<\/a> | <a href=\"https:\/\/niva-stammtisch.de\/?page_id=567\">11. Tag<\/a> | <a href=\"https:\/\/niva-stammtisch.de\/?page_id=570\">12. Tag<\/a> | <strong><em>13. Tag<\/em><\/strong> | <a href=\"https:\/\/niva-stammtisch.de\/?page_id=574\">14. Tag<\/a> | Zur Bildergalerie<\/p>\n","protected":false},"excerpt":{"rendered":"<p>Am n\u00e4chsten Morgen ging es eher gem\u00fctlich an den Start. Ich wusste ja, dass es diesmal wieder weniger km sind als am Vortag und somit keine Eile bestand. Das Zelt wurde auch wieder etwas in der Sonne zun\u00e4chst getrocknet. Das andere Radlerp\u00e4rchen hatte auch zu tun, sein Gep\u00e4ck wieder auf die R\u00e4der zu bekommen und &hellip; <\/p>\n<p class=\"link-more\"><a href=\"https:\/\/www.niva-stammtisch.de\/?page_id=572\" class=\"more-link\"><span class=\"screen-reader-text\">\u201e13. Reisetag: Dunaf\u00f6ldv\u00e1r &#8211; Bugacpuszta (75 km)\u201c <\/span>weiterlesen<\/a><\/p>\n","protected":false},"author":1,"featured_media":0,"parent":538,"menu_order":0,"comment_status":"closed","ping_status":"closed","template":"","meta":{"footnotes":""},"class_list":["post-572","page","type-page","status-publish","hentry"],"_links":{"self":[{"href":"https:\/\/www.niva-stammtisch.de\/index.php?rest_route=\/wp\/v2\/pages\/572","targetHints":{"allow":["GET"]}}],"collection":[{"href":"https:\/\/www.niva-stammtisch.de\/index.php?rest_route=\/wp\/v2\/pages"}],"about":[{"href":"https:\/\/www.niva-stammtisch.de\/index.php?rest_route=\/wp\/v2\/types\/page"}],"author":[{"embeddable":true,"href":"https:\/\/www.niva-stammtisch.de\/index.php?rest_route=\/wp\/v2\/users\/1"}],"replies":[{"embeddable":true,"href":"https:\/\/www.niva-stammtisch.de\/index.php?rest_route=%2Fwp%2Fv2%2Fcomments&post=572"}],"version-history":[{"count":19,"href":"https:\/\/www.niva-stammtisch.de\/index.php?rest_route=\/wp\/v2\/pages\/572\/revisions"}],"predecessor-version":[{"id":5800,"href":"https:\/\/www.niva-stammtisch.de\/index.php?rest_route=\/wp\/v2\/pages\/572\/revisions\/5800"}],"up":[{"embeddable":true,"href":"https:\/\/www.niva-stammtisch.de\/index.php?rest_route=\/wp\/v2\/pages\/538"}],"wp:attachment":[{"href":"https:\/\/www.niva-stammtisch.de\/index.php?rest_route=%2Fwp%2Fv2%2Fmedia&parent=572"}],"curies":[{"name":"wp","href":"https:\/\/api.w.org\/{rel}","templated":true}]}}