{"id":5663,"date":"2023-02-08T23:07:25","date_gmt":"2023-02-08T22:07:25","guid":{"rendered":"https:\/\/www.niva-stammtisch.de\/?page_id=5663"},"modified":"2023-03-16T23:33:00","modified_gmt":"2023-03-16T22:33:00","slug":"lnt-tour-2022-tag-03","status":"publish","type":"page","link":"https:\/\/www.niva-stammtisch.de\/?page_id=5663","title":{"rendered":"LNT-Tour 2022 &#8211; Tag 03"},"content":{"rendered":"\n<p><a href=\"https:\/\/www.niva-stammtisch.de\/?page_id=5567\" data-type=\"page\" data-id=\"5567\">Einleitung <\/a>| <a href=\"https:\/\/www.niva-stammtisch.de\/?page_id=5657\" data-type=\"page\" data-id=\"5657\">Tag 01<\/a> | <a href=\"https:\/\/www.niva-stammtisch.de\/?page_id=5659\" data-type=\"page\" data-id=\"5659\">Tag 02<\/a> | <strong><em>Tag 03<\/em><\/strong> | <a href=\"https:\/\/www.niva-stammtisch.de\/?page_id=5665\" data-type=\"page\" data-id=\"5665\">Tag 04<\/a> | <a href=\"https:\/\/www.niva-stammtisch.de\/?page_id=5667\" data-type=\"page\" data-id=\"5667\">Tag 05<\/a> | <a href=\"https:\/\/www.niva-stammtisch.de\/?page_id=5669\" data-type=\"page\" data-id=\"5669\">Tag 06<\/a> | <a href=\"https:\/\/www.niva-stammtisch.de\/?page_id=5671\" data-type=\"page\" data-id=\"5671\">Tag 07-08<\/a> | <a href=\"https:\/\/www.niva-stammtisch.de\/?page_id=5673\" data-type=\"page\" data-id=\"5673\">Tag 09<\/a> | <a href=\"https:\/\/www.niva-stammtisch.de\/?page_id=5675\" data-type=\"page\" data-id=\"5675\">Tag 10<\/a> | <a href=\"https:\/\/www.niva-stammtisch.de\/?page_id=5677\" data-type=\"page\" data-id=\"5677\">Tag 11<\/a> | <a href=\"https:\/\/www.niva-stammtisch.de\/?page_id=5679\" data-type=\"page\" data-id=\"5679\">Tag 12<\/a> | <a href=\"https:\/\/www.niva-stammtisch.de\/?page_id=5681\" data-type=\"page\" data-id=\"5681\">Tag 13<\/a><\/p>\n\n\n\n<iframe loading=\"lazy\" src=\"https:\/\/www.komoot.de\/tour\/1050721557\/embed?profile=1\" scrolling=\"no\" width=\"100%\" height=\"700\" frameborder=\"0\"><\/iframe>\n\n\n\n<p>Es ist mal wieder wieder 8:00 Uhr &#8211; also neuer Tag, neues Gl\u00fcck \ud83d\ude09 Das hei\u00dft zun\u00e4chst erstmal wieder, sich frisch zu machen und routiniert das Nachtlager zu r\u00e4umen und alles wieder einzupacken. Meine Nachbarin war da schon schneller und machte sich dann sehr zeitnah wieder auf den Weg. Irgendwie war auch der andere Radler schneller als ich mit Packen und verlie\u00df auch vor mir das Gel\u00e4nde &#8211; mh, und da bin ich doch schon vor 9:00 startklar gewesen &#8211; immerhin ein neuer Start-Rekord f\u00fcr mich auf dieser Tour &#8211; yeah \ud83d\ude42<\/p>\n\n\n\n<p>An diesem Tag sollte ich die Elbe bzw. den Elbradweg verlassen und wechselte beim &#8222;Elbpavillon&#8220; auf die parallel verlaufenden  Routen R1 \/ EV2 \/ D11 (bis Bernburg (Saale)  \/ D3, denen ich bis kurz hinter Sta\u00dffurt folgen sollte &#8211; so der Plan. Auch an diesem Tag sollten es es wieder gute 100 km werden. Zum Gl\u00fcck war es noch etwas frisch drau\u00dfen und es war somit angenehmer zum Radeln. Ich war gespannt, ob es sich \u00fcber den Tag dann trotzdem wieder so arg erw\u00e4rmen sollte wie die letzten beiden Tage mit jeweils guten 35 Grad und mehr je nach Sonnenstand. <\/p>\n\n\n\n<p>Aber zur\u00fcck zur Strecke! Zun\u00e4chst ging es vom &#8222;Elbpavillon&#8220;  an den Paranlagen Beckerbruch und Georgium vorbei und der n\u00e4chste Stopp war beim Technikmuseum &#8222;Hugo Junkers&#8220;, wo ich zumindest drau\u00dfen einige Flugzeuge bestaunen konnte. Das Museum selbst war ja noch nicht ge\u00f6ffnet. Schnell paar Schnappsch\u00fcsse gemacht, ging es dann auch schon weiter \u00fcber die K\u00fchnauer Stra\u00dfe \/ Hauptstra\u00dfe raus aus Dessau-Ro\u00dflau und dann mal unmittelbar nach links in Richtung K\u00fchnauer Heide. Ah, endlich raus aus dem Stadtget\u00fcmmel, auch wenn noch nicht zu viele Leute unterwegs waren. Aber auf den Touren entwickelt man selbst als geb\u00fcrtiger St\u00e4dter dann doch so einen Drang, seine Ruhe haben zu wollen \ud83d\ude42 Und da sieht man doch gleich mal einen Herdenschutzhund in Aktion &#8211; naja der bellt mich aus der Ferne voll, kein Grund zur Sorge. Und auch einen Storch durfte ich wieder bewundern. <\/p>\n\n\n\n<p>Aus der ersten gr\u00fcnen Oase wieder raus, ging es leider wieder auf die Stra\u00dfe und es wurde auf einmal doch (gegen-)windig. Da ich noch nix gefr\u00fchst\u00fcckt hatte, brauchte ich dann doch mal etwas Energie-Nachschub. In Reppichau hat man sich besondere M\u00fche gegeben. Die Dorfgestaltung im mittelalterlichen Stil ist wirklich gelungen. Sowas habe ich noch nirgends gesehen. Weiter ging es \u00fcber mehrerere kleine Ortschaften und immer entlang der Stra\u00dfe nach K\u00f6then. Auf dem dortigen Kampfplatz herrschte dann erstmal GPS-Verwirrung und ich drehte mich dann gef\u00fchlt ein wenig im Kreise. Neben nutzte ich die Verwirrung und auch wegen des Kopfsteinpflasters als Situation, mal die F\u00fc\u00dfe zu vertreten und das Gespann etwas zu schieben. Als ich wieder auf Kurs war, gings dann um den Fasaneriepark herum und tats\u00e4chlich auch hier wieder gef\u00fchlt schnell wieder raus aus der Stadt. Es ging dann \u00fcber kleine Stra\u00dfen und (hier und da) holprigen Wegen und durch kleine Ortschaften wie Frenz, wo man dann auch wieder eine Hinweistafel zum R1-Radweg findet. Kurz vor Bernburg gab es auch ein sch\u00f6nes, aber kurzes St\u00fcck entlang der Fuhne. Von Bernburg (Saale) hatte ich gar nicht viel gesehen, da war das SCHWENK Zementwerk Bernburg eher un\u00fcbersehbar, da die Route ziemlich um Nienburg (Saale) herum f\u00fchrte. <\/p>\n\n\n\n<p>In Nienburg ging es \u00fcber einen sch\u00f6nen Gr\u00fcnstreifen mit Asphalt rein, aber innerorts begr\u00fc\u00dfte mich immer wieder mal das Kopfsteinpflaster und eine Anh\u00f6he, so dass ich hier und da besser das Fahrrad schob und ich dasdurch auch einen Blick auf den Wasserturm werfen konnte. Aus Nienburg heraus ging es dann wieder \u00fcber einen gut ausgebauten Plattenweg neben der Bode nach Neugattersleben. Dort ging es am gleichnamigen Schloss vorbei sowie durch den Schlosspark hindurch. Nach dem Bode Viadukt Neugattersleben kam ein scheinbar nagelneu apshaltiertes St\u00fcck bis zum Schloss Hohenerxleben. Da hatte man sich auf leichtes Gef\u00e4lle und super Asphalt gefreut, aber der Anstieg kurz vorm n\u00e4chsten Schloss war dann doch sehr knackig. Ein kurzes Verschnaufen und weiter gings wieder \u00fcber die Bode und dann wieder einen guten Plattenweg in Richtung Sta\u00dffurt. Ich fand es schade, dass dann ein Quadfahrer unbedingt \u00fcber die Uferwiesen rasen musste. Denn dies war auch landschaftlich sehr sch\u00f6n anzusehen. <\/p>\n\n\n\n<p>Langsam merkte ich jedoch, wie die Kr\u00e4ften doch schwinden und es sich immer schwerer strampelt. Aber das Ziel war nicht mehr weit. Durch Sta\u00dffurt ging es ziemlich schnell, auch wieder an der Bode entlang bis G\u00e4nsefurth. Danach ging es weg von den gro\u00dfen Radrouten \u00fcber den L\u00f6derburger See auf den Boderadweg. Mh, der dort gelegene Campingplatz war leider noch nicht mein Ziel &#8211; warum nicht, kann ich im nachhinein auch nicht mehr rekunstruieren \ud83d\ude09 Nach Athensleben ging es wieder unmittel an der Bode weiter. Doch zun\u00e4chst auf einem schmalen, sp\u00e4ter auf einem deutlich breiteren Weg. Es kam dann noch Unseburg als vorletzter Ort und dann endlich Wolmirsleben mit dem Campingplatz am Gro\u00dfen Schachtsee, wo ich dann kurz nach 18:00 und wieder guten 100 km mehr in den Beinen und sichtlich geschafft an meinem Ziel ankam. <\/p>\n\n\n\n<p>Nach kurzer Kl\u00e4rung der Formalit\u00e4ten suchte ich mir einen passenden Platz, so eine richtige Zeltwiese schien es nicht zu geben. Nahm ich die erstbeste Wiese, die dem Sanit\u00e4rgeb\u00e4ude noch am n\u00e4chsten war. Dann wurden wieder das Nachtlager aufgebaut und die Vorbereitungen f\u00fcr den Duschgang und das Abendbrot getroffen. Wahrscheinlich w\u00e4re ich sogar besser gekommen, in den See zu springen statt klassisch zu duschen \ud83d\ude42 Das mit dem ESBIT-Kocher war irgendwie auch wieder so eine Sache, da es auch beim Kochen gerne leichten Wind gab. Aber es hatte dann geklappt und ich konnte meine ASIA-Nudeln essen. <\/p>\n\n\n\n<p><a href=\"https:\/\/www.niva-stammtisch.de\/?page_id=5567\" data-type=\"page\" data-id=\"5567\">Einleitung <\/a>| <a href=\"https:\/\/www.niva-stammtisch.de\/?page_id=5657\" data-type=\"page\" data-id=\"5657\">Tag 01<\/a> | <a href=\"https:\/\/www.niva-stammtisch.de\/?page_id=5659\" data-type=\"page\" data-id=\"5659\">Tag 02<\/a> | <strong><em>Tag 03<\/em><\/strong> | <a href=\"https:\/\/www.niva-stammtisch.de\/?page_id=5665\" data-type=\"page\" data-id=\"5665\">Tag 04<\/a> | <a href=\"https:\/\/www.niva-stammtisch.de\/?page_id=5667\" data-type=\"page\" data-id=\"5667\">Tag 05<\/a> | <a href=\"https:\/\/www.niva-stammtisch.de\/?page_id=5669\" data-type=\"page\" data-id=\"5669\">Tag 06<\/a> | <a href=\"https:\/\/www.niva-stammtisch.de\/?page_id=5671\" data-type=\"page\" data-id=\"5671\">Tag 07-08<\/a> | <a href=\"https:\/\/www.niva-stammtisch.de\/?page_id=5673\" data-type=\"page\" data-id=\"5673\">Tag 09<\/a> | <a href=\"https:\/\/www.niva-stammtisch.de\/?page_id=5675\" data-type=\"page\" data-id=\"5675\">Tag 10<\/a> | <a href=\"https:\/\/www.niva-stammtisch.de\/?page_id=5677\" data-type=\"page\" data-id=\"5677\">Tag 11<\/a> | <a href=\"https:\/\/www.niva-stammtisch.de\/?page_id=5679\" data-type=\"page\" data-id=\"5679\">Tag 12<\/a> | <a href=\"https:\/\/www.niva-stammtisch.de\/?page_id=5681\" data-type=\"page\" data-id=\"5681\">Tag 13<\/a><\/p>\n","protected":false},"excerpt":{"rendered":"<p>Einleitung | Tag 01 | Tag 02 | Tag 03 | Tag 04 | Tag 05 | Tag 06 | Tag 07-08 | Tag 09 | Tag 10 | Tag 11 | Tag 12 | Tag 13 Es ist mal wieder wieder 8:00 Uhr &#8211; also neuer Tag, neues Gl\u00fcck \ud83d\ude09 Das hei\u00dft zun\u00e4chst erstmal &hellip; <\/p>\n<p class=\"link-more\"><a href=\"https:\/\/www.niva-stammtisch.de\/?page_id=5663\" class=\"more-link\"><span class=\"screen-reader-text\">\u201eLNT-Tour 2022 &#8211; Tag 03\u201c <\/span>weiterlesen<\/a><\/p>\n","protected":false},"author":1,"featured_media":0,"parent":5567,"menu_order":3,"comment_status":"closed","ping_status":"closed","template":"","meta":{"footnotes":""},"class_list":["post-5663","page","type-page","status-publish","hentry"],"_links":{"self":[{"href":"https:\/\/www.niva-stammtisch.de\/index.php?rest_route=\/wp\/v2\/pages\/5663","targetHints":{"allow":["GET"]}}],"collection":[{"href":"https:\/\/www.niva-stammtisch.de\/index.php?rest_route=\/wp\/v2\/pages"}],"about":[{"href":"https:\/\/www.niva-stammtisch.de\/index.php?rest_route=\/wp\/v2\/types\/page"}],"author":[{"embeddable":true,"href":"https:\/\/www.niva-stammtisch.de\/index.php?rest_route=\/wp\/v2\/users\/1"}],"replies":[{"embeddable":true,"href":"https:\/\/www.niva-stammtisch.de\/index.php?rest_route=%2Fwp%2Fv2%2Fcomments&post=5663"}],"version-history":[{"count":8,"href":"https:\/\/www.niva-stammtisch.de\/index.php?rest_route=\/wp\/v2\/pages\/5663\/revisions"}],"predecessor-version":[{"id":5883,"href":"https:\/\/www.niva-stammtisch.de\/index.php?rest_route=\/wp\/v2\/pages\/5663\/revisions\/5883"}],"up":[{"embeddable":true,"href":"https:\/\/www.niva-stammtisch.de\/index.php?rest_route=\/wp\/v2\/pages\/5567"}],"wp:attachment":[{"href":"https:\/\/www.niva-stammtisch.de\/index.php?rest_route=%2Fwp%2Fv2%2Fmedia&parent=5663"}],"curies":[{"name":"wp","href":"https:\/\/api.w.org\/{rel}","templated":true}]}}