{"id":5659,"date":"2023-02-08T23:02:30","date_gmt":"2023-02-08T22:02:30","guid":{"rendered":"https:\/\/www.niva-stammtisch.de\/?page_id=5659"},"modified":"2023-03-14T23:00:11","modified_gmt":"2023-03-14T22:00:11","slug":"lnt-tour-2022-tag-02","status":"publish","type":"page","link":"https:\/\/www.niva-stammtisch.de\/?page_id=5659","title":{"rendered":"LNT-Tour 2022 &#8211; Tag 02"},"content":{"rendered":"\n<p><a href=\"https:\/\/www.niva-stammtisch.de\/?page_id=5567\" data-type=\"page\" data-id=\"5567\">Einleitung <\/a>| <a href=\"https:\/\/www.niva-stammtisch.de\/?page_id=5657\" data-type=\"page\" data-id=\"5657\">Tag 01<\/a> | <strong><em>Tag 02<\/em><\/strong> | <a href=\"https:\/\/www.niva-stammtisch.de\/?page_id=5663\" data-type=\"page\" data-id=\"5663\">Tag 03<\/a> | <a href=\"https:\/\/www.niva-stammtisch.de\/?page_id=5665\" data-type=\"page\" data-id=\"5665\">Tag 04<\/a> | <a href=\"https:\/\/www.niva-stammtisch.de\/?page_id=5667\" data-type=\"page\" data-id=\"5667\">Tag 05<\/a> | <a href=\"https:\/\/www.niva-stammtisch.de\/?page_id=5669\" data-type=\"page\" data-id=\"5669\">Tag 06<\/a> | <a href=\"https:\/\/www.niva-stammtisch.de\/?page_id=5671\" data-type=\"page\" data-id=\"5671\">Tag 07-08<\/a> | <a href=\"https:\/\/www.niva-stammtisch.de\/?page_id=5673\" data-type=\"page\" data-id=\"5673\">Tag 09<\/a> | <a href=\"https:\/\/www.niva-stammtisch.de\/?page_id=5675\" data-type=\"page\" data-id=\"5675\">Tag 10<\/a> | <a href=\"https:\/\/www.niva-stammtisch.de\/?page_id=5677\" data-type=\"page\" data-id=\"5677\">Tag 11<\/a> | <a href=\"https:\/\/www.niva-stammtisch.de\/?page_id=5679\" data-type=\"page\" data-id=\"5679\">Tag 12<\/a> | <a href=\"https:\/\/www.niva-stammtisch.de\/?page_id=5681\" data-type=\"page\" data-id=\"5681\">Tag 13<\/a><\/p>\n\n\n\n<iframe loading=\"lazy\" src=\"https:\/\/www.komoot.de\/tour\/1050718008\/embed?profile=1\" scrolling=\"no\" width=\"100%\" height=\"700\" frameborder=\"0\"><\/iframe>\n\n\n\n<p>Die Sonne ist auch an diesem Tage wieder mit am Start und bringt bereits gute W\u00e4rme mit am fr\u00fchen Morgen &#8211; dadurch wurde es nat\u00fcrlich nichts mit 7:00 Aufstehen, es wurde eher gegen 8:00, da es einfach zu kuschlig war im Schlafsack \ud83d\ude42 Aber dann sollte es losgehen und es wurde wieder alles abgebaut und zusammen gepackt. Da ich nach mehrj\u00e4hriger Abstinenz vom Camping auch erstmal wieder in die Routine reinkommen musste (war ja schon das Wasserkochen am Vorabend eine Katastrophe \ud83d\ude09 ), dauerte dies dann doch eine gute Stunde. Au\u00dferdem musste ich mein neues Einpack-Tetris-System in der gro\u00dfen Tasche noch bissl verinnerlichen. Aber ich merkte schon, es l\u00e4sst sich schon bissl einfacher packen, solange alles wieder in die einzelnen Taschen passt. Apropos, da man mit dem Bob Yak Reiseanh\u00e4nger ja doch immer wieder auff\u00e4llt, kam ich dann noch mit 2 Tschechen ins Gespr\u00e4ch.<\/p>\n\n\n\n<p>Gegen 9:30 war es dann aber endlich so weit, es konnte losgehen. Zun\u00e4chst ging es erstmal auf nahezu gleichem Weg durch Torgau zur\u00fcck an die Elbe. Also nochmal am Wasserturm vorbei, durch den Park und auch am Schloss und \u00fcber die Elbe. Danach ging es zun\u00e4chst leicht schattig weiter. Hinter Zwethau kam dann auch schon der erste Landwirtschaftsweg, der Dank Betonplatten aber gut zu fahren war. Dies war nur ein kurzes St\u00fcck und es ging auf eine wenig befahrene, gut asphaltierte Landstra\u00dfe weiter. Kurz vor Dautzschen gings kr\u00e4ftig linksrum nach Last, wo mich ein so gesehen riesiger 3-Seitenhof plus das ehemalige Herrenhaus an der vierten Seite stark beeindruckten, da ich gem\u00e4\u00df des Stra\u00dfenverlaufs da direkt durch den &#8222;Hof&#8220; radelte. Eine sehr sch\u00f6n erhaltene Anlage, wie ich finde. Danach gab es mal wieder M\u00e4hdrescher zu bewundern und der n\u00e4chste Traktor samt zwei Anh\u00e4ngern kam auch schon zum n\u00e4chsten Beladen angefahren. An Gro\u00dftreben ging es mehr oder weniger knapp vorbei, dennoch kam ich an dem dortigen Ringbrandofen vorbei. Kannte ich vorher auch nicht. Und kaum aus dem Staunen rausgekommen, verlie\u00df ich weniger Meter die s\u00e4schische Heimat und rollte rein nach Sachsen-Anhalt \ud83d\ude42<\/p>\n\n\n\n<p>Im n\u00e4chsten Ort Prettin kam ich auch an dem einen Seitenteil des Schlosses Lichtenburg vorbei, wo mich jedoch eine Tafel \u00fcber die leider schlechte Vergangenheit \/ Nutzung dieser Schlossanlage im Dritten Reich hinweist. Sowas l\u00e4sst einen dann immer wieder nachdenklich werden, zu was der Mensch leider auch imstande sein kann, zu tun. Ach \u00fcbrigens, die Elbe habe ich schon seit Torgau nicht mehr gesehen. Wo ist die denn hin? Weit weg war sie nicht, aber sie hat sich gut versteckt gehabt \ud83d\ude42 Daf\u00fcr entsch\u00e4digte aber der Blick auf die 4 Seen des Prettiner Elbtalgew\u00e4ssers. Trotz der hohen Temperaturen war kaum Badeverkehr zu verzeichnen, nicht schlimm, blieb die Stra\u00dfe frei \ud83d\ude42 Danach gabs auch sch\u00f6nen Sonnenblumenfelder zu besichtigen.<\/p>\n\n\n\n<p>In Mauken sah ich immerhin einen Dammabschnitt sowie den schnellen Blick aufs Schloss Pretzsch zu meiner Linken, aber zu meiner Rechten sah ich ein kleines Eisdielenh\u00e4uschen mit einem gro\u00dfen Baum und Schatten drunter &#8211; zwar mit einer kleinen Menschentraube, aber das zeigt meist, dass es dort auch schmeckt. Und diese Eismanufaktur entpuppt sich fast schon als Geheimtipp &#8211; vor allem Radler-freundlich &#8211; denn es gibt kostenloses Trinkwasser, E-Bike-Ladestation (\u00fcber Schuko-Steckdosen). Also da auch was zum Schlecken geholt und Kr\u00e4fte getankt.<\/p>\n\n\n\n<p>Danach gings kurzzeitig an einem Weg hinterm Damm entlang und in Kl\u00f6den hatte ich es zum ersten Mal wieder mit Kopfsteinpflaster zu tun. Die Burg Kl\u00f6den war etwas au\u00dfer Sichtweite, daf\u00fcr war der Kleindr\u00f6bener Ri\u00df samt Rastplatz sch\u00f6n anzusehen und der Ort selbst wirkte schon idyllisch. Die Strecke weiterhin sehr ruhig, aber wenig schattig und auch an diesem Tag wollte das Thermometer wohl die 40 Grad knacken. Wahnsinn. Zum Gl\u00fcck hatte ich genug zum Trinken mit. In Elster (Elbe) machte ich dann doch nochmal einen kleinen Stopp auf einer Bank in n\u00e4he der F\u00e4hre und genoss den Blick auf die Elbe. Bei der kurze Zeit sp\u00e4ter entdeckten Bockwindm\u00fchle in Elster war zwar auch ein Rastplatz, ruhiger gelegen, aber auch nicht schattig genug &#8211; deswegen nur schnell paar Fotos machen, auch von der gegen\u00fcberliegenden stillgelegten F\u00e4hre und weiter! Kurz darauf konnte ich die &#8222;Alte Elbe&#8220; &#8211; wahrschein ein ehemaliger Altarm &#8211; bewundern und nach wenigen kleineren Ortschaften war ich doch tats\u00e4chlich in der Lutherstadt Wittenberg &#8211; zum Gl\u00fcck gings direkt am Lutherhaus vorbei \/ entlang der Collegienstra\u00dfe bzw. Schlossstra\u00dfe &#8211; das Schloss hatte ich irgendwie nicht gescheit vor die Linse bekommen, da das Gel\u00e4nde wegen einer Veranstaltung etwas eingez\u00e4unt und einget\u00fctelt war. Kurz darauf gings wieder pflasterlastig zum Ufer runter. Also ich muss schon sagen, bisher schien mir Sachsen-Anhalt so eine gewisse Affinitit\u00e4t zu Kopfsteinpflaster zu haben, was ich sonst eher aus Brandenburg kannte. Naja, immer ans Beste denken und hoffen. Es rollte dann immer wieder mal kurz ins Gr\u00fcne und schwubbdiwubb war ich schon in Coswig (Anhalt). Wobei in Apollensdorf kam ich an einer Heimatstube vorbei und in Griebo machte ich dann doch eine kleinere Pause vor der St. Johannes Kirche und paar Strau\u00dfen (ja, die gro\u00dfen V\u00f6gel). <\/p>\n\n\n\n<p>Die Begegnung mit Coswig war zwar kurz, dennoch konnte ich einen Blick aufs Schloss erhaschen und das erste Mal auf der Tour gings doch tats\u00e4chlich mit der F\u00e4hre r\u00fcber aufs linke Elbufer &#8211; der Wahnsinn \ud83d\ude42 Leicht schattig gings dann schnurstracks auf den W\u00f6rlitzer Park zu. Ich habe zwar nur den Rand gesehen, aber allein der war sehr sch\u00f6n anzusehen. Dewegen genoss ich das Ambiente das Radel schiebend \ud83d\ude42 Danach ging es weiterhin schattig zu und durch mehrere Waldabschnitte. Sogar hinterm Kraftwerk Vockerode gings lang, weiter an der Solitude vorbei im Sieglitzer Berg. Die Jagdbr\u00fccke \u00fcber den letzten Abschnitt der Mulde vor M\u00fcndung in die Elbe ist auch gelungen und man konnte einige V\u00f6gel an den Uferb\u00f6schungen beobachten. Kurz darauf gings noch am Wallwitzsee links von mir vorbei und noch ein paar Meter und ich war endlich am Ziel. Diesmal auch f\u00fcr mich neu, \u00fcbernachtete ich bei einem Kanuverein, der &#8222;Junkers Paddelgemeinschaft&#8220;. Da waren noch viele Vereinsmitglieder am Genie\u00dfen des sch\u00f6nen Sonntages und ich war erfreut, nicht der einzige \u00dcbernachtungsgast zu sein. <\/p>\n\n\n\n<p>Zun\u00e4chst suchte ich mir einen Platz aus, danach wurde das Zelt aufgebaut und soweit alles klar gemacht. Danach wurden die Formalit\u00e4ten gekl\u00e4rt. Ich kam dann mit der Zeltnachbarin ins Gespr\u00e4ch und konnte ihr sogar bei zwei kleinen Problemchen am Fahrrad helfen und wei das soweit gut klappte, gab ich ihr vorsichtshalber noch 3 weitere Kabelbinder mit. Es wurde auf der Terasse langsam ruhiger, ich ging dann duschen und machte mir in der Vereinsk\u00fcche Nudelwasser warm (mit dem Wasserkocher \ud83d\ude42 ) und lie\u00df es mir auf der Terasse schmecken. Dazu gabs mit einem weiteren Radler noch das eine und andere interessante Gespr\u00e4ch. Somit lie\u00dfen wir den Tag entspannt ausklingen, bevor es dann in den Schlafsack ging. <\/p>\n\n\n\n<p><a href=\"https:\/\/www.niva-stammtisch.de\/?page_id=5567\" data-type=\"page\" data-id=\"5567\">Einleitung <\/a>| <a href=\"https:\/\/www.niva-stammtisch.de\/?page_id=5657\" data-type=\"page\" data-id=\"5657\">Tag 01<\/a> | <strong><em>Tag 02<\/em><\/strong> | <a href=\"https:\/\/www.niva-stammtisch.de\/?page_id=5663\" data-type=\"page\" data-id=\"5663\">Tag 03<\/a> | <a href=\"https:\/\/www.niva-stammtisch.de\/?page_id=5665\" data-type=\"page\" data-id=\"5665\">Tag 04<\/a> | <a href=\"https:\/\/www.niva-stammtisch.de\/?page_id=5667\" data-type=\"page\" data-id=\"5667\">Tag 05<\/a> | <a href=\"https:\/\/www.niva-stammtisch.de\/?page_id=5669\" data-type=\"page\" data-id=\"5669\">Tag 06<\/a> | <a href=\"https:\/\/www.niva-stammtisch.de\/?page_id=5671\" data-type=\"page\" data-id=\"5671\">Tag 07-08<\/a> | <a href=\"https:\/\/www.niva-stammtisch.de\/?page_id=5673\" data-type=\"page\" data-id=\"5673\">Tag 09<\/a> | <a href=\"https:\/\/www.niva-stammtisch.de\/?page_id=5675\" data-type=\"page\" data-id=\"5675\">Tag 10<\/a> | <a href=\"https:\/\/www.niva-stammtisch.de\/?page_id=5677\" data-type=\"page\" data-id=\"5677\">Tag 11<\/a> | <a href=\"https:\/\/www.niva-stammtisch.de\/?page_id=5679\" data-type=\"page\" data-id=\"5679\">Tag 12<\/a> | <a href=\"https:\/\/www.niva-stammtisch.de\/?page_id=5681\" data-type=\"page\" data-id=\"5681\">Tag 13<\/a><\/p>\n","protected":false},"excerpt":{"rendered":"<p>Einleitung | Tag 01 | Tag 02 | Tag 03 | Tag 04 | Tag 05 | Tag 06 | Tag 07-08 | Tag 09 | Tag 10 | Tag 11 | Tag 12 | Tag 13 Die Sonne ist auch an diesem Tage wieder mit am Start und bringt bereits gute W\u00e4rme mit am &hellip; <\/p>\n<p class=\"link-more\"><a href=\"https:\/\/www.niva-stammtisch.de\/?page_id=5659\" class=\"more-link\"><span class=\"screen-reader-text\">\u201eLNT-Tour 2022 &#8211; Tag 02\u201c <\/span>weiterlesen<\/a><\/p>\n","protected":false},"author":1,"featured_media":0,"parent":5567,"menu_order":2,"comment_status":"closed","ping_status":"closed","template":"","meta":{"footnotes":""},"class_list":["post-5659","page","type-page","status-publish","hentry"],"_links":{"self":[{"href":"https:\/\/www.niva-stammtisch.de\/index.php?rest_route=\/wp\/v2\/pages\/5659","targetHints":{"allow":["GET"]}}],"collection":[{"href":"https:\/\/www.niva-stammtisch.de\/index.php?rest_route=\/wp\/v2\/pages"}],"about":[{"href":"https:\/\/www.niva-stammtisch.de\/index.php?rest_route=\/wp\/v2\/types\/page"}],"author":[{"embeddable":true,"href":"https:\/\/www.niva-stammtisch.de\/index.php?rest_route=\/wp\/v2\/users\/1"}],"replies":[{"embeddable":true,"href":"https:\/\/www.niva-stammtisch.de\/index.php?rest_route=%2Fwp%2Fv2%2Fcomments&post=5659"}],"version-history":[{"count":11,"href":"https:\/\/www.niva-stammtisch.de\/index.php?rest_route=\/wp\/v2\/pages\/5659\/revisions"}],"predecessor-version":[{"id":5872,"href":"https:\/\/www.niva-stammtisch.de\/index.php?rest_route=\/wp\/v2\/pages\/5659\/revisions\/5872"}],"up":[{"embeddable":true,"href":"https:\/\/www.niva-stammtisch.de\/index.php?rest_route=\/wp\/v2\/pages\/5567"}],"wp:attachment":[{"href":"https:\/\/www.niva-stammtisch.de\/index.php?rest_route=%2Fwp%2Fv2%2Fmedia&parent=5659"}],"curies":[{"name":"wp","href":"https:\/\/api.w.org\/{rel}","templated":true}]}}