{"id":565,"date":"2018-12-25T19:22:12","date_gmt":"2018-12-25T18:22:12","guid":{"rendered":"https:\/\/tamas-radelei.de\/?page_id=565"},"modified":"2023-03-11T17:36:04","modified_gmt":"2023-03-11T16:36:04","slug":"10-reisetag-esztergom-bubanatvoelgy-szob-budapest-5-13-km","status":"publish","type":"page","link":"https:\/\/www.niva-stammtisch.de\/?page_id=565","title":{"rendered":"10. Reisetag: Esztergom-Bub\u00e1natv\u00f6lgy &#8211; Szob &#8211; Budapest (5 + 13 km)"},"content":{"rendered":"\n<iframe loading=\"lazy\" src=\"https:\/\/www.komoot.de\/tour\/1031320238\/embed?profile=1\" width=\"100%\" height=\"700\" frameborder=\"0\" scrolling=\"no\"><\/iframe>\n\n\n\n<p>Der Wecker klingelte wieder p\u00fcnktlich gegen 8:00 und bevor wir tats\u00e4chlich aus dem Fenster schauten, waren wir ja voller Optimismus, dass das Wetter mit uns sei. Nix da! Weil es den ganzen gestrigen Tag nicht wirklich abregnen wollte, war also nix mit Sonnenschein. Da war diesmal wirklich \u201eguter Rat teuer\u201c. Naja, es half ja aber nix, wir mussten an diesem Tage bis Budapest kommen. Da es doch nur um die 14 \u00b0C Au\u00dfentemperatur \u201ewarm\u201c und pl\u00e4tscherisch war, fiel die Entscheidung, doch in den Zug zu steigen und gen Budapest chauffiert zu werden. Es gab die Wahl, entweder zur\u00fcck bis direkt nach Esztergom zu radeln, oder in Richtung Budapest nach Szob zu radeln, um auf dieser Strecke trotzdem etwas vom Donauknie sehen zu k\u00f6nnen. <br>Also die Regenh\u00fcllen \u00fcber die Radeltaschen gezogen, Regenjacken an und kr\u00e4ftig in die Pedale getreten \u2013 es sollten ja nur 4,8 km bis zur F\u00e4hre Pilismar\u00f3t \u2013 Szob sein. Diese verliefen aber direkt auf der Landstra\u00dfe, somit gab es auch so manche Pf\u00fctzen, durch die wir mussten oder ein paar Autofahrer mussten ziemlich direkt an uns vorbeifahren, was die Fahrt nicht so gem\u00fctlich machte. An der F\u00e4hranlegestelle angekommen, trafen wir auf weitere 6 Radler, die auf die F\u00e4hre warteten. So warteten auch wir im Trockenen in der bereits ge\u00f6ffneten Gastst\u00e4tte. Didi nutzte die Gelegenheit f\u00fcr einen Kaffee und kleine Happen. Man tauschte sich mit den anderen Radlern ein wenig aus. <\/p>\n\n\n\n<figure class=\"wp-block-gallery has-nested-images columns-default is-cropped wp-block-gallery-1 is-layout-flex wp-block-gallery-is-layout-flex\">\n<figure class=\"wp-block-image\"><a href=\"https:\/\/www.niva-stammtisch.de\/wp-content\/uploads\/Passau-Ruzsa-2016_668.jpg\" rel=\"lightbox[565]\"><img loading=\"lazy\" decoding=\"async\" width=\"1200\" height=\"795\" data-id=\"4294\" src=\"https:\/\/www.niva-stammtisch.de\/wp-content\/uploads\/Passau-Ruzsa-2016_668-1200x795.jpg\" alt=\"\" class=\"wp-image-4294\" srcset=\"https:\/\/www.niva-stammtisch.de\/wp-content\/uploads\/Passau-Ruzsa-2016_668.jpg 1200w, https:\/\/www.niva-stammtisch.de\/wp-content\/uploads\/Passau-Ruzsa-2016_668-600x398.jpg 600w, https:\/\/www.niva-stammtisch.de\/wp-content\/uploads\/Passau-Ruzsa-2016_668-768x509.jpg 768w\" sizes=\"auto, (max-width: 767px) 89vw, (max-width: 1000px) 54vw, (max-width: 1071px) 543px, 580px\" \/><\/a><figcaption class=\"wp-element-caption\">Olle Wolken!<\/figcaption><\/figure>\n\n\n\n<figure class=\"wp-block-image\"><a href=\"https:\/\/www.niva-stammtisch.de\/wp-content\/uploads\/Passau-Ruzsa-2016_669.jpg\" rel=\"lightbox[565]\"><img loading=\"lazy\" decoding=\"async\" width=\"1200\" height=\"795\" data-id=\"4295\" src=\"https:\/\/www.niva-stammtisch.de\/wp-content\/uploads\/Passau-Ruzsa-2016_669-1200x795.jpg\" alt=\"\" class=\"wp-image-4295\" srcset=\"https:\/\/www.niva-stammtisch.de\/wp-content\/uploads\/Passau-Ruzsa-2016_669.jpg 1200w, https:\/\/www.niva-stammtisch.de\/wp-content\/uploads\/Passau-Ruzsa-2016_669-600x398.jpg 600w, https:\/\/www.niva-stammtisch.de\/wp-content\/uploads\/Passau-Ruzsa-2016_669-768x509.jpg 768w\" sizes=\"auto, (max-width: 767px) 89vw, (max-width: 1000px) 54vw, (max-width: 1071px) 543px, 580px\" \/><\/a><figcaption class=\"wp-element-caption\">Auch auf der Terasse&#8230;<\/figcaption><\/figure>\n\n\n\n<figure class=\"wp-block-image\"><a href=\"https:\/\/www.niva-stammtisch.de\/wp-content\/uploads\/Passau-Ruzsa-2016_670.jpg\" rel=\"lightbox[565]\"><img loading=\"lazy\" decoding=\"async\" width=\"1200\" height=\"795\" data-id=\"4296\" src=\"https:\/\/www.niva-stammtisch.de\/wp-content\/uploads\/Passau-Ruzsa-2016_670-1200x795.jpg\" alt=\"\" class=\"wp-image-4296\" srcset=\"https:\/\/www.niva-stammtisch.de\/wp-content\/uploads\/Passau-Ruzsa-2016_670.jpg 1200w, https:\/\/www.niva-stammtisch.de\/wp-content\/uploads\/Passau-Ruzsa-2016_670-600x398.jpg 600w, https:\/\/www.niva-stammtisch.de\/wp-content\/uploads\/Passau-Ruzsa-2016_670-768x509.jpg 768w\" sizes=\"auto, (max-width: 767px) 89vw, (max-width: 1000px) 54vw, (max-width: 1071px) 543px, 580px\" \/><\/a><figcaption class=\"wp-element-caption\">&#8230;kein sch\u00f6nes&#8230;<\/figcaption><\/figure>\n\n\n\n<figure class=\"wp-block-image\"><a href=\"https:\/\/www.niva-stammtisch.de\/wp-content\/uploads\/Passau-Ruzsa-2016_671.jpg\" rel=\"lightbox[565]\"><img loading=\"lazy\" decoding=\"async\" width=\"1200\" height=\"795\" data-id=\"4297\" src=\"https:\/\/www.niva-stammtisch.de\/wp-content\/uploads\/Passau-Ruzsa-2016_671-1200x795.jpg\" alt=\"\" class=\"wp-image-4297\" srcset=\"https:\/\/www.niva-stammtisch.de\/wp-content\/uploads\/Passau-Ruzsa-2016_671.jpg 1200w, https:\/\/www.niva-stammtisch.de\/wp-content\/uploads\/Passau-Ruzsa-2016_671-600x398.jpg 600w, https:\/\/www.niva-stammtisch.de\/wp-content\/uploads\/Passau-Ruzsa-2016_671-768x509.jpg 768w\" sizes=\"auto, (max-width: 767px) 89vw, (max-width: 1000px) 54vw, (max-width: 1071px) 543px, 580px\" \/><\/a><figcaption class=\"wp-element-caption\">&#8230;Wetter vorhanden&#8230;<\/figcaption><\/figure>\n\n\n\n<figure class=\"wp-block-image\"><a href=\"https:\/\/www.niva-stammtisch.de\/wp-content\/uploads\/Passau-Ruzsa-2016_672.jpg\" rel=\"lightbox[565]\"><img loading=\"lazy\" decoding=\"async\" width=\"1200\" height=\"795\" data-id=\"4298\" src=\"https:\/\/www.niva-stammtisch.de\/wp-content\/uploads\/Passau-Ruzsa-2016_672-1200x795.jpg\" alt=\"\" class=\"wp-image-4298\" srcset=\"https:\/\/www.niva-stammtisch.de\/wp-content\/uploads\/Passau-Ruzsa-2016_672.jpg 1200w, https:\/\/www.niva-stammtisch.de\/wp-content\/uploads\/Passau-Ruzsa-2016_672-600x398.jpg 600w, https:\/\/www.niva-stammtisch.de\/wp-content\/uploads\/Passau-Ruzsa-2016_672-768x509.jpg 768w\" sizes=\"auto, (max-width: 767px) 89vw, (max-width: 1000px) 54vw, (max-width: 1071px) 543px, 580px\" \/><\/a><figcaption class=\"wp-element-caption\">Grrrrr!!!!<\/figcaption><\/figure>\n<\/figure>\n\n\n\n<p>Endlich konnte es auf die F\u00e4hre gehen. Dank des \u201etollen\u201c Wetters kam einem der Eindruck auf, man w\u00e4re auf hoher See. Am linken Donauufer ging es auf schnellstem Wege zum Bahnhof. Die anderen Radler w\u00e4hlten das \u201eEs wird geradelt, komme was da wolle!\u201c &#8211; Programm und trotzten dem Regen. Leicht durchn\u00e4sst und angefroren, wurden die Zugtickets nach Budapest besorgt und unser Zug stand schon da und wir konnten diesen schon in Beschlag nehmen und uns ein wenig aufw\u00e4rmen. <\/p>\n\n\n\n<figure class=\"wp-block-gallery has-nested-images columns-default is-cropped wp-block-gallery-2 is-layout-flex wp-block-gallery-is-layout-flex\">\n<figure class=\"wp-block-image\"><a href=\"https:\/\/www.niva-stammtisch.de\/wp-content\/uploads\/Passau-Ruzsa-2016_673.jpg\" rel=\"lightbox[565]\"><img loading=\"lazy\" decoding=\"async\" width=\"1200\" height=\"900\" data-id=\"4299\" src=\"https:\/\/www.niva-stammtisch.de\/wp-content\/uploads\/Passau-Ruzsa-2016_673-1200x900.jpg\" alt=\"\" class=\"wp-image-4299\" srcset=\"https:\/\/www.niva-stammtisch.de\/wp-content\/uploads\/Passau-Ruzsa-2016_673.jpg 1200w, https:\/\/www.niva-stammtisch.de\/wp-content\/uploads\/Passau-Ruzsa-2016_673-600x450.jpg 600w, https:\/\/www.niva-stammtisch.de\/wp-content\/uploads\/Passau-Ruzsa-2016_673-768x576.jpg 768w\" sizes=\"auto, (max-width: 767px) 89vw, (max-width: 1000px) 54vw, (max-width: 1071px) 543px, 580px\" \/><\/a><figcaption class=\"wp-element-caption\">Und auf der Donau&#8230;<\/figcaption><\/figure>\n\n\n\n<figure class=\"wp-block-image\"><a href=\"https:\/\/www.niva-stammtisch.de\/wp-content\/uploads\/Passau-Ruzsa-2016_674.jpg\" rel=\"lightbox[565]\"><img loading=\"lazy\" decoding=\"async\" width=\"1200\" height=\"900\" data-id=\"4300\" src=\"https:\/\/www.niva-stammtisch.de\/wp-content\/uploads\/Passau-Ruzsa-2016_674-1200x900.jpg\" alt=\"\" class=\"wp-image-4300\" srcset=\"https:\/\/www.niva-stammtisch.de\/wp-content\/uploads\/Passau-Ruzsa-2016_674.jpg 1200w, https:\/\/www.niva-stammtisch.de\/wp-content\/uploads\/Passau-Ruzsa-2016_674-600x450.jpg 600w, https:\/\/www.niva-stammtisch.de\/wp-content\/uploads\/Passau-Ruzsa-2016_674-768x576.jpg 768w\" sizes=\"auto, (max-width: 767px) 89vw, (max-width: 1000px) 54vw, (max-width: 1071px) 543px, 580px\" \/><\/a><figcaption class=\"wp-element-caption\">&#8230;wurde das Wetter&#8230;<\/figcaption><\/figure>\n\n\n\n<figure class=\"wp-block-image\"><a href=\"https:\/\/www.niva-stammtisch.de\/wp-content\/uploads\/Passau-Ruzsa-2016_675.jpg\" rel=\"lightbox[565]\"><img loading=\"lazy\" decoding=\"async\" width=\"1200\" height=\"900\" data-id=\"4301\" src=\"https:\/\/www.niva-stammtisch.de\/wp-content\/uploads\/Passau-Ruzsa-2016_675-1200x900.jpg\" alt=\"\" class=\"wp-image-4301\" srcset=\"https:\/\/www.niva-stammtisch.de\/wp-content\/uploads\/Passau-Ruzsa-2016_675.jpg 1200w, https:\/\/www.niva-stammtisch.de\/wp-content\/uploads\/Passau-Ruzsa-2016_675-600x450.jpg 600w, https:\/\/www.niva-stammtisch.de\/wp-content\/uploads\/Passau-Ruzsa-2016_675-768x576.jpg 768w\" sizes=\"auto, (max-width: 767px) 89vw, (max-width: 1000px) 54vw, (max-width: 1071px) 543px, 580px\" \/><\/a><figcaption class=\"wp-element-caption\">&#8230;gef\u00fchlt noch ekliger \ud83d\ude09<\/figcaption><\/figure>\n\n\n\n<figure class=\"wp-block-image\"><a href=\"https:\/\/www.niva-stammtisch.de\/wp-content\/uploads\/Passau-Ruzsa-2016_676.jpg\" rel=\"lightbox[565]\"><img loading=\"lazy\" decoding=\"async\" width=\"1200\" height=\"900\" data-id=\"4302\" src=\"https:\/\/www.niva-stammtisch.de\/wp-content\/uploads\/Passau-Ruzsa-2016_676-1200x900.jpg\" alt=\"\" class=\"wp-image-4302\" srcset=\"https:\/\/www.niva-stammtisch.de\/wp-content\/uploads\/Passau-Ruzsa-2016_676.jpg 1200w, https:\/\/www.niva-stammtisch.de\/wp-content\/uploads\/Passau-Ruzsa-2016_676-600x450.jpg 600w, https:\/\/www.niva-stammtisch.de\/wp-content\/uploads\/Passau-Ruzsa-2016_676-768x576.jpg 768w\" sizes=\"auto, (max-width: 767px) 89vw, (max-width: 1000px) 54vw, (max-width: 1071px) 543px, 580px\" \/><\/a><figcaption class=\"wp-element-caption\">Auf dem Bahnhof&#8230;<\/figcaption><\/figure>\n\n\n\n<figure class=\"wp-block-image\"><a href=\"https:\/\/www.niva-stammtisch.de\/wp-content\/uploads\/Passau-Ruzsa-2016_679.jpg\" rel=\"lightbox[565]\"><img loading=\"lazy\" decoding=\"async\" width=\"1200\" height=\"900\" data-id=\"4305\" src=\"https:\/\/www.niva-stammtisch.de\/wp-content\/uploads\/Passau-Ruzsa-2016_679-1200x900.jpg\" alt=\"\" class=\"wp-image-4305\" srcset=\"https:\/\/www.niva-stammtisch.de\/wp-content\/uploads\/Passau-Ruzsa-2016_679.jpg 1200w, https:\/\/www.niva-stammtisch.de\/wp-content\/uploads\/Passau-Ruzsa-2016_679-600x450.jpg 600w, https:\/\/www.niva-stammtisch.de\/wp-content\/uploads\/Passau-Ruzsa-2016_679-768x576.jpg 768w\" sizes=\"auto, (max-width: 767px) 89vw, (max-width: 1000px) 54vw, (max-width: 1071px) 543px, 580px\" \/><\/a><figcaption class=\"wp-element-caption\">&#8230;gehts schnell ab in den schon&#8230;<\/figcaption><\/figure>\n\n\n\n<figure class=\"wp-block-image\"><a href=\"https:\/\/www.niva-stammtisch.de\/wp-content\/uploads\/Passau-Ruzsa-2016_677.jpg\" rel=\"lightbox[565]\"><img loading=\"lazy\" decoding=\"async\" width=\"1200\" height=\"900\" data-id=\"4303\" src=\"https:\/\/www.niva-stammtisch.de\/wp-content\/uploads\/Passau-Ruzsa-2016_677-1200x900.jpg\" alt=\"\" class=\"wp-image-4303\" srcset=\"https:\/\/www.niva-stammtisch.de\/wp-content\/uploads\/Passau-Ruzsa-2016_677.jpg 1200w, https:\/\/www.niva-stammtisch.de\/wp-content\/uploads\/Passau-Ruzsa-2016_677-600x450.jpg 600w, https:\/\/www.niva-stammtisch.de\/wp-content\/uploads\/Passau-Ruzsa-2016_677-768x576.jpg 768w\" sizes=\"auto, (max-width: 767px) 89vw, (max-width: 1000px) 54vw, (max-width: 1071px) 543px, 580px\" \/><\/a><figcaption class=\"wp-element-caption\">&#8230;stehenden Zug nach Budapest.<\/figcaption><\/figure>\n<\/figure>\n\n\n\n<p>W\u00e4hrend der Fahrt war die Klimaanlage aktiv, aber eher in Sachen K\u00fchlung statt wohlige W\u00e4me zu spenden. In Budapest auf dem Westbahnhof angekommen, war es zumindest mir dann noch richtig kalt geworden \u2192 der Gang zum Kaffeeautomaten war unum\u00e4nglich. Didi nahm einen \u201egro\u00dfen\u201c Kaffee und ich eine hei\u00dfe Schokolade. Mh, mein Becher wahr voll. Bei Didi kam nur die halbe Menge raus. Da machte es bei mir Bing und ich musste ihm verklickern, dass in Ungarn die Standard-Kaffeemengen nicht so \u00fcppig ausfallen wie in Deutschland \ud83d\ude42<br><\/p>\n\n\n\n<figure class=\"wp-block-gallery has-nested-images columns-2 is-cropped wp-block-gallery-3 is-layout-flex wp-block-gallery-is-layout-flex\">\n<figure class=\"wp-block-image\"><a href=\"https:\/\/www.niva-stammtisch.de\/wp-content\/uploads\/Passau-Ruzsa-2016_680.jpg\" rel=\"lightbox[565]\"><img loading=\"lazy\" decoding=\"async\" width=\"1200\" height=\"900\" data-id=\"4306\" src=\"https:\/\/www.niva-stammtisch.de\/wp-content\/uploads\/Passau-Ruzsa-2016_680-1200x900.jpg\" alt=\"\" class=\"wp-image-4306\" srcset=\"https:\/\/www.niva-stammtisch.de\/wp-content\/uploads\/Passau-Ruzsa-2016_680.jpg 1200w, https:\/\/www.niva-stammtisch.de\/wp-content\/uploads\/Passau-Ruzsa-2016_680-600x450.jpg 600w, https:\/\/www.niva-stammtisch.de\/wp-content\/uploads\/Passau-Ruzsa-2016_680-768x576.jpg 768w\" sizes=\"auto, (max-width: 767px) 89vw, (max-width: 1000px) 54vw, (max-width: 1071px) 543px, 580px\" \/><\/a><figcaption class=\"wp-element-caption\">Immer sch\u00f6n l\u00e4cheln&#8230;<\/figcaption><\/figure>\n\n\n\n<figure class=\"wp-block-image\"><a href=\"https:\/\/www.niva-stammtisch.de\/wp-content\/uploads\/Passau-Ruzsa-2016_683.jpg\" rel=\"lightbox[565]\"><img loading=\"lazy\" decoding=\"async\" width=\"1200\" height=\"900\" data-id=\"4309\" src=\"https:\/\/www.niva-stammtisch.de\/wp-content\/uploads\/Passau-Ruzsa-2016_683-1200x900.jpg\" alt=\"\" class=\"wp-image-4309\" srcset=\"https:\/\/www.niva-stammtisch.de\/wp-content\/uploads\/Passau-Ruzsa-2016_683.jpg 1200w, https:\/\/www.niva-stammtisch.de\/wp-content\/uploads\/Passau-Ruzsa-2016_683-600x450.jpg 600w, https:\/\/www.niva-stammtisch.de\/wp-content\/uploads\/Passau-Ruzsa-2016_683-768x576.jpg 768w\" sizes=\"auto, (max-width: 767px) 89vw, (max-width: 1000px) 54vw, (max-width: 1071px) 543px, 580px\" \/><\/a><figcaption class=\"wp-element-caption\">&#8230;f\u00fcr die Kamera \ud83d\ude09<\/figcaption><\/figure>\n\n\n\n<figure class=\"wp-block-image\"><a href=\"https:\/\/www.niva-stammtisch.de\/wp-content\/uploads\/Passau-Ruzsa-2016_685.jpg\" rel=\"lightbox[565]\"><img loading=\"lazy\" decoding=\"async\" width=\"1200\" height=\"900\" data-id=\"4311\" src=\"https:\/\/www.niva-stammtisch.de\/wp-content\/uploads\/Passau-Ruzsa-2016_685-1200x900.jpg\" alt=\"\" class=\"wp-image-4311\" srcset=\"https:\/\/www.niva-stammtisch.de\/wp-content\/uploads\/Passau-Ruzsa-2016_685.jpg 1200w, https:\/\/www.niva-stammtisch.de\/wp-content\/uploads\/Passau-Ruzsa-2016_685-600x450.jpg 600w, https:\/\/www.niva-stammtisch.de\/wp-content\/uploads\/Passau-Ruzsa-2016_685-768x576.jpg 768w\" sizes=\"auto, (max-width: 767px) 89vw, (max-width: 1000px) 54vw, (max-width: 1071px) 543px, 580px\" \/><\/a><figcaption class=\"wp-element-caption\">Bahnhof von Budapest keleti pu.<\/figcaption><\/figure>\n\n\n\n<figure class=\"wp-block-image\"><a href=\"https:\/\/www.niva-stammtisch.de\/wp-content\/uploads\/Passau-Ruzsa-2016_686.jpg\" rel=\"lightbox[565]\"><img loading=\"lazy\" decoding=\"async\" width=\"1200\" height=\"900\" data-id=\"4312\" src=\"https:\/\/www.niva-stammtisch.de\/wp-content\/uploads\/Passau-Ruzsa-2016_686-1200x900.jpg\" alt=\"\" class=\"wp-image-4312\" srcset=\"https:\/\/www.niva-stammtisch.de\/wp-content\/uploads\/Passau-Ruzsa-2016_686.jpg 1200w, https:\/\/www.niva-stammtisch.de\/wp-content\/uploads\/Passau-Ruzsa-2016_686-600x450.jpg 600w, https:\/\/www.niva-stammtisch.de\/wp-content\/uploads\/Passau-Ruzsa-2016_686-768x576.jpg 768w\" sizes=\"auto, (max-width: 767px) 89vw, (max-width: 1000px) 54vw, (max-width: 1071px) 543px, 580px\" \/><\/a><figcaption class=\"wp-element-caption\">Auch in Budapest nur Regen!<\/figcaption><\/figure>\n<\/figure>\n\n\n\n<iframe loading=\"lazy\" src=\"https:\/\/www.komoot.de\/tour\/1031320549\/embed?profile=1\" width=\"100%\" height=\"700\" frameborder=\"0\" scrolling=\"no\"><\/iframe>\n\n\n\n<p>Da Didi am \u00fcbern\u00e4chsten Tag seine Heimreise aber auf dem Ostbahnhof antrat und mein zun\u00e4chst ausgew\u00e4hlter Campingplatz jedoch gute 8 km davon entfernt lag, das Wetter noch immer nicht zum Zeltaufbau einlud, entschieden wir uns f\u00fcr die Fahrt zun\u00e4chst zum Ostbahnhof und traten wieder in die Pedale. Es ist schon nicht ganz ohne, bei Regen aufs Navi, den Verkehr und dem Hintermann zu achten. Na wenigstens zuf\u00e4llig am Heldenplatz vorbei, den Didi mit guter Kombinations- und Auffassungsgabe gleich richtig benannte, ohne diesen vorher gekannt zu haben. In Ostbahnhofn\u00e4he suchten wir eine Unterkunft, wir fanden ein g\u00fcnstiges Appartmenthotel, von dem aus wir es nicht weit zum Bahnhof hatten und Didi somit seinen Zug problemlos erreichen w\u00fcrde. <\/p>\n\n\n\n<figure class=\"wp-block-gallery has-nested-images columns-default is-cropped wp-block-gallery-4 is-layout-flex wp-block-gallery-is-layout-flex\">\n<figure class=\"wp-block-image\"><a href=\"https:\/\/www.niva-stammtisch.de\/wp-content\/uploads\/Passau-Ruzsa-2016_693.jpg\" rel=\"lightbox[565]\"><img loading=\"lazy\" decoding=\"async\" width=\"675\" height=\"1200\" data-id=\"4319\" src=\"https:\/\/www.niva-stammtisch.de\/wp-content\/uploads\/Passau-Ruzsa-2016_693-675x1200.jpg\" alt=\"\" class=\"wp-image-4319\" srcset=\"https:\/\/www.niva-stammtisch.de\/wp-content\/uploads\/Passau-Ruzsa-2016_693.jpg 675w, https:\/\/www.niva-stammtisch.de\/wp-content\/uploads\/Passau-Ruzsa-2016_693-338x600.jpg 338w\" sizes=\"auto, (max-width: 675px) 100vw, 675px\" \/><\/a><figcaption class=\"wp-element-caption\">Mein Radel wird im&#8230;<\/figcaption><\/figure>\n\n\n\n<figure class=\"wp-block-image\"><a href=\"https:\/\/www.niva-stammtisch.de\/wp-content\/uploads\/Passau-Ruzsa-2016_692.jpg\" rel=\"lightbox[565]\"><img loading=\"lazy\" decoding=\"async\" width=\"1200\" height=\"900\" data-id=\"4318\" src=\"https:\/\/www.niva-stammtisch.de\/wp-content\/uploads\/Passau-Ruzsa-2016_692-1200x900.jpg\" alt=\"\" class=\"wp-image-4318\" srcset=\"https:\/\/www.niva-stammtisch.de\/wp-content\/uploads\/Passau-Ruzsa-2016_692.jpg 1200w, https:\/\/www.niva-stammtisch.de\/wp-content\/uploads\/Passau-Ruzsa-2016_692-600x450.jpg 600w, https:\/\/www.niva-stammtisch.de\/wp-content\/uploads\/Passau-Ruzsa-2016_692-768x576.jpg 768w\" sizes=\"auto, (max-width: 767px) 89vw, (max-width: 1000px) 54vw, (max-width: 1071px) 543px, 580px\" \/><\/a><figcaption class=\"wp-element-caption\">&#8230;Innenhof ohne Dach geparkt.<\/figcaption><\/figure>\n\n\n\n<figure class=\"wp-block-image\"><a href=\"https:\/\/www.niva-stammtisch.de\/wp-content\/uploads\/Passau-Ruzsa-2016_691.jpg\" rel=\"lightbox[565]\"><img loading=\"lazy\" decoding=\"async\" width=\"675\" height=\"1200\" data-id=\"4317\" src=\"https:\/\/www.niva-stammtisch.de\/wp-content\/uploads\/Passau-Ruzsa-2016_691-675x1200.jpg\" alt=\"\" class=\"wp-image-4317\" srcset=\"https:\/\/www.niva-stammtisch.de\/wp-content\/uploads\/Passau-Ruzsa-2016_691.jpg 675w, https:\/\/www.niva-stammtisch.de\/wp-content\/uploads\/Passau-Ruzsa-2016_691-338x600.jpg 338w\" sizes=\"auto, (max-width: 675px) 100vw, 675px\" \/><\/a><figcaption class=\"wp-element-caption\">Faltrad ist im Trocknen!<\/figcaption><\/figure>\n\n\n\n<figure class=\"wp-block-image\"><a href=\"https:\/\/www.niva-stammtisch.de\/wp-content\/uploads\/Passau-Ruzsa-2016_687.jpg\" rel=\"lightbox[565]\"><img loading=\"lazy\" decoding=\"async\" width=\"675\" height=\"1200\" data-id=\"4313\" src=\"https:\/\/www.niva-stammtisch.de\/wp-content\/uploads\/Passau-Ruzsa-2016_687-675x1200.jpg\" alt=\"\" class=\"wp-image-4313\" srcset=\"https:\/\/www.niva-stammtisch.de\/wp-content\/uploads\/Passau-Ruzsa-2016_687.jpg 675w, https:\/\/www.niva-stammtisch.de\/wp-content\/uploads\/Passau-Ruzsa-2016_687-338x600.jpg 338w\" sizes=\"auto, (max-width: 675px) 100vw, 675px\" \/><\/a><figcaption class=\"wp-element-caption\">Unser Zimmer&#8230;<\/figcaption><\/figure>\n\n\n\n<figure class=\"wp-block-image\"><a href=\"https:\/\/www.niva-stammtisch.de\/wp-content\/uploads\/Passau-Ruzsa-2016_688.jpg\" rel=\"lightbox[565]\"><img loading=\"lazy\" decoding=\"async\" width=\"1200\" height=\"675\" data-id=\"4314\" src=\"https:\/\/www.niva-stammtisch.de\/wp-content\/uploads\/Passau-Ruzsa-2016_688-1200x675.jpg\" alt=\"\" class=\"wp-image-4314\" srcset=\"https:\/\/www.niva-stammtisch.de\/wp-content\/uploads\/Passau-Ruzsa-2016_688.jpg 1200w, https:\/\/www.niva-stammtisch.de\/wp-content\/uploads\/Passau-Ruzsa-2016_688-600x338.jpg 600w, https:\/\/www.niva-stammtisch.de\/wp-content\/uploads\/Passau-Ruzsa-2016_688-768x432.jpg 768w\" sizes=\"auto, (max-width: 767px) 89vw, (max-width: 1000px) 54vw, (max-width: 1071px) 543px, 580px\" \/><\/a><figcaption class=\"wp-element-caption\">&#8230;war klein, aber fein.<\/figcaption><\/figure>\n\n\n\n<figure class=\"wp-block-image\"><a href=\"https:\/\/www.niva-stammtisch.de\/wp-content\/uploads\/Passau-Ruzsa-2016_690.jpg\" rel=\"lightbox[565]\"><img loading=\"lazy\" decoding=\"async\" width=\"1200\" height=\"675\" data-id=\"4316\" src=\"https:\/\/www.niva-stammtisch.de\/wp-content\/uploads\/Passau-Ruzsa-2016_690-1200x675.jpg\" alt=\"\" class=\"wp-image-4316\" srcset=\"https:\/\/www.niva-stammtisch.de\/wp-content\/uploads\/Passau-Ruzsa-2016_690.jpg 1200w, https:\/\/www.niva-stammtisch.de\/wp-content\/uploads\/Passau-Ruzsa-2016_690-600x338.jpg 600w, https:\/\/www.niva-stammtisch.de\/wp-content\/uploads\/Passau-Ruzsa-2016_690-768x432.jpg 768w\" sizes=\"auto, (max-width: 767px) 89vw, (max-width: 1000px) 54vw, (max-width: 1071px) 543px, 580px\" \/><\/a><figcaption class=\"wp-element-caption\">Ich bin nach oben gewandert \ud83d\ude42<\/figcaption><\/figure>\n<\/figure>\n\n\n\n<p>Erstmal wieder etwas eingerichtet, Internet und News von den Familien gecheckt. Raus aus den nassen Klamotten und warm geduscht, ging es dann gegen 19:00 rum \u2013 der Regen lie\u00df endlich deutlich nach \u2013 nochmal vor die T\u00fcre, frische Stadtluft schnappen und wir liefen den R\u00e1koczi Weg nochmal gem\u00fctlich im Bummelmodus Richtung Ostbahnhof entlang, um die Aussagen der Vermieterin bzgl. ben\u00fctigter Zeit zu \u00fcberpr\u00fcfen. In einer Fastfodkette gab es erstmal Mittagessen (nach 19:00!) und nach dem Bahnhofsbesuch sogar noch zu einem Chinesen (das tats\u00e4chliche Abendbrot), bei dem ich deutlich an meine F\u00fcllungsgrenzen kam \u2013 aber man g\u00f6nne sich ja sonst nichts. Es fiel auch generell auf, dass doch mittlerweile zumindest in der ungarischen Hauptstadt einige Asiaten leben und ihre kleinen Gesch\u00e4fte zu haben scheinen und am Ende besser ungarisch sprechen als ich. Didi wiederum staunte, dass man nicht immer mit Englisch oder Deutsch weiter kommt \ud83d\ude42 Ordentlich gef\u00fcllt, ging es dann gen Hotel und wir huschten langsam in die Heia, denn der n\u00e4chste Tag sollte zu Fu\u00df bestritten werden&#8230; <\/p>\n\n\n\n<hr class=\"wp-block-separator has-css-opacity\"\/>\n\n\n\n<p><a href=\"https:\/\/niva-stammtisch.de\/?page_id=538\">Einleitung<\/a> | <a href=\"https:\/\/niva-stammtisch.de\/?page_id=540\">1. Tag<\/a> | <a href=\"https:\/\/niva-stammtisch.de\/?page_id=547\">2. Tag<\/a> | <a href=\"https:\/\/niva-stammtisch.de\/?page_id=551\">3. Tag<\/a> | <a href=\"https:\/\/niva-stammtisch.de\/?page_id=553\">4. Tag<\/a> | <a href=\"https:\/\/niva-stammtisch.de\/?page_id=555\">5. Tag<\/a> | <a href=\"https:\/\/niva-stammtisch.de\/?page_id=557\">6. Tag<\/a> | <a href=\"https:\/\/niva-stammtisch.de\/?page_id=559\">7. Tag<\/a> | <a href=\"https:\/\/niva-stammtisch.de\/?page_id=561\">8. Tag<\/a> | <a href=\"https:\/\/niva-stammtisch.de\/?page_id=3745\">9. Tag<\/a> | <em><strong>10. Tag<\/strong><\/em> | <a href=\"https:\/\/niva-stammtisch.de\/?page_id=567\">11. Tag<\/a> | <a href=\"https:\/\/niva-stammtisch.de\/?page_id=570\">12. Tag<\/a> | <a href=\"https:\/\/niva-stammtisch.de\/?page_id=572\">13. Tag<\/a> | <a href=\"https:\/\/niva-stammtisch.de\/?page_id=574\">14. Tag<\/a> | Zur Bildergalerie<\/p>\n","protected":false},"excerpt":{"rendered":"<p>Der Wecker klingelte wieder p\u00fcnktlich gegen 8:00 und bevor wir tats\u00e4chlich aus dem Fenster schauten, waren wir ja voller Optimismus, dass das Wetter mit uns sei. Nix da! Weil es den ganzen gestrigen Tag nicht wirklich abregnen wollte, war also nix mit Sonnenschein. Da war diesmal wirklich \u201eguter Rat teuer\u201c. Naja, es half ja aber &hellip; <\/p>\n<p class=\"link-more\"><a href=\"https:\/\/www.niva-stammtisch.de\/?page_id=565\" class=\"more-link\"><span class=\"screen-reader-text\">\u201e10. Reisetag: Esztergom-Bub\u00e1natv\u00f6lgy &#8211; Szob &#8211; Budapest (5 + 13 km)\u201c <\/span>weiterlesen<\/a><\/p>\n","protected":false},"author":1,"featured_media":0,"parent":538,"menu_order":0,"comment_status":"closed","ping_status":"closed","template":"","meta":{"footnotes":""},"class_list":["post-565","page","type-page","status-publish","hentry"],"_links":{"self":[{"href":"https:\/\/www.niva-stammtisch.de\/index.php?rest_route=\/wp\/v2\/pages\/565","targetHints":{"allow":["GET"]}}],"collection":[{"href":"https:\/\/www.niva-stammtisch.de\/index.php?rest_route=\/wp\/v2\/pages"}],"about":[{"href":"https:\/\/www.niva-stammtisch.de\/index.php?rest_route=\/wp\/v2\/types\/page"}],"author":[{"embeddable":true,"href":"https:\/\/www.niva-stammtisch.de\/index.php?rest_route=\/wp\/v2\/users\/1"}],"replies":[{"embeddable":true,"href":"https:\/\/www.niva-stammtisch.de\/index.php?rest_route=%2Fwp%2Fv2%2Fcomments&post=565"}],"version-history":[{"count":23,"href":"https:\/\/www.niva-stammtisch.de\/index.php?rest_route=\/wp\/v2\/pages\/565\/revisions"}],"predecessor-version":[{"id":5794,"href":"https:\/\/www.niva-stammtisch.de\/index.php?rest_route=\/wp\/v2\/pages\/565\/revisions\/5794"}],"up":[{"embeddable":true,"href":"https:\/\/www.niva-stammtisch.de\/index.php?rest_route=\/wp\/v2\/pages\/538"}],"wp:attachment":[{"href":"https:\/\/www.niva-stammtisch.de\/index.php?rest_route=%2Fwp%2Fv2%2Fmedia&parent=565"}],"curies":[{"name":"wp","href":"https:\/\/api.w.org\/{rel}","templated":true}]}}