{"id":555,"date":"2018-12-25T18:06:22","date_gmt":"2018-12-25T17:06:22","guid":{"rendered":"https:\/\/tamas-radelei.de\/?page_id=555"},"modified":"2019-03-16T01:15:46","modified_gmt":"2019-03-16T00:15:46","slug":"5-reisetag-wien-tagestrip-mit-gamsi","status":"publish","type":"page","link":"https:\/\/www.niva-stammtisch.de\/?page_id=555","title":{"rendered":"05. Reisetag: Wien Tagestrip mit Gamsi"},"content":{"rendered":"\n<p>Wie vorher mit Gamsi besprochen, trafen wir uns am n\u00e4chsten Tag mit ihm am Campingplatzeingang. Mit dem 2112er ging es zun\u00e4chst zur\u00fcck zu seinem Wohnhaus, um dann von dort aus unproblematisch mit den \u00f6ffentlichen Verkehrsmitteln eine ausgesuchte Auswahl an sch\u00f6nen Stellen von Wien bewundern zu k\u00f6nnen. Da der erste Eindruck am Vortag irgendwie nicht so positiv war, wie erwartet, konnte Gamsi uns zum Gl\u00fcck vom Gegenteil \u00fcberzeugen. Und auch hier zeigte es sich wieder, dass es lohnenswert ist, einen \u201eEinheimischen\u201c zu kennen, der auch die anderen sch\u00f6nen Fleckchen gar nicht so weit ab von den Standardtouristenpunkten zu zeigen vermag. Zudem kommt noch das gute Wissen Gamsis dazu, dass den Eindruck erwecken k\u00f6nnte, er w\u00e4re mal ein Stadf\u00fchrer gewesen bzw. k\u00f6nnte er ruhig daf\u00fcr anheuern. <\/p>\n\n\n\n<ul class=\"wp-block-gallery columns-3 is-cropped\"><li class=\"blocks-gallery-item\"><figure><a href=\"https:\/\/tamas-radelei.de\/wp-content\/uploads\/Passau-Ruzsa-2016_092-1200x795.jpg\" rel=\"lightbox[1]\"><img decoding=\"async\" src=\"https:\/\/tamas-radelei.de\/wp-content\/uploads\/Passau-Ruzsa-2016_092-1200x795.jpg\" alt=\"\" data-id=\"3442\" data-link=\"https:\/\/tamas-radelei.de\/?attachment_id=3442\" class=\"wp-image-3442\"><\/a><\/figure><\/li><li class=\"blocks-gallery-item\"><figure><a href=\"https:\/\/tamas-radelei.de\/wp-content\/uploads\/Passau-Ruzsa-2016_093-1200x795.jpg\" rel=\"lightbox[1]\"><img decoding=\"async\" src=\"https:\/\/tamas-radelei.de\/wp-content\/uploads\/Passau-Ruzsa-2016_093-1200x795.jpg\" alt=\"\" data-id=\"3443\" data-link=\"https:\/\/tamas-radelei.de\/?attachment_id=3443\" class=\"wp-image-3443\"><\/a><\/figure><\/li><li class=\"blocks-gallery-item\"><figure><a href=\"https:\/\/tamas-radelei.de\/wp-content\/uploads\/Passau-Ruzsa-2016_096-1200x795.jpg\" rel=\"lightbox[1]\"><img decoding=\"async\" src=\"https:\/\/tamas-radelei.de\/wp-content\/uploads\/Passau-Ruzsa-2016_096-1200x795.jpg\" alt=\"\" data-id=\"3445\" data-link=\"https:\/\/tamas-radelei.de\/?attachment_id=3445\" class=\"wp-image-3445\"><\/a><\/figure><\/li><li class=\"blocks-gallery-item\"><figure><a href=\"https:\/\/tamas-radelei.de\/wp-content\/uploads\/Passau-Ruzsa-2016_098-1200x795.jpg\" rel=\"lightbox[1]\"><img decoding=\"async\" src=\"https:\/\/tamas-radelei.de\/wp-content\/uploads\/Passau-Ruzsa-2016_098-1200x795.jpg\" alt=\"\" data-id=\"3446\" data-link=\"https:\/\/tamas-radelei.de\/?attachment_id=3446\" class=\"wp-image-3446\"><\/a><\/figure><\/li><li class=\"blocks-gallery-item\"><figure><a href=\"https:\/\/tamas-radelei.de\/wp-content\/uploads\/Passau-Ruzsa-2016_105-1200x795.jpg\" rel=\"lightbox[1]\"><img decoding=\"async\" src=\"https:\/\/tamas-radelei.de\/wp-content\/uploads\/Passau-Ruzsa-2016_105-1200x795.jpg\" alt=\"\" data-id=\"3447\" data-link=\"https:\/\/tamas-radelei.de\/?attachment_id=3447\" class=\"wp-image-3447\"><\/a><\/figure><\/li><li class=\"blocks-gallery-item\"><figure><a href=\"https:\/\/tamas-radelei.de\/wp-content\/uploads\/Passau-Ruzsa-2016_107-1200x795.jpg\" rel=\"lightbox[1]\"><img decoding=\"async\" src=\"https:\/\/tamas-radelei.de\/wp-content\/uploads\/Passau-Ruzsa-2016_107-1200x795.jpg\" alt=\"\" data-id=\"3448\" data-link=\"https:\/\/tamas-radelei.de\/?attachment_id=3448\" class=\"wp-image-3448\"><\/a><\/figure><\/li><li class=\"blocks-gallery-item\"><figure><a href=\"https:\/\/tamas-radelei.de\/wp-content\/uploads\/Passau-Ruzsa-2016_108-1200x795.jpg\" rel=\"lightbox[1]\"><img decoding=\"async\" src=\"https:\/\/tamas-radelei.de\/wp-content\/uploads\/Passau-Ruzsa-2016_108-1200x795.jpg\" alt=\"\" data-id=\"3449\" data-link=\"https:\/\/tamas-radelei.de\/?attachment_id=3449\" class=\"wp-image-3449\"><\/a><\/figure><\/li><li class=\"blocks-gallery-item\"><figure><a href=\"https:\/\/tamas-radelei.de\/wp-content\/uploads\/Passau-Ruzsa-2016_109-795x1200.jpg\" rel=\"lightbox[1]\"><img decoding=\"async\" src=\"https:\/\/tamas-radelei.de\/wp-content\/uploads\/Passau-Ruzsa-2016_109-795x1200.jpg\" alt=\"\" data-id=\"3450\" data-link=\"https:\/\/tamas-radelei.de\/?attachment_id=3450\" class=\"wp-image-3450\"><\/a><\/figure><\/li><li class=\"blocks-gallery-item\"><figure><a href=\"https:\/\/tamas-radelei.de\/wp-content\/uploads\/Passau-Ruzsa-2016_118-1200x795.jpg\" rel=\"lightbox[1]\"><img decoding=\"async\" src=\"https:\/\/tamas-radelei.de\/wp-content\/uploads\/Passau-Ruzsa-2016_118-1200x795.jpg\" alt=\"\" data-id=\"3452\" data-link=\"https:\/\/tamas-radelei.de\/?attachment_id=3452\" class=\"wp-image-3452\"><\/a><\/figure><\/li><li class=\"blocks-gallery-item\"><figure><a href=\"https:\/\/tamas-radelei.de\/wp-content\/uploads\/Passau-Ruzsa-2016_120-795x1200.jpg\" rel=\"lightbox[1]\"><img decoding=\"async\" src=\"https:\/\/tamas-radelei.de\/wp-content\/uploads\/Passau-Ruzsa-2016_120-795x1200.jpg\" alt=\"\" data-id=\"3453\" data-link=\"https:\/\/tamas-radelei.de\/?attachment_id=3453\" class=\"wp-image-3453\"><\/a><\/figure><\/li><li class=\"blocks-gallery-item\"><figure><a href=\"https:\/\/tamas-radelei.de\/wp-content\/uploads\/Passau-Ruzsa-2016_125-795x1200.jpg\" rel=\"lightbox[1]\"><img decoding=\"async\" src=\"https:\/\/tamas-radelei.de\/wp-content\/uploads\/Passau-Ruzsa-2016_125-795x1200.jpg\" alt=\"\" data-id=\"3454\" data-link=\"https:\/\/tamas-radelei.de\/?attachment_id=3454\" class=\"wp-image-3454\"><\/a><\/figure><\/li><li class=\"blocks-gallery-item\"><figure><a href=\"https:\/\/tamas-radelei.de\/wp-content\/uploads\/Passau-Ruzsa-2016_126-1200x795.jpg\" rel=\"lightbox[1]\"><img decoding=\"async\" src=\"https:\/\/tamas-radelei.de\/wp-content\/uploads\/Passau-Ruzsa-2016_126-1200x795.jpg\" alt=\"\" data-id=\"3455\" data-link=\"https:\/\/tamas-radelei.de\/?attachment_id=3455\" class=\"wp-image-3455\"><\/a><\/figure><\/li><li class=\"blocks-gallery-item\"><figure><a href=\"https:\/\/tamas-radelei.de\/wp-content\/uploads\/Passau-Ruzsa-2016_128-795x1200.jpg\" rel=\"lightbox[1]\"><img decoding=\"async\" src=\"https:\/\/tamas-radelei.de\/wp-content\/uploads\/Passau-Ruzsa-2016_128-795x1200.jpg\" alt=\"\" data-id=\"3456\" data-link=\"https:\/\/tamas-radelei.de\/?attachment_id=3456\" class=\"wp-image-3456\"><\/a><\/figure><\/li><li class=\"blocks-gallery-item\"><figure><a href=\"https:\/\/tamas-radelei.de\/wp-content\/uploads\/Passau-Ruzsa-2016_130-795x1200.jpg\" rel=\"lightbox[1]\"><img decoding=\"async\" src=\"https:\/\/tamas-radelei.de\/wp-content\/uploads\/Passau-Ruzsa-2016_130-795x1200.jpg\" alt=\"\" data-id=\"3457\" data-link=\"https:\/\/tamas-radelei.de\/?attachment_id=3457\" class=\"wp-image-3457\"><\/a><\/figure><\/li><li class=\"blocks-gallery-item\"><figure><a href=\"https:\/\/tamas-radelei.de\/wp-content\/uploads\/Passau-Ruzsa-2016_135-795x1200.jpg\" rel=\"lightbox[1]\"><img decoding=\"async\" src=\"https:\/\/tamas-radelei.de\/wp-content\/uploads\/Passau-Ruzsa-2016_135-795x1200.jpg\" alt=\"\" data-id=\"3458\" data-link=\"https:\/\/tamas-radelei.de\/?attachment_id=3458\" class=\"wp-image-3458\"><\/a><\/figure><\/li><li class=\"blocks-gallery-item\"><figure><a href=\"https:\/\/tamas-radelei.de\/wp-content\/uploads\/Passau-Ruzsa-2016_138-1200x795.jpg\" rel=\"lightbox[1]\"><img decoding=\"async\" src=\"https:\/\/tamas-radelei.de\/wp-content\/uploads\/Passau-Ruzsa-2016_138-1200x795.jpg\" alt=\"\" data-id=\"3459\" data-link=\"https:\/\/tamas-radelei.de\/?attachment_id=3459\" class=\"wp-image-3459\"><\/a><\/figure><\/li><li class=\"blocks-gallery-item\"><figure><a href=\"https:\/\/tamas-radelei.de\/wp-content\/uploads\/Passau-Ruzsa-2016_140-1200x795.jpg\" rel=\"lightbox[1]\"><img decoding=\"async\" src=\"https:\/\/tamas-radelei.de\/wp-content\/uploads\/Passau-Ruzsa-2016_140-1200x795.jpg\" alt=\"\" data-id=\"3460\" data-link=\"https:\/\/tamas-radelei.de\/?attachment_id=3460\" class=\"wp-image-3460\"><\/a><\/figure><\/li><li class=\"blocks-gallery-item\"><figure><a href=\"https:\/\/tamas-radelei.de\/wp-content\/uploads\/Passau-Ruzsa-2016_146-1200x795.jpg\" rel=\"lightbox[1]\"><img decoding=\"async\" src=\"https:\/\/tamas-radelei.de\/wp-content\/uploads\/Passau-Ruzsa-2016_146-1200x795.jpg\" alt=\"\" data-id=\"3461\" data-link=\"https:\/\/tamas-radelei.de\/?attachment_id=3461\" class=\"wp-image-3461\"><\/a><\/figure><\/li><li class=\"blocks-gallery-item\"><figure><a href=\"https:\/\/tamas-radelei.de\/wp-content\/uploads\/Passau-Ruzsa-2016_150-1200x795.jpg\" rel=\"lightbox[1]\"><img decoding=\"async\" src=\"https:\/\/tamas-radelei.de\/wp-content\/uploads\/Passau-Ruzsa-2016_150-1200x795.jpg\" alt=\"\" data-id=\"3462\" data-link=\"https:\/\/tamas-radelei.de\/?attachment_id=3462\" class=\"wp-image-3462\"><\/a><\/figure><\/li><li class=\"blocks-gallery-item\"><figure><a href=\"https:\/\/tamas-radelei.de\/wp-content\/uploads\/Passau-Ruzsa-2016_155-795x1200.jpg\" rel=\"lightbox[1]\"><img decoding=\"async\" src=\"https:\/\/tamas-radelei.de\/wp-content\/uploads\/Passau-Ruzsa-2016_155-795x1200.jpg\" alt=\"\" data-id=\"3463\" data-link=\"https:\/\/tamas-radelei.de\/?attachment_id=3463\" class=\"wp-image-3463\"><\/a><\/figure><\/li><li class=\"blocks-gallery-item\"><figure><a href=\"https:\/\/tamas-radelei.de\/wp-content\/uploads\/Passau-Ruzsa-2016_157-1200x795.jpg\" rel=\"lightbox[1]\"><img decoding=\"async\" src=\"https:\/\/tamas-radelei.de\/wp-content\/uploads\/Passau-Ruzsa-2016_157-1200x795.jpg\" alt=\"\" data-id=\"3464\" data-link=\"https:\/\/tamas-radelei.de\/?attachment_id=3464\" class=\"wp-image-3464\"><\/a><\/figure><\/li><\/ul>\n\n\n\n<p>Da wir so vieles sehen konnten, seien nur einige Sehensw\u00fcrdigkeiten genannt wie die Wiener Hofreitschule, Schloss Sch\u00f6nbrunn, Stephansdom sowie viele kleine, gem\u00fctliche Gassen und ruhige Innenh\u00f6fe, die mich teilweise an Ungarn erinnern. Auch am Prater waren wir gewesen. Darauf mussten wir uns langsam aber sicher doch etwas st\u00e4rken und besuchten eine doch gutb\u00fcrgerliche Einrichtung, in der es O-Ton \u201enoch \u00f6sterreichische Kellner\u201c gibt. Da waren die zwei \u201ekleinen\u201c Schnitzel selbst f\u00fcr den Didi fast zu viel! Gamsi und ich sind in der Hinsicht gut trainiert, wie es sich zeigte und die jeweils zwei gro\u00dfen Schnitzel mit Beilage waren f\u00fcr uns beide kein Thema.<\/p>\n\n\n\n<ul class=\"wp-block-gallery columns-3 is-cropped wp-block-gallery-1 is-layout-flex wp-block-gallery-is-layout-flex\"><li class=\"blocks-gallery-item\"><figure><a href=\"https:\/\/tamas-radelei.de\/wp-content\/uploads\/Passau-Ruzsa-2016_158-1200x795.jpg\" rel=\"lightbox[2]\"><img decoding=\"async\" src=\"https:\/\/tamas-radelei.de\/wp-content\/uploads\/Passau-Ruzsa-2016_158-1200x795.jpg\" alt=\"\" data-id=\"3465\" data-link=\"https:\/\/tamas-radelei.de\/?attachment_id=3465\" class=\"wp-image-3465\"\/><\/a><\/figure><\/li><li class=\"blocks-gallery-item\"><figure><a href=\"https:\/\/tamas-radelei.de\/wp-content\/uploads\/Passau-Ruzsa-2016_164-1200x795.jpg\" rel=\"lightbox[2]\"><img decoding=\"async\" src=\"https:\/\/tamas-radelei.de\/wp-content\/uploads\/Passau-Ruzsa-2016_164-1200x795.jpg\" alt=\"\" data-id=\"3469\" data-link=\"https:\/\/tamas-radelei.de\/?attachment_id=3469\" class=\"wp-image-3469\"\/><\/a><\/figure><\/li><li class=\"blocks-gallery-item\"><figure><a href=\"https:\/\/tamas-radelei.de\/wp-content\/uploads\/Passau-Ruzsa-2016_165-1200x795.jpg\" rel=\"lightbox[2]\"><img decoding=\"async\" src=\"https:\/\/tamas-radelei.de\/wp-content\/uploads\/Passau-Ruzsa-2016_165-1200x795.jpg\" alt=\"\" data-id=\"3470\" data-link=\"https:\/\/tamas-radelei.de\/?attachment_id=3470\" class=\"wp-image-3470\"\/><\/a><\/figure><\/li><li class=\"blocks-gallery-item\"><figure><a href=\"https:\/\/tamas-radelei.de\/wp-content\/uploads\/Passau-Ruzsa-2016_166-1200x795.jpg\" rel=\"lightbox[2]\"><img decoding=\"async\" src=\"https:\/\/tamas-radelei.de\/wp-content\/uploads\/Passau-Ruzsa-2016_166-1200x795.jpg\" alt=\"\" data-id=\"3471\" data-link=\"https:\/\/tamas-radelei.de\/?attachment_id=3471\" class=\"wp-image-3471\"\/><\/a><\/figure><\/li><li class=\"blocks-gallery-item\"><figure><a href=\"https:\/\/tamas-radelei.de\/wp-content\/uploads\/Passau-Ruzsa-2016_168-1200x795.jpg\" rel=\"lightbox[2]\"><img decoding=\"async\" src=\"https:\/\/tamas-radelei.de\/wp-content\/uploads\/Passau-Ruzsa-2016_168-1200x795.jpg\" alt=\"\" data-id=\"3472\" data-link=\"https:\/\/tamas-radelei.de\/?attachment_id=3472\" class=\"wp-image-3472\"\/><\/a><\/figure><\/li><li class=\"blocks-gallery-item\"><figure><a href=\"https:\/\/tamas-radelei.de\/wp-content\/uploads\/Passau-Ruzsa-2016_169-795x1200.jpg\" rel=\"lightbox[2]\"><img decoding=\"async\" src=\"https:\/\/tamas-radelei.de\/wp-content\/uploads\/Passau-Ruzsa-2016_169-795x1200.jpg\" alt=\"\" data-id=\"3473\" data-link=\"https:\/\/tamas-radelei.de\/?attachment_id=3473\" class=\"wp-image-3473\"\/><\/a><\/figure><\/li><li class=\"blocks-gallery-item\"><figure><a href=\"https:\/\/tamas-radelei.de\/wp-content\/uploads\/Passau-Ruzsa-2016_173-1200x795.jpg\" rel=\"lightbox[2]\"><img decoding=\"async\" src=\"https:\/\/tamas-radelei.de\/wp-content\/uploads\/Passau-Ruzsa-2016_173-1200x795.jpg\" alt=\"\" data-id=\"3474\" data-link=\"https:\/\/tamas-radelei.de\/?attachment_id=3474\" class=\"wp-image-3474\"\/><\/a><\/figure><\/li><li class=\"blocks-gallery-item\"><figure><a href=\"https:\/\/tamas-radelei.de\/wp-content\/uploads\/Passau-Ruzsa-2016_175-1200x795.jpg\" rel=\"lightbox[2]\"><img decoding=\"async\" src=\"https:\/\/tamas-radelei.de\/wp-content\/uploads\/Passau-Ruzsa-2016_175-1200x795.jpg\" alt=\"\" data-id=\"3475\" data-link=\"https:\/\/tamas-radelei.de\/?attachment_id=3475\" class=\"wp-image-3475\"\/><\/a><\/figure><\/li><li class=\"blocks-gallery-item\"><figure><a href=\"https:\/\/tamas-radelei.de\/wp-content\/uploads\/Passau-Ruzsa-2016_177-1200x795.jpg\" rel=\"lightbox[2]\"><img decoding=\"async\" src=\"https:\/\/tamas-radelei.de\/wp-content\/uploads\/Passau-Ruzsa-2016_177-1200x795.jpg\" alt=\"\" data-id=\"3476\" data-link=\"https:\/\/tamas-radelei.de\/?attachment_id=3476\" class=\"wp-image-3476\"\/><\/a><\/figure><\/li><li class=\"blocks-gallery-item\"><figure><a href=\"https:\/\/tamas-radelei.de\/wp-content\/uploads\/Passau-Ruzsa-2016_181-1200x795.jpg\" rel=\"lightbox[2]\"><img decoding=\"async\" src=\"https:\/\/tamas-radelei.de\/wp-content\/uploads\/Passau-Ruzsa-2016_181-1200x795.jpg\" alt=\"\" data-id=\"3477\" data-link=\"https:\/\/tamas-radelei.de\/?attachment_id=3477\" class=\"wp-image-3477\"\/><\/a><\/figure><\/li><li class=\"blocks-gallery-item\"><figure><a href=\"https:\/\/tamas-radelei.de\/wp-content\/uploads\/Passau-Ruzsa-2016_183-1200x795.jpg\" rel=\"lightbox[2]\"><img decoding=\"async\" src=\"https:\/\/tamas-radelei.de\/wp-content\/uploads\/Passau-Ruzsa-2016_183-1200x795.jpg\" alt=\"\" data-id=\"3478\" data-link=\"https:\/\/tamas-radelei.de\/?attachment_id=3478\" class=\"wp-image-3478\"\/><\/a><\/figure><\/li><li class=\"blocks-gallery-item\"><figure><a href=\"https:\/\/tamas-radelei.de\/wp-content\/uploads\/Passau-Ruzsa-2016_184-1200x795.jpg\" rel=\"lightbox[2]\"><img decoding=\"async\" src=\"https:\/\/tamas-radelei.de\/wp-content\/uploads\/Passau-Ruzsa-2016_184-1200x795.jpg\" alt=\"\" data-id=\"3479\" data-link=\"https:\/\/tamas-radelei.de\/?attachment_id=3479\" class=\"wp-image-3479\"\/><\/a><\/figure><\/li><li class=\"blocks-gallery-item\"><figure><a href=\"https:\/\/tamas-radelei.de\/wp-content\/uploads\/Passau-Ruzsa-2016_186-1200x795.jpg\" rel=\"lightbox[2]\"><img decoding=\"async\" src=\"https:\/\/tamas-radelei.de\/wp-content\/uploads\/Passau-Ruzsa-2016_186-1200x795.jpg\" alt=\"\" data-id=\"3480\" data-link=\"https:\/\/tamas-radelei.de\/?attachment_id=3480\" class=\"wp-image-3480\"\/><\/a><\/figure><\/li><li class=\"blocks-gallery-item\"><figure><a href=\"https:\/\/tamas-radelei.de\/wp-content\/uploads\/Passau-Ruzsa-2016_191-795x1200.jpg\" rel=\"lightbox[2]\"><img decoding=\"async\" src=\"https:\/\/tamas-radelei.de\/wp-content\/uploads\/Passau-Ruzsa-2016_191-795x1200.jpg\" alt=\"\" data-id=\"3483\" data-link=\"https:\/\/tamas-radelei.de\/?attachment_id=3483\" class=\"wp-image-3483\"\/><\/a><\/figure><\/li><li class=\"blocks-gallery-item\"><figure><a href=\"https:\/\/tamas-radelei.de\/wp-content\/uploads\/Passau-Ruzsa-2016_192-1200x795.jpg\" rel=\"lightbox[2]\"><img decoding=\"async\" src=\"https:\/\/tamas-radelei.de\/wp-content\/uploads\/Passau-Ruzsa-2016_192-1200x795.jpg\" alt=\"\" data-id=\"3484\" data-link=\"https:\/\/tamas-radelei.de\/?attachment_id=3484\" class=\"wp-image-3484\"\/><\/a><\/figure><\/li><li class=\"blocks-gallery-item\"><figure><a href=\"https:\/\/tamas-radelei.de\/wp-content\/uploads\/Passau-Ruzsa-2016_194-795x1200.jpg\" rel=\"lightbox[2]\"><img decoding=\"async\" src=\"https:\/\/tamas-radelei.de\/wp-content\/uploads\/Passau-Ruzsa-2016_194-795x1200.jpg\" alt=\"\" data-id=\"3485\" data-link=\"https:\/\/tamas-radelei.de\/?attachment_id=3485\" class=\"wp-image-3485\"\/><\/a><\/figure><\/li><li class=\"blocks-gallery-item\"><figure><a href=\"https:\/\/tamas-radelei.de\/wp-content\/uploads\/Passau-Ruzsa-2016_195-1200x795.jpg\" rel=\"lightbox[2]\"><img decoding=\"async\" src=\"https:\/\/tamas-radelei.de\/wp-content\/uploads\/Passau-Ruzsa-2016_195-1200x795.jpg\" alt=\"\" data-id=\"3486\" data-link=\"https:\/\/tamas-radelei.de\/?attachment_id=3486\" class=\"wp-image-3486\"\/><\/a><\/figure><\/li><li class=\"blocks-gallery-item\"><figure><a href=\"https:\/\/tamas-radelei.de\/wp-content\/uploads\/Passau-Ruzsa-2016_197-1200x795.jpg\" rel=\"lightbox[2]\"><img decoding=\"async\" src=\"https:\/\/tamas-radelei.de\/wp-content\/uploads\/Passau-Ruzsa-2016_197-1200x795.jpg\" alt=\"\" data-id=\"3487\" data-link=\"https:\/\/tamas-radelei.de\/?attachment_id=3487\" class=\"wp-image-3487\"\/><\/a><\/figure><\/li><li class=\"blocks-gallery-item\"><figure><a href=\"https:\/\/tamas-radelei.de\/wp-content\/uploads\/Passau-Ruzsa-2016_198-1200x795.jpg\" rel=\"lightbox[2]\"><img decoding=\"async\" src=\"https:\/\/tamas-radelei.de\/wp-content\/uploads\/Passau-Ruzsa-2016_198-1200x795.jpg\" alt=\"\" data-id=\"3488\" data-link=\"https:\/\/tamas-radelei.de\/?attachment_id=3488\" class=\"wp-image-3488\"\/><\/a><\/figure><\/li><li class=\"blocks-gallery-item\"><figure><a href=\"https:\/\/tamas-radelei.de\/wp-content\/uploads\/Passau-Ruzsa-2016_200-1200x795.jpg\" rel=\"lightbox[2]\"><img decoding=\"async\" src=\"https:\/\/tamas-radelei.de\/wp-content\/uploads\/Passau-Ruzsa-2016_200-1200x795.jpg\" alt=\"\" data-id=\"3489\" data-link=\"https:\/\/tamas-radelei.de\/?attachment_id=3489\" class=\"wp-image-3489\"\/><\/a><\/figure><\/li><li class=\"blocks-gallery-item\"><figure><a href=\"https:\/\/tamas-radelei.de\/wp-content\/uploads\/Passau-Ruzsa-2016_205-1200x795.jpg\" rel=\"lightbox[2]\"><img decoding=\"async\" src=\"https:\/\/tamas-radelei.de\/wp-content\/uploads\/Passau-Ruzsa-2016_205-1200x795.jpg\" alt=\"\" data-id=\"3493\" data-link=\"https:\/\/tamas-radelei.de\/?attachment_id=3493\" class=\"wp-image-3493\"\/><\/a><\/figure><\/li><li class=\"blocks-gallery-item\"><figure><a href=\"https:\/\/tamas-radelei.de\/wp-content\/uploads\/Passau-Ruzsa-2016_206-1200x795.jpg\" rel=\"lightbox[2]\"><img decoding=\"async\" src=\"https:\/\/tamas-radelei.de\/wp-content\/uploads\/Passau-Ruzsa-2016_206-1200x795.jpg\" alt=\"\" data-id=\"3494\" data-link=\"https:\/\/tamas-radelei.de\/?attachment_id=3494\" class=\"wp-image-3494\"\/><\/a><\/figure><\/li><li class=\"blocks-gallery-item\"><figure><a href=\"https:\/\/tamas-radelei.de\/wp-content\/uploads\/Passau-Ruzsa-2016_210-1200x795.jpg\" rel=\"lightbox[2]\"><img decoding=\"async\" src=\"https:\/\/tamas-radelei.de\/wp-content\/uploads\/Passau-Ruzsa-2016_210-1200x795.jpg\" alt=\"\" data-id=\"3497\" data-link=\"https:\/\/tamas-radelei.de\/?attachment_id=3497\" class=\"wp-image-3497\"\/><\/a><\/figure><\/li><li class=\"blocks-gallery-item\"><figure><a href=\"https:\/\/tamas-radelei.de\/wp-content\/uploads\/Passau-Ruzsa-2016_213-1200x795.jpg\" rel=\"lightbox[2]\"><img decoding=\"async\" src=\"https:\/\/tamas-radelei.de\/wp-content\/uploads\/Passau-Ruzsa-2016_213-1200x795.jpg\" alt=\"\" data-id=\"3498\" data-link=\"https:\/\/tamas-radelei.de\/?attachment_id=3498\" class=\"wp-image-3498\"\/><\/a><\/figure><\/li><li class=\"blocks-gallery-item\"><figure><a href=\"https:\/\/tamas-radelei.de\/wp-content\/uploads\/Passau-Ruzsa-2016_217-795x1200.jpg\" rel=\"lightbox[2]\"><img decoding=\"async\" src=\"https:\/\/tamas-radelei.de\/wp-content\/uploads\/Passau-Ruzsa-2016_217-795x1200.jpg\" alt=\"\" data-id=\"3500\" data-link=\"https:\/\/tamas-radelei.de\/?attachment_id=3500\" class=\"wp-image-3500\"\/><\/a><\/figure><\/li><li class=\"blocks-gallery-item\"><figure><a href=\"https:\/\/tamas-radelei.de\/wp-content\/uploads\/Passau-Ruzsa-2016_221-795x1200.jpg\" rel=\"lightbox[2]\"><img decoding=\"async\" src=\"https:\/\/tamas-radelei.de\/wp-content\/uploads\/Passau-Ruzsa-2016_221-795x1200.jpg\" alt=\"\" data-id=\"3501\" data-link=\"https:\/\/tamas-radelei.de\/?attachment_id=3501\" class=\"wp-image-3501\"\/><\/a><\/figure><\/li><\/ul>\n\n\n\n<p>Nachdem unser sp\u00e4tes Mittagessen auch f\u00fcrs Abendbrot bereits langte und wir es noch kurz sacken\nlie\u00dfen, traten wir langsam, aber sich den Weg zum Campingplatz an. Dort an der Tankstelle (auch mit\neinem angeschlossenen SPAR-Shop) deckten wir uns mit dem n\u00f6tigen Vorrat f\u00fcr den n\u00e4chsten Tag ein.\nGamsis zus\u00e4tzliche zwei H\u00e4nde waren dabei sehr hilfreich. Wir zeigtem ihm unsere Nachtlager und\nmachten es uns zum Tagesausklang am Camping-Imbiss nochmals etwas gem\u00fctlich. Nicht nur\nwettertechnisch, sondern auch kulturell war dies wieder ein sehr sch\u00f6ner Reisetag unserer Tour\ngewesen.\n<\/p>\n\n\n\n<ul class=\"wp-block-gallery columns-2 is-cropped wp-block-gallery-2 is-layout-flex wp-block-gallery-is-layout-flex\"><li class=\"blocks-gallery-item\"><figure><a href=\"https:\/\/tamas-radelei.de\/wp-content\/uploads\/Passau-Ruzsa-2016_223-1200x795.jpg\" rel=\"lightbox[3]\"><img decoding=\"async\" src=\"https:\/\/tamas-radelei.de\/wp-content\/uploads\/Passau-Ruzsa-2016_223-1200x795.jpg\" alt=\"\" data-id=\"3502\" data-link=\"https:\/\/tamas-radelei.de\/?attachment_id=3502\" class=\"wp-image-3502\"\/><\/a><\/figure><\/li><li class=\"blocks-gallery-item\"><figure><a href=\"https:\/\/tamas-radelei.de\/wp-content\/uploads\/Passau-Ruzsa-2016_225-1200x795.jpg\" rel=\"lightbox[3]\"><img decoding=\"async\" src=\"https:\/\/tamas-radelei.de\/wp-content\/uploads\/Passau-Ruzsa-2016_225-1200x795.jpg\" alt=\"\" data-id=\"3503\" data-link=\"https:\/\/tamas-radelei.de\/?attachment_id=3503\" class=\"wp-image-3503\"\/><\/a><\/figure><\/li><\/ul>\n\n\n\n<hr class=\"wp-block-separator\"\/>\n\n\n\n<p><a href=\"https:\/\/niva-stammtisch.de\/?page_id=538\">Einleitung<\/a> | <a href=\"https:\/\/niva-stammtisch.de\/?page_id=540\">1. Tag<\/a> | <a href=\"https:\/\/niva-stammtisch.de\/?page_id=547\">2. Tag<\/a> | <a href=\"https:\/\/niva-stammtisch.de\/?page_id=551\">3. Tag<\/a> | <a href=\"https:\/\/niva-stammtisch.de\/?page_id=553\">4. Tag<\/a> | <strong><em>5. Tag<\/em><\/strong> | <a href=\"https:\/\/niva-stammtisch.de\/?page_id=557\">6. Tag<\/a> | <a href=\"https:\/\/niva-stammtisch.de\/?page_id=559\">7. Tag<\/a> | <a href=\"https:\/\/niva-stammtisch.de\/?page_id=561\">8. Tag<\/a> | <a href=\"https:\/\/niva-stammtisch.de\/?page_id=563\">9. Tag<\/a> | <a href=\"https:\/\/niva-stammtisch.de\/?page_id=565\">10. Tag<\/a> | <a href=\"https:\/\/niva-stammtisch.de\/?page_id=567\">11. Tag<\/a> | <a href=\"https:\/\/niva-stammtisch.de\/?page_id=570\">12. Tag<\/a> | <a href=\"https:\/\/niva-stammtisch.de\/?page_id=572\">13. Tag<\/a> | <a href=\"https:\/\/niva-stammtisch.de\/?page_id=574\">14. Tag<\/a> | Zur Bildergalerie<\/p>\n","protected":false},"excerpt":{"rendered":"<p>Wie vorher mit Gamsi besprochen, trafen wir uns am n\u00e4chsten Tag mit ihm am Campingplatzeingang. Mit dem 2112er ging es zun\u00e4chst zur\u00fcck zu seinem Wohnhaus, um dann von dort aus unproblematisch mit den \u00f6ffentlichen Verkehrsmitteln eine ausgesuchte Auswahl an sch\u00f6nen Stellen von Wien bewundern zu k\u00f6nnen. Da der erste Eindruck am Vortag irgendwie nicht so &hellip; <\/p>\n<p class=\"link-more\"><a href=\"https:\/\/www.niva-stammtisch.de\/?page_id=555\" class=\"more-link\"><span class=\"screen-reader-text\">\u201e05. Reisetag: Wien Tagestrip mit Gamsi\u201c <\/span>weiterlesen<\/a><\/p>\n","protected":false},"author":1,"featured_media":0,"parent":538,"menu_order":0,"comment_status":"closed","ping_status":"closed","template":"","meta":{"footnotes":""},"class_list":["post-555","page","type-page","status-publish","hentry"],"_links":{"self":[{"href":"https:\/\/www.niva-stammtisch.de\/index.php?rest_route=\/wp\/v2\/pages\/555","targetHints":{"allow":["GET"]}}],"collection":[{"href":"https:\/\/www.niva-stammtisch.de\/index.php?rest_route=\/wp\/v2\/pages"}],"about":[{"href":"https:\/\/www.niva-stammtisch.de\/index.php?rest_route=\/wp\/v2\/types\/page"}],"author":[{"embeddable":true,"href":"https:\/\/www.niva-stammtisch.de\/index.php?rest_route=\/wp\/v2\/users\/1"}],"replies":[{"embeddable":true,"href":"https:\/\/www.niva-stammtisch.de\/index.php?rest_route=%2Fwp%2Fv2%2Fcomments&post=555"}],"version-history":[{"count":9,"href":"https:\/\/www.niva-stammtisch.de\/index.php?rest_route=\/wp\/v2\/pages\/555\/revisions"}],"predecessor-version":[{"id":4470,"href":"https:\/\/www.niva-stammtisch.de\/index.php?rest_route=\/wp\/v2\/pages\/555\/revisions\/4470"}],"up":[{"embeddable":true,"href":"https:\/\/www.niva-stammtisch.de\/index.php?rest_route=\/wp\/v2\/pages\/538"}],"wp:attachment":[{"href":"https:\/\/www.niva-stammtisch.de\/index.php?rest_route=%2Fwp%2Fv2%2Fmedia&parent=555"}],"curies":[{"name":"wp","href":"https:\/\/api.w.org\/{rel}","templated":true}]}}