{"id":551,"date":"2018-12-25T17:55:34","date_gmt":"2018-12-25T16:55:34","guid":{"rendered":"https:\/\/tamas-radelei.de\/?page_id=551"},"modified":"2023-03-11T17:03:58","modified_gmt":"2023-03-11T16:03:58","slug":"3-reisetag-ansfelden-grein-64-km","status":"publish","type":"page","link":"https:\/\/www.niva-stammtisch.de\/?page_id=551","title":{"rendered":"03. Reisetag: Ansfelden &#8211; Grein (64 km)"},"content":{"rendered":"\n<iframe loading=\"lazy\" src=\"https:\/\/www.komoot.de\/tour\/1031311239\/embed?profile=1\" width=\"100%\" height=\"700\" frameborder=\"0\" scrolling=\"no\"><\/iframe>\n\n\n\n<p>&#8230; umso schwerer fiel dann nat\u00fcrlich das Aufstehen am n\u00e4chsten Morgen, was sich sp\u00e4ter nochmal r\u00e4chen sollte. Nach dem Fr\u00fchst\u00fcck zur St\u00e4rkung und dem diesmal schnelleren Packen (Zelt etc. wurden ja in der letzten Nacht nicht gebraucht ) ging es trotzdem erst (wieder) gegen 11:00 Uhr los und Jogi begleitete uns bis zum Wasserwerk in Abwinden. An diesem Tage standen ca. 85 km bis P\u00f6chlarn auf dem Programm. Trotz stetiger Bew\u00f6lkung lie\u00df es sich gut radeln. Kurz nach Abwinden \u00fcberquerten wir die Donau mittels kleiner F\u00e4hre von Enns nach Mauthausen \u2013 Feststellung: f\u00fcr die n\u00e4chste Tour kann man sich das St\u00fcck auf der rechten Seite sowie dann auch die F\u00e4hre sparen und man f\u00e4hrt ab Abwinden (gleich) auf der linken Seite nach Mauthausen und dann weiter. Oder man f\u00e4hrt von Enns weiter auf der rechten Seite, muss dann aber anderen Wegweisern folgen. <\/p>\n\n\n\n<figure class=\"wp-block-gallery has-nested-images columns-2 is-cropped wp-block-gallery-1 is-layout-flex wp-block-gallery-is-layout-flex\">\n<figure class=\"wp-block-image\"><a href=\"https:\/\/www.niva-stammtisch.de\/wp-content\/uploads\/Passau-Ruzsa-2016_083-1.jpg\" rel=\"lightbox[551]\"><img loading=\"lazy\" decoding=\"async\" width=\"1200\" height=\"795\" data-id=\"3872\" src=\"https:\/\/www.niva-stammtisch.de\/wp-content\/uploads\/Passau-Ruzsa-2016_083-1-1200x795.jpg\" alt=\"\" class=\"wp-image-3872\" srcset=\"https:\/\/www.niva-stammtisch.de\/wp-content\/uploads\/Passau-Ruzsa-2016_083-1.jpg 1200w, https:\/\/www.niva-stammtisch.de\/wp-content\/uploads\/Passau-Ruzsa-2016_083-1-600x398.jpg 600w, https:\/\/www.niva-stammtisch.de\/wp-content\/uploads\/Passau-Ruzsa-2016_083-1-768x509.jpg 768w\" sizes=\"auto, (max-width: 767px) 89vw, (max-width: 1000px) 54vw, (max-width: 1071px) 543px, 580px\" \/><\/a><figcaption class=\"wp-element-caption\">Blick von Enns auf\u2026<\/figcaption><\/figure>\n\n\n\n<figure class=\"wp-block-image\"><a href=\"https:\/\/www.niva-stammtisch.de\/wp-content\/uploads\/Passau-Ruzsa-2016_084-1.jpg\" rel=\"lightbox[551]\"><img loading=\"lazy\" decoding=\"async\" width=\"1200\" height=\"795\" data-id=\"3873\" src=\"https:\/\/www.niva-stammtisch.de\/wp-content\/uploads\/Passau-Ruzsa-2016_084-1-1200x795.jpg\" alt=\"\" class=\"wp-image-3873\" srcset=\"https:\/\/www.niva-stammtisch.de\/wp-content\/uploads\/Passau-Ruzsa-2016_084-1.jpg 1200w, https:\/\/www.niva-stammtisch.de\/wp-content\/uploads\/Passau-Ruzsa-2016_084-1-600x398.jpg 600w, https:\/\/www.niva-stammtisch.de\/wp-content\/uploads\/Passau-Ruzsa-2016_084-1-768x509.jpg 768w\" sizes=\"auto, (max-width: 767px) 89vw, (max-width: 1000px) 54vw, (max-width: 1071px) 543px, 580px\" \/><\/a><figcaption class=\"wp-element-caption\">\u2026Mauthausen.<\/figcaption><\/figure>\n\n\n\n<figure class=\"wp-block-image\"><a href=\"https:\/\/www.niva-stammtisch.de\/wp-content\/uploads\/Passau-Ruzsa-2016_089-1.jpg\" rel=\"lightbox[551]\"><img loading=\"lazy\" decoding=\"async\" width=\"1200\" height=\"795\" data-id=\"3878\" src=\"https:\/\/www.niva-stammtisch.de\/wp-content\/uploads\/Passau-Ruzsa-2016_089-1-1200x795.jpg\" alt=\"\" class=\"wp-image-3878\" srcset=\"https:\/\/www.niva-stammtisch.de\/wp-content\/uploads\/Passau-Ruzsa-2016_089-1.jpg 1200w, https:\/\/www.niva-stammtisch.de\/wp-content\/uploads\/Passau-Ruzsa-2016_089-1-600x398.jpg 600w, https:\/\/www.niva-stammtisch.de\/wp-content\/uploads\/Passau-Ruzsa-2016_089-1-768x509.jpg 768w\" sizes=\"auto, (max-width: 767px) 89vw, (max-width: 1000px) 54vw, (max-width: 1071px) 543px, 580px\" \/><\/a><figcaption class=\"wp-element-caption\">Didi und Tami knipsen\u2026<\/figcaption><\/figure>\n\n\n\n<figure class=\"wp-block-image\"><a href=\"https:\/\/www.niva-stammtisch.de\/wp-content\/uploads\/Passau-Ruzsa-2016_095-1.jpg\" rel=\"lightbox[551]\"><img loading=\"lazy\" decoding=\"async\" width=\"1200\" height=\"900\" data-id=\"3883\" src=\"https:\/\/www.niva-stammtisch.de\/wp-content\/uploads\/Passau-Ruzsa-2016_095-1-1200x900.jpg\" alt=\"\" class=\"wp-image-3883\" srcset=\"https:\/\/www.niva-stammtisch.de\/wp-content\/uploads\/Passau-Ruzsa-2016_095-1.jpg 1200w, https:\/\/www.niva-stammtisch.de\/wp-content\/uploads\/Passau-Ruzsa-2016_095-1-600x450.jpg 600w, https:\/\/www.niva-stammtisch.de\/wp-content\/uploads\/Passau-Ruzsa-2016_095-1-768x576.jpg 768w\" sizes=\"auto, (max-width: 767px) 89vw, (max-width: 1000px) 54vw, (max-width: 1071px) 543px, 580px\" \/><\/a><figcaption class=\"wp-element-caption\">\u2026sich gegenseitig \ud83d\ude42<\/figcaption><\/figure>\n\n\n\n<figure class=\"wp-block-image\"><a href=\"https:\/\/www.niva-stammtisch.de\/wp-content\/uploads\/Passau-Ruzsa-2016_092-1.jpg\" rel=\"lightbox[551]\"><img loading=\"lazy\" decoding=\"async\" width=\"1200\" height=\"795\" data-id=\"3880\" src=\"https:\/\/www.niva-stammtisch.de\/wp-content\/uploads\/Passau-Ruzsa-2016_092-1-1200x795.jpg\" alt=\"\" class=\"wp-image-3880\" srcset=\"https:\/\/www.niva-stammtisch.de\/wp-content\/uploads\/Passau-Ruzsa-2016_092-1.jpg 1200w, https:\/\/www.niva-stammtisch.de\/wp-content\/uploads\/Passau-Ruzsa-2016_092-1-600x398.jpg 600w, https:\/\/www.niva-stammtisch.de\/wp-content\/uploads\/Passau-Ruzsa-2016_092-1-768x509.jpg 768w\" sizes=\"auto, (max-width: 767px) 89vw, (max-width: 1000px) 54vw, (max-width: 1071px) 543px, 580px\" \/><\/a><figcaption class=\"wp-element-caption\">\u2026auf der F\u00e4hre von Enns\u2026<\/figcaption><\/figure>\n\n\n\n<figure class=\"wp-block-image\"><a href=\"https:\/\/www.niva-stammtisch.de\/wp-content\/uploads\/Passau-Ruzsa-2016_093-1.jpg\" rel=\"lightbox[551]\"><img loading=\"lazy\" decoding=\"async\" width=\"1200\" height=\"795\" data-id=\"3881\" src=\"https:\/\/www.niva-stammtisch.de\/wp-content\/uploads\/Passau-Ruzsa-2016_093-1-1200x795.jpg\" alt=\"\" class=\"wp-image-3881\" srcset=\"https:\/\/www.niva-stammtisch.de\/wp-content\/uploads\/Passau-Ruzsa-2016_093-1.jpg 1200w, https:\/\/www.niva-stammtisch.de\/wp-content\/uploads\/Passau-Ruzsa-2016_093-1-600x398.jpg 600w, https:\/\/www.niva-stammtisch.de\/wp-content\/uploads\/Passau-Ruzsa-2016_093-1-768x509.jpg 768w\" sizes=\"auto, (max-width: 767px) 89vw, (max-width: 1000px) 54vw, (max-width: 1071px) 543px, 580px\" \/><\/a><figcaption class=\"wp-element-caption\">\u2026nach Mauthausen.<\/figcaption><\/figure>\n<\/figure>\n\n\n\n<p>In Mauthausen schnell nochmal mit Eis und K\u00e4ffchen eine kleine St\u00e4rkung genommen und dann gut weiter geradelt. Teilweise waren wir wieder fast alleine auf der Strecke &#8211; komisch, aber letztlich besser, um so die Landschaft viel ruhiger genie\u00dfen zu k\u00f6nnen. Trotz angenehmerer Temperaturen als an den Vortagen nutzten wir trotzdem wieder eine Trinkwasserquelle an einer Fahrradraststation am Wasserwerk Wallsee, um unsere Flaschen aufzuf\u00fcllen. Danach mal wieder Wechsel \u00fcbers Werk auf die rechte Seite \u2013 da wurde aufgrund der Ampelschaltung so manche Geduld einiger Verkehrsteilnehmer auf Herz und Nieren gepr\u00fcft \ud83d\ude42 <br><\/p>\n\n\n\n<figure class=\"wp-block-gallery has-nested-images columns-default is-cropped wp-block-gallery-2 is-layout-flex wp-block-gallery-is-layout-flex\">\n<figure class=\"wp-block-image\"><a href=\"https:\/\/www.niva-stammtisch.de\/wp-content\/uploads\/Passau-Ruzsa-2016_103.jpg\" rel=\"lightbox[551]\"><img loading=\"lazy\" decoding=\"async\" width=\"1200\" height=\"900\" data-id=\"3891\" src=\"https:\/\/www.niva-stammtisch.de\/wp-content\/uploads\/Passau-Ruzsa-2016_103-1200x900.jpg\" alt=\"\" class=\"wp-image-3891\" srcset=\"https:\/\/www.niva-stammtisch.de\/wp-content\/uploads\/Passau-Ruzsa-2016_103.jpg 1200w, https:\/\/www.niva-stammtisch.de\/wp-content\/uploads\/Passau-Ruzsa-2016_103-600x450.jpg 600w, https:\/\/www.niva-stammtisch.de\/wp-content\/uploads\/Passau-Ruzsa-2016_103-768x576.jpg 768w\" sizes=\"auto, (max-width: 767px) 89vw, (max-width: 1000px) 54vw, (max-width: 1071px) 543px, 580px\" \/><\/a><figcaption class=\"wp-element-caption\">Kraftwerk Wallsee.<\/figcaption><\/figure>\n\n\n\n<figure class=\"wp-block-image\"><a href=\"https:\/\/www.niva-stammtisch.de\/wp-content\/uploads\/Passau-Ruzsa-2016_101.jpg\" rel=\"lightbox[551]\"><img loading=\"lazy\" decoding=\"async\" width=\"1200\" height=\"795\" data-id=\"3889\" src=\"https:\/\/www.niva-stammtisch.de\/wp-content\/uploads\/Passau-Ruzsa-2016_101-1200x795.jpg\" alt=\"\" class=\"wp-image-3889\" srcset=\"https:\/\/www.niva-stammtisch.de\/wp-content\/uploads\/Passau-Ruzsa-2016_101.jpg 1200w, https:\/\/www.niva-stammtisch.de\/wp-content\/uploads\/Passau-Ruzsa-2016_101-600x398.jpg 600w, https:\/\/www.niva-stammtisch.de\/wp-content\/uploads\/Passau-Ruzsa-2016_101-768x509.jpg 768w\" sizes=\"auto, (max-width: 767px) 89vw, (max-width: 1000px) 54vw, (max-width: 1071px) 543px, 580px\" \/><\/a><figcaption class=\"wp-element-caption\">Weitere Br\u00fccke\u2026<\/figcaption><\/figure>\n\n\n\n<figure class=\"wp-block-image\"><a href=\"https:\/\/www.niva-stammtisch.de\/wp-content\/uploads\/Passau-Ruzsa-2016_098-1.jpg\" rel=\"lightbox[551]\"><img loading=\"lazy\" decoding=\"async\" width=\"1200\" height=\"795\" data-id=\"3886\" src=\"https:\/\/www.niva-stammtisch.de\/wp-content\/uploads\/Passau-Ruzsa-2016_098-1-1200x795.jpg\" alt=\"\" class=\"wp-image-3886\" srcset=\"https:\/\/www.niva-stammtisch.de\/wp-content\/uploads\/Passau-Ruzsa-2016_098-1.jpg 1200w, https:\/\/www.niva-stammtisch.de\/wp-content\/uploads\/Passau-Ruzsa-2016_098-1-600x398.jpg 600w, https:\/\/www.niva-stammtisch.de\/wp-content\/uploads\/Passau-Ruzsa-2016_098-1-768x509.jpg 768w\" sizes=\"auto, (max-width: 767px) 89vw, (max-width: 1000px) 54vw, (max-width: 1071px) 543px, 580px\" \/><\/a><figcaption class=\"wp-element-caption\">\u2026\u00fcber einen Donauarm.<\/figcaption><\/figure>\n\n\n\n<figure class=\"wp-block-image\"><a href=\"https:\/\/www.niva-stammtisch.de\/wp-content\/uploads\/Passau-Ruzsa-2016_099.jpg\" rel=\"lightbox[551]\"><img loading=\"lazy\" decoding=\"async\" width=\"1200\" height=\"795\" data-id=\"3887\" src=\"https:\/\/www.niva-stammtisch.de\/wp-content\/uploads\/Passau-Ruzsa-2016_099-1200x795.jpg\" alt=\"\" class=\"wp-image-3887\" srcset=\"https:\/\/www.niva-stammtisch.de\/wp-content\/uploads\/Passau-Ruzsa-2016_099.jpg 1200w, https:\/\/www.niva-stammtisch.de\/wp-content\/uploads\/Passau-Ruzsa-2016_099-600x398.jpg 600w, https:\/\/www.niva-stammtisch.de\/wp-content\/uploads\/Passau-Ruzsa-2016_099-768x509.jpg 768w\" sizes=\"auto, (max-width: 767px) 89vw, (max-width: 1000px) 54vw, (max-width: 1071px) 543px, 580px\" \/><\/a><figcaption class=\"wp-element-caption\">Blick nach rechts.<\/figcaption><\/figure>\n\n\n\n<figure class=\"wp-block-image\"><a href=\"https:\/\/www.niva-stammtisch.de\/wp-content\/uploads\/Passau-Ruzsa-2016_100.jpg\" rel=\"lightbox[551]\"><img loading=\"lazy\" decoding=\"async\" width=\"1200\" height=\"795\" data-id=\"3888\" src=\"https:\/\/www.niva-stammtisch.de\/wp-content\/uploads\/Passau-Ruzsa-2016_100-1200x795.jpg\" alt=\"\" class=\"wp-image-3888\" srcset=\"https:\/\/www.niva-stammtisch.de\/wp-content\/uploads\/Passau-Ruzsa-2016_100.jpg 1200w, https:\/\/www.niva-stammtisch.de\/wp-content\/uploads\/Passau-Ruzsa-2016_100-600x398.jpg 600w, https:\/\/www.niva-stammtisch.de\/wp-content\/uploads\/Passau-Ruzsa-2016_100-768x509.jpg 768w\" sizes=\"auto, (max-width: 767px) 89vw, (max-width: 1000px) 54vw, (max-width: 1071px) 543px, 580px\" \/><\/a><figcaption class=\"wp-element-caption\">Weitere Blicke\u2026<\/figcaption><\/figure>\n\n\n\n<figure class=\"wp-block-image\"><a href=\"https:\/\/www.niva-stammtisch.de\/wp-content\/uploads\/Passau-Ruzsa-2016_102.jpg\" rel=\"lightbox[551]\"><img loading=\"lazy\" decoding=\"async\" width=\"1200\" height=\"900\" data-id=\"3890\" src=\"https:\/\/www.niva-stammtisch.de\/wp-content\/uploads\/Passau-Ruzsa-2016_102-1200x900.jpg\" alt=\"\" class=\"wp-image-3890\" srcset=\"https:\/\/www.niva-stammtisch.de\/wp-content\/uploads\/Passau-Ruzsa-2016_102.jpg 1200w, https:\/\/www.niva-stammtisch.de\/wp-content\/uploads\/Passau-Ruzsa-2016_102-600x450.jpg 600w, https:\/\/www.niva-stammtisch.de\/wp-content\/uploads\/Passau-Ruzsa-2016_102-768x576.jpg 768w\" sizes=\"auto, (max-width: 767px) 89vw, (max-width: 1000px) 54vw, (max-width: 1071px) 543px, 580px\" \/><\/a><figcaption class=\"wp-element-caption\">\u2026links von\u2026<\/figcaption><\/figure>\n\n\n\n<figure class=\"wp-block-image\"><a href=\"https:\/\/www.niva-stammtisch.de\/wp-content\/uploads\/Passau-Ruzsa-2016_104.jpg\" rel=\"lightbox[551]\"><img loading=\"lazy\" decoding=\"async\" width=\"1200\" height=\"900\" data-id=\"3892\" src=\"https:\/\/www.niva-stammtisch.de\/wp-content\/uploads\/Passau-Ruzsa-2016_104-1200x900.jpg\" alt=\"\" class=\"wp-image-3892\" srcset=\"https:\/\/www.niva-stammtisch.de\/wp-content\/uploads\/Passau-Ruzsa-2016_104.jpg 1200w, https:\/\/www.niva-stammtisch.de\/wp-content\/uploads\/Passau-Ruzsa-2016_104-600x450.jpg 600w, https:\/\/www.niva-stammtisch.de\/wp-content\/uploads\/Passau-Ruzsa-2016_104-768x576.jpg 768w\" sizes=\"auto, (max-width: 767px) 89vw, (max-width: 1000px) 54vw, (max-width: 1071px) 543px, 580px\" \/><\/a><figcaption class=\"wp-element-caption\">\u2026der Br\u00fccke\u2026<\/figcaption><\/figure>\n\n\n\n<figure class=\"wp-block-image\"><a href=\"https:\/\/www.niva-stammtisch.de\/wp-content\/uploads\/Passau-Ruzsa-2016_105-1.jpg\" rel=\"lightbox[551]\"><img loading=\"lazy\" decoding=\"async\" width=\"1200\" height=\"900\" data-id=\"3893\" src=\"https:\/\/www.niva-stammtisch.de\/wp-content\/uploads\/Passau-Ruzsa-2016_105-1-1200x900.jpg\" alt=\"\" class=\"wp-image-3893\" srcset=\"https:\/\/www.niva-stammtisch.de\/wp-content\/uploads\/Passau-Ruzsa-2016_105-1.jpg 1200w, https:\/\/www.niva-stammtisch.de\/wp-content\/uploads\/Passau-Ruzsa-2016_105-1-600x450.jpg 600w, https:\/\/www.niva-stammtisch.de\/wp-content\/uploads\/Passau-Ruzsa-2016_105-1-768x576.jpg 768w\" sizes=\"auto, (max-width: 767px) 89vw, (max-width: 1000px) 54vw, (max-width: 1071px) 543px, 580px\" \/><\/a><figcaption class=\"wp-element-caption\">\u2026aus gesehen.<\/figcaption><\/figure>\n<\/figure>\n\n\n\n<p>Wie auch vor einigen Jahren auf alleiniger Tour war auch dieses Mal ab Wallsee der Wind nicht auf unserer Seite und die Brise begleitete uns f\u00fcr den Rest der Tagesetappe. Zudem zog sich die Wolkendecke etwas zusammen, so dass wir vorsichtshalber unser Tagesziel dann nicht erreichten und schon in Grein unser Nachtlager in einer Pension aufschlagen wollten, um evtl. doch noch \u00fcber Nacht eintretendem Regen zu entkommen.<br>Am Donauufer in Grein bewahrheitete sich die Weisheit \u201eMan sieht sich immer zweimal im Leben!\u201c und per Zufall trafen wir wieder den Amerikaner vom Vortag und plauderten kurz.<\/p>\n\n\n\n<figure class=\"wp-block-gallery has-nested-images columns-2 is-cropped wp-block-gallery-3 is-layout-flex wp-block-gallery-is-layout-flex\">\n<figure class=\"wp-block-image\"><a href=\"https:\/\/www.niva-stammtisch.de\/wp-content\/uploads\/Passau-Ruzsa-2016_106.jpg\" rel=\"lightbox[551]\"><img loading=\"lazy\" decoding=\"async\" width=\"1200\" height=\"795\" data-id=\"3894\" src=\"https:\/\/www.niva-stammtisch.de\/wp-content\/uploads\/Passau-Ruzsa-2016_106-1200x795.jpg\" alt=\"\" class=\"wp-image-3894\" srcset=\"https:\/\/www.niva-stammtisch.de\/wp-content\/uploads\/Passau-Ruzsa-2016_106.jpg 1200w, https:\/\/www.niva-stammtisch.de\/wp-content\/uploads\/Passau-Ruzsa-2016_106-600x398.jpg 600w, https:\/\/www.niva-stammtisch.de\/wp-content\/uploads\/Passau-Ruzsa-2016_106-768x509.jpg 768w\" sizes=\"auto, (max-width: 767px) 89vw, (max-width: 1000px) 54vw, (max-width: 1071px) 543px, 580px\" \/><\/a><figcaption class=\"wp-element-caption\">In Ardagger am Markt grasten sogar St\u00f6rche.<\/figcaption><\/figure>\n\n\n\n<figure class=\"wp-block-image\"><a href=\"https:\/\/www.niva-stammtisch.de\/wp-content\/uploads\/Passau-Ruzsa-2016_112.jpg\" rel=\"lightbox[551]\"><img loading=\"lazy\" decoding=\"async\" width=\"1200\" height=\"795\" data-id=\"3896\" src=\"https:\/\/www.niva-stammtisch.de\/wp-content\/uploads\/Passau-Ruzsa-2016_112-1200x795.jpg\" alt=\"\" class=\"wp-image-3896\" srcset=\"https:\/\/www.niva-stammtisch.de\/wp-content\/uploads\/Passau-Ruzsa-2016_112.jpg 1200w, https:\/\/www.niva-stammtisch.de\/wp-content\/uploads\/Passau-Ruzsa-2016_112-600x398.jpg 600w, https:\/\/www.niva-stammtisch.de\/wp-content\/uploads\/Passau-Ruzsa-2016_112-768x509.jpg 768w\" sizes=\"auto, (max-width: 767px) 89vw, (max-width: 1000px) 54vw, (max-width: 1071px) 543px, 580px\" \/><\/a><figcaption class=\"wp-element-caption\">Schloss Greinburg&#8230;<\/figcaption><\/figure>\n\n\n\n<figure class=\"wp-block-image\"><a href=\"https:\/\/www.niva-stammtisch.de\/wp-content\/uploads\/Passau-Ruzsa-2016_113.jpg\" rel=\"lightbox[551]\"><img loading=\"lazy\" decoding=\"async\" width=\"1200\" height=\"900\" data-id=\"3897\" src=\"https:\/\/www.niva-stammtisch.de\/wp-content\/uploads\/Passau-Ruzsa-2016_113-1200x900.jpg\" alt=\"\" class=\"wp-image-3897\" srcset=\"https:\/\/www.niva-stammtisch.de\/wp-content\/uploads\/Passau-Ruzsa-2016_113.jpg 1200w, https:\/\/www.niva-stammtisch.de\/wp-content\/uploads\/Passau-Ruzsa-2016_113-600x450.jpg 600w, https:\/\/www.niva-stammtisch.de\/wp-content\/uploads\/Passau-Ruzsa-2016_113-768x576.jpg 768w\" sizes=\"auto, (max-width: 767px) 89vw, (max-width: 1000px) 54vw, (max-width: 1071px) 543px, 580px\" \/><\/a><figcaption class=\"wp-element-caption\">&#8230;in Grein ist schon zu sehen.<\/figcaption><\/figure>\n\n\n\n<figure class=\"wp-block-image\"><a href=\"https:\/\/www.niva-stammtisch.de\/wp-content\/uploads\/Passau-Ruzsa-2016_114.jpg\" rel=\"lightbox[551]\"><img loading=\"lazy\" decoding=\"async\" width=\"1200\" height=\"900\" data-id=\"3898\" src=\"https:\/\/www.niva-stammtisch.de\/wp-content\/uploads\/Passau-Ruzsa-2016_114-1200x900.jpg\" alt=\"\" class=\"wp-image-3898\" srcset=\"https:\/\/www.niva-stammtisch.de\/wp-content\/uploads\/Passau-Ruzsa-2016_114.jpg 1200w, https:\/\/www.niva-stammtisch.de\/wp-content\/uploads\/Passau-Ruzsa-2016_114-600x450.jpg 600w, https:\/\/www.niva-stammtisch.de\/wp-content\/uploads\/Passau-Ruzsa-2016_114-768x576.jpg 768w\" sizes=\"auto, (max-width: 767px) 89vw, (max-width: 1000px) 54vw, (max-width: 1071px) 543px, 580px\" \/><\/a><figcaption class=\"wp-element-caption\">Wasserpolizei ist auch wichtig.<\/figcaption><\/figure>\n<\/figure>\n\n\n\n<p>Nach dem Frischmachen in einer gefundenen Pension nutzten wir die Zeit f\u00fcr einen Spaziergang in den Ort bzw. ans Donauufer und kamen mit den Campingplatzbetreibern ins Gespr\u00e4ch, denn rein \u201ezuf\u00e4llig\u201c hatte ich das IG-Poloshirt an und dies fiel auf, schlie\u00dflich haben sie auch russische Wurzeln und LADA ist ihnen somit bekannt und man unterhielt sich begeistert dar\u00fcber. In der Unterkunft zur\u00fcckgekehrt, ging es an die Umplanung des n\u00e4chsten Tages, die sich zun\u00e4chst etwas schwierig gestaltet, um wieder wie geplant auf Kurs zu sein. Die Meinungen gingen mehrmals auseinander, doch es wurde letztlich eine gemeinsame L\u00f6sung gefunden. <\/p>\n\n\n\n<figure class=\"wp-block-gallery has-nested-images columns-default is-cropped wp-block-gallery-4 is-layout-flex wp-block-gallery-is-layout-flex\">\n<figure class=\"wp-block-image\"><a href=\"https:\/\/www.niva-stammtisch.de\/wp-content\/uploads\/Passau-Ruzsa-2016_115-1.jpg\" rel=\"lightbox[551]\"><img loading=\"lazy\" decoding=\"async\" width=\"1200\" height=\"900\" data-id=\"3899\" src=\"https:\/\/www.niva-stammtisch.de\/wp-content\/uploads\/Passau-Ruzsa-2016_115-1-1200x900.jpg\" alt=\"\" class=\"wp-image-3899\" srcset=\"https:\/\/www.niva-stammtisch.de\/wp-content\/uploads\/Passau-Ruzsa-2016_115-1.jpg 1200w, https:\/\/www.niva-stammtisch.de\/wp-content\/uploads\/Passau-Ruzsa-2016_115-1-600x450.jpg 600w, https:\/\/www.niva-stammtisch.de\/wp-content\/uploads\/Passau-Ruzsa-2016_115-1-768x576.jpg 768w\" sizes=\"auto, (max-width: 767px) 89vw, (max-width: 1000px) 54vw, (max-width: 1071px) 543px, 580px\" \/><\/a><figcaption class=\"wp-element-caption\">Hier ist unser Nachtlager.<\/figcaption><\/figure>\n\n\n\n<figure class=\"wp-block-image\"><a href=\"https:\/\/www.niva-stammtisch.de\/wp-content\/uploads\/Passau-Ruzsa-2016_117.jpg\" rel=\"lightbox[551]\"><img loading=\"lazy\" decoding=\"async\" width=\"900\" height=\"1200\" data-id=\"3900\" src=\"https:\/\/www.niva-stammtisch.de\/wp-content\/uploads\/Passau-Ruzsa-2016_117-900x1200.jpg\" alt=\"\" class=\"wp-image-3900\" srcset=\"https:\/\/www.niva-stammtisch.de\/wp-content\/uploads\/Passau-Ruzsa-2016_117.jpg 900w, https:\/\/www.niva-stammtisch.de\/wp-content\/uploads\/Passau-Ruzsa-2016_117-450x600.jpg 450w, https:\/\/www.niva-stammtisch.de\/wp-content\/uploads\/Passau-Ruzsa-2016_117-768x1024.jpg 768w\" sizes=\"auto, (max-width: 767px) 89vw, (max-width: 1000px) 54vw, (max-width: 1071px) 543px, 580px\" \/><\/a><figcaption class=\"wp-element-caption\">Die F\u00e4hre in Grein.<\/figcaption><\/figure>\n<\/figure>\n\n\n\n<hr class=\"wp-block-separator has-css-opacity\"\/>\n\n\n\n<p><a href=\"https:\/\/niva-stammtisch.de\/?page_id=538\">Einleitung<\/a> | <a href=\"https:\/\/niva-stammtisch.de\/?page_id=540\">1. Tag<\/a> | <a href=\"https:\/\/niva-stammtisch.de\/?page_id=547\">2. Tag<\/a> | <em><strong>3. Tag<\/strong><\/em> | <a href=\"https:\/\/niva-stammtisch.de\/?page_id=553\">4. Tag<\/a> | <a href=\"https:\/\/niva-stammtisch.de\/?page_id=555\">5. Tag<\/a> | <a href=\"https:\/\/niva-stammtisch.de\/?page_id=557\">6. Tag<\/a> | <a href=\"https:\/\/niva-stammtisch.de\/?page_id=559\">7. Tag<\/a> | <a href=\"https:\/\/niva-stammtisch.de\/?page_id=561\">8. Tag<\/a> | <a href=\"https:\/\/niva-stammtisch.de\/?page_id=563\">9. Tag<\/a> | <a href=\"https:\/\/niva-stammtisch.de\/?page_id=565\">10. Tag<\/a> | <a href=\"https:\/\/niva-stammtisch.de\/?page_id=567\">11. Tag<\/a> | <a href=\"https:\/\/niva-stammtisch.de\/?page_id=570\">12. Tag<\/a> | <a href=\"https:\/\/niva-stammtisch.de\/?page_id=572\">13. Tag<\/a> | <a href=\"https:\/\/niva-stammtisch.de\/?page_id=574\">14. Tag<\/a> | Zur Bildergalerie<\/p>\n","protected":false},"excerpt":{"rendered":"<p>&#8230; umso schwerer fiel dann nat\u00fcrlich das Aufstehen am n\u00e4chsten Morgen, was sich sp\u00e4ter nochmal r\u00e4chen sollte. Nach dem Fr\u00fchst\u00fcck zur St\u00e4rkung und dem diesmal schnelleren Packen (Zelt etc. wurden ja in der letzten Nacht nicht gebraucht ) ging es trotzdem erst (wieder) gegen 11:00 Uhr los und Jogi begleitete uns bis zum Wasserwerk in &hellip; <\/p>\n<p class=\"link-more\"><a href=\"https:\/\/www.niva-stammtisch.de\/?page_id=551\" class=\"more-link\"><span class=\"screen-reader-text\">\u201e03. Reisetag: Ansfelden &#8211; Grein (64 km)\u201c <\/span>weiterlesen<\/a><\/p>\n","protected":false},"author":1,"featured_media":0,"parent":538,"menu_order":0,"comment_status":"closed","ping_status":"closed","template":"","meta":{"footnotes":""},"class_list":["post-551","page","type-page","status-publish","hentry"],"_links":{"self":[{"href":"https:\/\/www.niva-stammtisch.de\/index.php?rest_route=\/wp\/v2\/pages\/551","targetHints":{"allow":["GET"]}}],"collection":[{"href":"https:\/\/www.niva-stammtisch.de\/index.php?rest_route=\/wp\/v2\/pages"}],"about":[{"href":"https:\/\/www.niva-stammtisch.de\/index.php?rest_route=\/wp\/v2\/types\/page"}],"author":[{"embeddable":true,"href":"https:\/\/www.niva-stammtisch.de\/index.php?rest_route=\/wp\/v2\/users\/1"}],"replies":[{"embeddable":true,"href":"https:\/\/www.niva-stammtisch.de\/index.php?rest_route=%2Fwp%2Fv2%2Fcomments&post=551"}],"version-history":[{"count":17,"href":"https:\/\/www.niva-stammtisch.de\/index.php?rest_route=\/wp\/v2\/pages\/551\/revisions"}],"predecessor-version":[{"id":5779,"href":"https:\/\/www.niva-stammtisch.de\/index.php?rest_route=\/wp\/v2\/pages\/551\/revisions\/5779"}],"up":[{"embeddable":true,"href":"https:\/\/www.niva-stammtisch.de\/index.php?rest_route=\/wp\/v2\/pages\/538"}],"wp:attachment":[{"href":"https:\/\/www.niva-stammtisch.de\/index.php?rest_route=%2Fwp%2Fv2%2Fmedia&parent=551"}],"curies":[{"name":"wp","href":"https:\/\/api.w.org\/{rel}","templated":true}]}}