{"id":547,"date":"2018-12-25T17:50:31","date_gmt":"2018-12-25T16:50:31","guid":{"rendered":"https:\/\/tamas-radelei.de\/?page_id=547"},"modified":"2023-03-11T17:02:51","modified_gmt":"2023-03-11T16:02:51","slug":"2-reisetag-inzell-ansfelden-67-km","status":"publish","type":"page","link":"https:\/\/www.niva-stammtisch.de\/?page_id=547","title":{"rendered":"02. Reisetag: Inzell \u2013 Ansfelden (67 km)"},"content":{"rendered":"\n<iframe loading=\"lazy\" src=\"https:\/\/www.komoot.de\/tour\/1031307318\/embed?profile=1\" width=\"100%\" height=\"700\" frameborder=\"0\" scrolling=\"no\"><\/iframe>\n\n\n\n<p>Am n\u00e4chsten Morgen merkten wir beim Zusammenpacken schnell, wie lange man doch braucht, bis alles wieder in den Taschen wie vorher und danach wieder fest am Fahrrad verpackt ist etc. &#8211; eine gute Stunde ging dabei schon drauf. Und da hatten wir doch subjektiv betrachtet gar nicht so viel ausgepackt gehabt. Die gewaschenen Radlerklamotten sind durch die hohe Luftfeuchte dann doch nicht so trocken geworden wie gedacht, wurden aber trotzdem erstmal angezogen. Da wir die Zelte als letztes zusammenpackten, konnten sie einigerma\u00dfen in der Sonne noch etwas nachtrocknen. <\/p>\n\n\n\n<figure class=\"wp-block-gallery has-nested-images columns-2 is-cropped wp-block-gallery-1 is-layout-flex wp-block-gallery-is-layout-flex\">\n<figure class=\"wp-block-image\"><a href=\"https:\/\/www.niva-stammtisch.de\/wp-content\/uploads\/Passau-Ruzsa-2016_043.jpg\" rel=\"lightbox[547]\"><img loading=\"lazy\" decoding=\"async\" width=\"1200\" height=\"900\" data-id=\"3840\" src=\"https:\/\/www.niva-stammtisch.de\/wp-content\/uploads\/Passau-Ruzsa-2016_043-1200x900.jpg\" alt=\"\" class=\"wp-image-3840\" srcset=\"https:\/\/www.niva-stammtisch.de\/wp-content\/uploads\/Passau-Ruzsa-2016_043.jpg 1200w, https:\/\/www.niva-stammtisch.de\/wp-content\/uploads\/Passau-Ruzsa-2016_043-600x450.jpg 600w, https:\/\/www.niva-stammtisch.de\/wp-content\/uploads\/Passau-Ruzsa-2016_043-768x576.jpg 768w\" sizes=\"auto, (max-width: 767px) 89vw, (max-width: 1000px) 54vw, (max-width: 1071px) 543px, 580px\" \/><\/a><figcaption class=\"wp-element-caption\">Blick auf den Gasthof des Campingplatzes.<\/figcaption><\/figure>\n\n\n\n<figure class=\"wp-block-image\"><a href=\"https:\/\/www.niva-stammtisch.de\/wp-content\/uploads\/Passau-Ruzsa-2016_046-1.jpg\" rel=\"lightbox[547]\"><img loading=\"lazy\" decoding=\"async\" width=\"1200\" height=\"900\" data-id=\"3842\" src=\"https:\/\/www.niva-stammtisch.de\/wp-content\/uploads\/Passau-Ruzsa-2016_046-1-1200x900.jpg\" alt=\"\" class=\"wp-image-3842\" srcset=\"https:\/\/www.niva-stammtisch.de\/wp-content\/uploads\/Passau-Ruzsa-2016_046-1.jpg 1200w, https:\/\/www.niva-stammtisch.de\/wp-content\/uploads\/Passau-Ruzsa-2016_046-1-600x450.jpg 600w, https:\/\/www.niva-stammtisch.de\/wp-content\/uploads\/Passau-Ruzsa-2016_046-1-768x576.jpg 768w\" sizes=\"auto, (max-width: 767px) 89vw, (max-width: 1000px) 54vw, (max-width: 1071px) 543px, 580px\" \/><\/a><figcaption class=\"wp-element-caption\">Blick von der Zeltfl\u00e4che zur Donau.<\/figcaption><\/figure>\n\n\n\n<figure class=\"wp-block-image\"><a href=\"https:\/\/www.niva-stammtisch.de\/wp-content\/uploads\/Passau-Ruzsa-2016_044.jpg\" rel=\"lightbox[547]\"><img loading=\"lazy\" decoding=\"async\" width=\"1200\" height=\"900\" data-id=\"3841\" src=\"https:\/\/www.niva-stammtisch.de\/wp-content\/uploads\/Passau-Ruzsa-2016_044-1200x900.jpg\" alt=\"\" class=\"wp-image-3841\" srcset=\"https:\/\/www.niva-stammtisch.de\/wp-content\/uploads\/Passau-Ruzsa-2016_044.jpg 1200w, https:\/\/www.niva-stammtisch.de\/wp-content\/uploads\/Passau-Ruzsa-2016_044-600x450.jpg 600w, https:\/\/www.niva-stammtisch.de\/wp-content\/uploads\/Passau-Ruzsa-2016_044-768x576.jpg 768w\" sizes=\"auto, (max-width: 767px) 89vw, (max-width: 1000px) 54vw, (max-width: 1071px) 543px, 580px\" \/><\/a><figcaption class=\"wp-element-caption\">Blick direkt vom Ufer in Richtung Linz.<\/figcaption><\/figure>\n<\/figure>\n\n\n\n<p>Es sollte wieder ein super Radeltag werden. Auch der Streckenverlauf unmittelbar an der Donau lie\u00df uns die Landschaft weiter genie\u00dfen. Auch die Klamotten wurden auf den ersten Kilometern schnell trocken. Neben kleinen \u201eUfer-S\u00fcmpfen\u201c und zun\u00e4chst schattigen Wegen genossen wir auch weitere Ausblicke auf dem sich teils windenden Flussverlauf sowie auf Schloss Neuhaus und Schloss Ottensheim auf der anderen Seite. <br>Es wurde an diesem Tag auch sehr warm, die Trinkflaschen leerten sich durch die eigenen Trinkvorgaben auch relativ schnell. Nach der F\u00e4hr\u00fcberfahrt in Ottensheim aufs linke Ufer nutzten wir dementsprechend auch gleich den Brunnen, um die Flaschen aufzuf\u00fcllen. Dabei kamen wir auch ins Gespr\u00e4ch mit einem Amerikaner, der ebenfalls die Donau zumindest bis Wien radelte. <br><\/p>\n\n\n\n<figure class=\"wp-block-gallery has-nested-images columns-2 is-cropped wp-block-gallery-2 is-layout-flex wp-block-gallery-is-layout-flex\">\n<figure class=\"wp-block-image\"><a href=\"https:\/\/www.niva-stammtisch.de\/wp-content\/uploads\/Passau-Ruzsa-2016_048-1.jpg\" rel=\"lightbox[547]\"><img loading=\"lazy\" decoding=\"async\" width=\"1200\" height=\"795\" data-id=\"3843\" src=\"https:\/\/www.niva-stammtisch.de\/wp-content\/uploads\/Passau-Ruzsa-2016_048-1-1200x795.jpg\" alt=\"\" class=\"wp-image-3843\" srcset=\"https:\/\/www.niva-stammtisch.de\/wp-content\/uploads\/Passau-Ruzsa-2016_048-1.jpg 1200w, https:\/\/www.niva-stammtisch.de\/wp-content\/uploads\/Passau-Ruzsa-2016_048-1-600x398.jpg 600w, https:\/\/www.niva-stammtisch.de\/wp-content\/uploads\/Passau-Ruzsa-2016_048-1-768x509.jpg 768w\" sizes=\"auto, (max-width: 767px) 89vw, (max-width: 1000px) 54vw, (max-width: 1071px) 543px, 580px\" \/><\/a><figcaption class=\"wp-element-caption\">Die zweite Kurve\u2026<\/figcaption><\/figure>\n\n\n\n<figure class=\"wp-block-image\"><a href=\"https:\/\/www.niva-stammtisch.de\/wp-content\/uploads\/Passau-Ruzsa-2016_049-1.jpg\" rel=\"lightbox[547]\"><img loading=\"lazy\" decoding=\"async\" width=\"1200\" height=\"795\" data-id=\"3844\" src=\"https:\/\/www.niva-stammtisch.de\/wp-content\/uploads\/Passau-Ruzsa-2016_049-1-1200x795.jpg\" alt=\"\" class=\"wp-image-3844\" srcset=\"https:\/\/www.niva-stammtisch.de\/wp-content\/uploads\/Passau-Ruzsa-2016_049-1.jpg 1200w, https:\/\/www.niva-stammtisch.de\/wp-content\/uploads\/Passau-Ruzsa-2016_049-1-600x398.jpg 600w, https:\/\/www.niva-stammtisch.de\/wp-content\/uploads\/Passau-Ruzsa-2016_049-1-768x509.jpg 768w\" sizes=\"auto, (max-width: 767px) 89vw, (max-width: 1000px) 54vw, (max-width: 1071px) 543px, 580px\" \/><\/a><figcaption class=\"wp-element-caption\">\u2026der Schl\u00f6gener Schlinge\u2026<\/figcaption><\/figure>\n\n\n\n<figure class=\"wp-block-image\"><a href=\"https:\/\/www.niva-stammtisch.de\/wp-content\/uploads\/Passau-Ruzsa-2016_051-1.jpg\" rel=\"lightbox[547]\"><img loading=\"lazy\" decoding=\"async\" width=\"1200\" height=\"795\" data-id=\"3845\" src=\"https:\/\/www.niva-stammtisch.de\/wp-content\/uploads\/Passau-Ruzsa-2016_051-1-1200x795.jpg\" alt=\"\" class=\"wp-image-3845\" srcset=\"https:\/\/www.niva-stammtisch.de\/wp-content\/uploads\/Passau-Ruzsa-2016_051-1.jpg 1200w, https:\/\/www.niva-stammtisch.de\/wp-content\/uploads\/Passau-Ruzsa-2016_051-1-600x398.jpg 600w, https:\/\/www.niva-stammtisch.de\/wp-content\/uploads\/Passau-Ruzsa-2016_051-1-768x509.jpg 768w\" sizes=\"auto, (max-width: 767px) 89vw, (max-width: 1000px) 54vw, (max-width: 1071px) 543px, 580px\" \/><\/a><figcaption class=\"wp-element-caption\">\u2026mit R\u00fcckblick nach Passau.<\/figcaption><\/figure>\n\n\n\n<figure class=\"wp-block-image\"><a href=\"https:\/\/www.niva-stammtisch.de\/wp-content\/uploads\/Passau-Ruzsa-2016_053-1.jpg\" rel=\"lightbox[547]\"><img loading=\"lazy\" decoding=\"async\" width=\"1200\" height=\"795\" data-id=\"3846\" src=\"https:\/\/www.niva-stammtisch.de\/wp-content\/uploads\/Passau-Ruzsa-2016_053-1-1200x795.jpg\" alt=\"\" class=\"wp-image-3846\" srcset=\"https:\/\/www.niva-stammtisch.de\/wp-content\/uploads\/Passau-Ruzsa-2016_053-1.jpg 1200w, https:\/\/www.niva-stammtisch.de\/wp-content\/uploads\/Passau-Ruzsa-2016_053-1-600x398.jpg 600w, https:\/\/www.niva-stammtisch.de\/wp-content\/uploads\/Passau-Ruzsa-2016_053-1-768x509.jpg 768w\" sizes=\"auto, (max-width: 767px) 89vw, (max-width: 1000px) 54vw, (max-width: 1071px) 543px, 580px\" \/><\/a><figcaption class=\"wp-element-caption\">Schloss Neuhaus<\/figcaption><\/figure>\n\n\n\n<figure class=\"wp-block-image\"><a href=\"https:\/\/www.niva-stammtisch.de\/wp-content\/uploads\/Passau-Ruzsa-2016_054-1.jpg\" rel=\"lightbox[547]\"><img loading=\"lazy\" decoding=\"async\" width=\"1200\" height=\"795\" data-id=\"3847\" src=\"https:\/\/www.niva-stammtisch.de\/wp-content\/uploads\/Passau-Ruzsa-2016_054-1-1200x795.jpg\" alt=\"\" class=\"wp-image-3847\" srcset=\"https:\/\/www.niva-stammtisch.de\/wp-content\/uploads\/Passau-Ruzsa-2016_054-1.jpg 1200w, https:\/\/www.niva-stammtisch.de\/wp-content\/uploads\/Passau-Ruzsa-2016_054-1-600x398.jpg 600w, https:\/\/www.niva-stammtisch.de\/wp-content\/uploads\/Passau-Ruzsa-2016_054-1-768x509.jpg 768w\" sizes=\"auto, (max-width: 767px) 89vw, (max-width: 1000px) 54vw, (max-width: 1071px) 543px, 580px\" \/><\/a><\/figure>\n\n\n\n<figure class=\"wp-block-image\"><a href=\"https:\/\/www.niva-stammtisch.de\/wp-content\/uploads\/Passau-Ruzsa-2016_056-1.jpg\" rel=\"lightbox[547]\"><img loading=\"lazy\" decoding=\"async\" width=\"1200\" height=\"795\" data-id=\"3849\" src=\"https:\/\/www.niva-stammtisch.de\/wp-content\/uploads\/Passau-Ruzsa-2016_056-1-1200x795.jpg\" alt=\"\" class=\"wp-image-3849\" srcset=\"https:\/\/www.niva-stammtisch.de\/wp-content\/uploads\/Passau-Ruzsa-2016_056-1.jpg 1200w, https:\/\/www.niva-stammtisch.de\/wp-content\/uploads\/Passau-Ruzsa-2016_056-1-600x398.jpg 600w, https:\/\/www.niva-stammtisch.de\/wp-content\/uploads\/Passau-Ruzsa-2016_056-1-768x509.jpg 768w\" sizes=\"auto, (max-width: 767px) 89vw, (max-width: 1000px) 54vw, (max-width: 1071px) 543px, 580px\" \/><\/a><\/figure>\n\n\n\n<figure class=\"wp-block-image\"><a href=\"https:\/\/www.niva-stammtisch.de\/wp-content\/uploads\/Passau-Ruzsa-2016_058-1.jpg\" rel=\"lightbox[547]\"><img loading=\"lazy\" decoding=\"async\" width=\"1200\" height=\"795\" data-id=\"3851\" src=\"https:\/\/www.niva-stammtisch.de\/wp-content\/uploads\/Passau-Ruzsa-2016_058-1-1200x795.jpg\" alt=\"\" class=\"wp-image-3851\" srcset=\"https:\/\/www.niva-stammtisch.de\/wp-content\/uploads\/Passau-Ruzsa-2016_058-1.jpg 1200w, https:\/\/www.niva-stammtisch.de\/wp-content\/uploads\/Passau-Ruzsa-2016_058-1-600x398.jpg 600w, https:\/\/www.niva-stammtisch.de\/wp-content\/uploads\/Passau-Ruzsa-2016_058-1-768x509.jpg 768w\" sizes=\"auto, (max-width: 767px) 89vw, (max-width: 1000px) 54vw, (max-width: 1071px) 543px, 580px\" \/><\/a><figcaption class=\"wp-element-caption\">Donauufer von Aschach\u2026<\/figcaption><\/figure>\n\n\n\n<figure class=\"wp-block-image\"><a href=\"https:\/\/www.niva-stammtisch.de\/wp-content\/uploads\/Passau-Ruzsa-2016_061-1.jpg\" rel=\"lightbox[547]\"><img loading=\"lazy\" decoding=\"async\" width=\"1200\" height=\"795\" data-id=\"3854\" src=\"https:\/\/www.niva-stammtisch.de\/wp-content\/uploads\/Passau-Ruzsa-2016_061-1-1200x795.jpg\" alt=\"\" class=\"wp-image-3854\" srcset=\"https:\/\/www.niva-stammtisch.de\/wp-content\/uploads\/Passau-Ruzsa-2016_061-1.jpg 1200w, https:\/\/www.niva-stammtisch.de\/wp-content\/uploads\/Passau-Ruzsa-2016_061-1-600x398.jpg 600w, https:\/\/www.niva-stammtisch.de\/wp-content\/uploads\/Passau-Ruzsa-2016_061-1-768x509.jpg 768w\" sizes=\"auto, (max-width: 767px) 89vw, (max-width: 1000px) 54vw, (max-width: 1071px) 543px, 580px\" \/><\/a><figcaption class=\"wp-element-caption\">\u2026sowie sch\u00f6nem Platz\u2026<\/figcaption><\/figure>\n\n\n\n<figure class=\"wp-block-image\"><a href=\"https:\/\/www.niva-stammtisch.de\/wp-content\/uploads\/Passau-Ruzsa-2016_063-1.jpg\" rel=\"lightbox[547]\"><img loading=\"lazy\" decoding=\"async\" width=\"1200\" height=\"900\" data-id=\"3856\" src=\"https:\/\/www.niva-stammtisch.de\/wp-content\/uploads\/Passau-Ruzsa-2016_063-1-1200x900.jpg\" alt=\"\" class=\"wp-image-3856\" srcset=\"https:\/\/www.niva-stammtisch.de\/wp-content\/uploads\/Passau-Ruzsa-2016_063-1.jpg 1200w, https:\/\/www.niva-stammtisch.de\/wp-content\/uploads\/Passau-Ruzsa-2016_063-1-600x450.jpg 600w, https:\/\/www.niva-stammtisch.de\/wp-content\/uploads\/Passau-Ruzsa-2016_063-1-768x576.jpg 768w\" sizes=\"auto, (max-width: 767px) 89vw, (max-width: 1000px) 54vw, (max-width: 1071px) 543px, 580px\" \/><\/a><figcaption class=\"wp-element-caption\">\u2026und R\u00fcckblick.<\/figcaption><\/figure>\n\n\n\n<figure class=\"wp-block-image\"><a href=\"https:\/\/www.niva-stammtisch.de\/wp-content\/uploads\/Passau-Ruzsa-2016_064-1.jpg\" rel=\"lightbox[547]\"><img loading=\"lazy\" decoding=\"async\" width=\"1200\" height=\"900\" data-id=\"3857\" src=\"https:\/\/www.niva-stammtisch.de\/wp-content\/uploads\/Passau-Ruzsa-2016_064-1-1200x900.jpg\" alt=\"\" class=\"wp-image-3857\" srcset=\"https:\/\/www.niva-stammtisch.de\/wp-content\/uploads\/Passau-Ruzsa-2016_064-1.jpg 1200w, https:\/\/www.niva-stammtisch.de\/wp-content\/uploads\/Passau-Ruzsa-2016_064-1-600x450.jpg 600w, https:\/\/www.niva-stammtisch.de\/wp-content\/uploads\/Passau-Ruzsa-2016_064-1-768x576.jpg 768w\" sizes=\"auto, (max-width: 767px) 89vw, (max-width: 1000px) 54vw, (max-width: 1071px) 543px, 580px\" \/><\/a><figcaption class=\"wp-element-caption\">Kurzes P\u00e4uschen nach Aschach.<\/figcaption><\/figure>\n\n\n\n<figure class=\"wp-block-image\"><a href=\"https:\/\/www.niva-stammtisch.de\/wp-content\/uploads\/Passau-Ruzsa-2016_068-1.jpg\" rel=\"lightbox[547]\"><img loading=\"lazy\" decoding=\"async\" width=\"1200\" height=\"795\" data-id=\"3859\" src=\"https:\/\/www.niva-stammtisch.de\/wp-content\/uploads\/Passau-Ruzsa-2016_068-1-1200x795.jpg\" alt=\"\" class=\"wp-image-3859\" srcset=\"https:\/\/www.niva-stammtisch.de\/wp-content\/uploads\/Passau-Ruzsa-2016_068-1.jpg 1200w, https:\/\/www.niva-stammtisch.de\/wp-content\/uploads\/Passau-Ruzsa-2016_068-1-600x398.jpg 600w, https:\/\/www.niva-stammtisch.de\/wp-content\/uploads\/Passau-Ruzsa-2016_068-1-768x509.jpg 768w\" sizes=\"auto, (max-width: 767px) 89vw, (max-width: 1000px) 54vw, (max-width: 1071px) 543px, 580px\" \/><\/a><figcaption class=\"wp-element-caption\">Schloss Ottensheim<\/figcaption><\/figure>\n\n\n\n<figure class=\"wp-block-image\"><a href=\"https:\/\/www.niva-stammtisch.de\/wp-content\/uploads\/Passau-Ruzsa-2016_072-1.jpg\" rel=\"lightbox[547]\"><img loading=\"lazy\" decoding=\"async\" width=\"1200\" height=\"795\" data-id=\"3862\" src=\"https:\/\/www.niva-stammtisch.de\/wp-content\/uploads\/Passau-Ruzsa-2016_072-1-1200x795.jpg\" alt=\"\" class=\"wp-image-3862\" srcset=\"https:\/\/www.niva-stammtisch.de\/wp-content\/uploads\/Passau-Ruzsa-2016_072-1.jpg 1200w, https:\/\/www.niva-stammtisch.de\/wp-content\/uploads\/Passau-Ruzsa-2016_072-1-600x398.jpg 600w, https:\/\/www.niva-stammtisch.de\/wp-content\/uploads\/Passau-Ruzsa-2016_072-1-768x509.jpg 768w\" sizes=\"auto, (max-width: 767px) 89vw, (max-width: 1000px) 54vw, (max-width: 1071px) 543px, 580px\" \/><\/a><figcaption class=\"wp-element-caption\">Da dr\u00fcben ist Wilhering.<\/figcaption><\/figure>\n\n\n\n<figure class=\"wp-block-image\"><a href=\"https:\/\/www.niva-stammtisch.de\/wp-content\/uploads\/Passau-Ruzsa-2016_076-1.jpg\" rel=\"lightbox[547]\"><img loading=\"lazy\" decoding=\"async\" width=\"1200\" height=\"900\" data-id=\"3865\" src=\"https:\/\/www.niva-stammtisch.de\/wp-content\/uploads\/Passau-Ruzsa-2016_076-1-1200x900.jpg\" alt=\"\" class=\"wp-image-3865\" srcset=\"https:\/\/www.niva-stammtisch.de\/wp-content\/uploads\/Passau-Ruzsa-2016_076-1.jpg 1200w, https:\/\/www.niva-stammtisch.de\/wp-content\/uploads\/Passau-Ruzsa-2016_076-1-600x450.jpg 600w, https:\/\/www.niva-stammtisch.de\/wp-content\/uploads\/Passau-Ruzsa-2016_076-1-768x576.jpg 768w\" sizes=\"auto, (max-width: 767px) 89vw, (max-width: 1000px) 54vw, (max-width: 1071px) 543px, 580px\" \/><\/a><figcaption class=\"wp-element-caption\">Hier ist \u201cUfer\u201d<\/figcaption><\/figure>\n\n\n\n<figure class=\"wp-block-image\"><a href=\"https:\/\/www.niva-stammtisch.de\/wp-content\/uploads\/Passau-Ruzsa-2016_074-1.jpg\" rel=\"lightbox[547]\"><img loading=\"lazy\" decoding=\"async\" width=\"1200\" height=\"795\" data-id=\"3864\" src=\"https:\/\/www.niva-stammtisch.de\/wp-content\/uploads\/Passau-Ruzsa-2016_074-1-1200x795.jpg\" alt=\"\" class=\"wp-image-3864\" srcset=\"https:\/\/www.niva-stammtisch.de\/wp-content\/uploads\/Passau-Ruzsa-2016_074-1.jpg 1200w, https:\/\/www.niva-stammtisch.de\/wp-content\/uploads\/Passau-Ruzsa-2016_074-1-600x398.jpg 600w, https:\/\/www.niva-stammtisch.de\/wp-content\/uploads\/Passau-Ruzsa-2016_074-1-768x509.jpg 768w\" sizes=\"auto, (max-width: 767px) 89vw, (max-width: 1000px) 54vw, (max-width: 1071px) 543px, 580px\" \/><\/a><figcaption class=\"wp-element-caption\">Wir sind auf der F\u00e4hre.<\/figcaption><\/figure>\n<\/figure>\n\n\n\n<p>Didi merkte auch, wie schon am ersten Tag, dass das Radeln mit ordentlichem Gep\u00e4ck schon einen Unterschied macht. Somit beschlossen wir an einer Tankstelle (dort auch schnell etwas eingekauft) kurz vor Linz, ab da den \u201ek\u00fcrzesten\u201c Weg zum Joachim zu nehmen. H\u00e4tte ich vorher gewusst, dass es trotz Navi irgendwie eine gef\u00fchlte Ewigkeit dauert, bis wir durch Linz sind, h\u00e4tte man am Ende auch die vorher geplante Strecke \u00fcber das Wasserwerk Abwinden abfahren und die Stadtwege sich sparen k\u00f6nnen. Wobei es in Linz sehr viele Radwege gibt, was lobend zu erw\u00e4hnen ist. Auch die sich gerade in Abbrucharbeiten befindliche Linzer Eisenbahnbr\u00fccke konnten wir dadurch noch bestaunen. Mittlerweile scheint sie komplett abgerissen zu sein. <br>Gegen 17:30 Uhr kamen wir dann endlich nach 67 km \u201elanger\u201c Fahrt beim Jogi an. Die Begr\u00fc\u00dfung war wie immer herzlich. Man plauderte wie immer ausf\u00fchrlich, bis wir dann zu dritt in der Quatschbox zum Abendbrot fuhren und selbst danach in Jogis Heim noch bis 3:00 Uhr in der Nacht \u00fcber alles M\u00f6gliche plauderten &#8230; <\/p>\n\n\n\n<figure class=\"wp-block-gallery has-nested-images columns-2 is-cropped wp-block-gallery-3 is-layout-flex wp-block-gallery-is-layout-flex\">\n<figure class=\"wp-block-image\"><a href=\"https:\/\/www.niva-stammtisch.de\/wp-content\/uploads\/Passau-Ruzsa-2016_079-1.jpg\" rel=\"lightbox[547]\"><img loading=\"lazy\" decoding=\"async\" width=\"1200\" height=\"900\" data-id=\"3868\" src=\"https:\/\/www.niva-stammtisch.de\/wp-content\/uploads\/Passau-Ruzsa-2016_079-1-1200x900.jpg\" alt=\"\" class=\"wp-image-3868\" srcset=\"https:\/\/www.niva-stammtisch.de\/wp-content\/uploads\/Passau-Ruzsa-2016_079-1.jpg 1200w, https:\/\/www.niva-stammtisch.de\/wp-content\/uploads\/Passau-Ruzsa-2016_079-1-600x450.jpg 600w, https:\/\/www.niva-stammtisch.de\/wp-content\/uploads\/Passau-Ruzsa-2016_079-1-768x576.jpg 768w\" sizes=\"auto, (max-width: 767px) 89vw, (max-width: 1000px) 54vw, (max-width: 1071px) 543px, 580px\" \/><\/a><figcaption class=\"wp-element-caption\">Fast am Ziel des zweiten Tages!<\/figcaption><\/figure>\n\n\n\n<figure class=\"wp-block-image\"><a href=\"https:\/\/www.niva-stammtisch.de\/wp-content\/uploads\/Passau-Ruzsa-2016_080-1.jpg\" rel=\"lightbox[547]\"><img loading=\"lazy\" decoding=\"async\" width=\"1200\" height=\"900\" data-id=\"3869\" src=\"https:\/\/www.niva-stammtisch.de\/wp-content\/uploads\/Passau-Ruzsa-2016_080-1-1200x900.jpg\" alt=\"\" class=\"wp-image-3869\" srcset=\"https:\/\/www.niva-stammtisch.de\/wp-content\/uploads\/Passau-Ruzsa-2016_080-1.jpg 1200w, https:\/\/www.niva-stammtisch.de\/wp-content\/uploads\/Passau-Ruzsa-2016_080-1-600x450.jpg 600w, https:\/\/www.niva-stammtisch.de\/wp-content\/uploads\/Passau-Ruzsa-2016_080-1-768x576.jpg 768w\" sizes=\"auto, (max-width: 767px) 89vw, (max-width: 1000px) 54vw, (max-width: 1071px) 543px, 580px\" \/><\/a><figcaption class=\"wp-element-caption\">Blick aufs Schlossmuseum und den schmalen Strand.<\/figcaption><\/figure>\n\n\n\n<figure class=\"wp-block-image\"><a href=\"https:\/\/www.niva-stammtisch.de\/wp-content\/uploads\/Passau-Ruzsa-2016_081-1.jpg\" rel=\"lightbox[547]\"><img loading=\"lazy\" decoding=\"async\" width=\"1200\" height=\"900\" data-id=\"3870\" src=\"https:\/\/www.niva-stammtisch.de\/wp-content\/uploads\/Passau-Ruzsa-2016_081-1-1200x900.jpg\" alt=\"\" class=\"wp-image-3870\" srcset=\"https:\/\/www.niva-stammtisch.de\/wp-content\/uploads\/Passau-Ruzsa-2016_081-1.jpg 1200w, https:\/\/www.niva-stammtisch.de\/wp-content\/uploads\/Passau-Ruzsa-2016_081-1-600x450.jpg 600w, https:\/\/www.niva-stammtisch.de\/wp-content\/uploads\/Passau-Ruzsa-2016_081-1-768x576.jpg 768w\" sizes=\"auto, (max-width: 767px) 89vw, (max-width: 1000px) 54vw, (max-width: 1071px) 543px, 580px\" \/><\/a><figcaption class=\"wp-element-caption\">Die Br\u00fccke wird gerade frisch abgegrissen,&#8230;<\/figcaption><\/figure>\n\n\n\n<figure class=\"wp-block-image\"><a href=\"https:\/\/www.niva-stammtisch.de\/wp-content\/uploads\/Passau-Ruzsa-2016_082-1.jpg\" rel=\"lightbox[547]\"><img loading=\"lazy\" decoding=\"async\" width=\"1200\" height=\"900\" data-id=\"3871\" src=\"https:\/\/www.niva-stammtisch.de\/wp-content\/uploads\/Passau-Ruzsa-2016_082-1-1200x900.jpg\" alt=\"\" class=\"wp-image-3871\" srcset=\"https:\/\/www.niva-stammtisch.de\/wp-content\/uploads\/Passau-Ruzsa-2016_082-1.jpg 1200w, https:\/\/www.niva-stammtisch.de\/wp-content\/uploads\/Passau-Ruzsa-2016_082-1-600x450.jpg 600w, https:\/\/www.niva-stammtisch.de\/wp-content\/uploads\/Passau-Ruzsa-2016_082-1-768x576.jpg 768w\" sizes=\"auto, (max-width: 767px) 89vw, (max-width: 1000px) 54vw, (max-width: 1071px) 543px, 580px\" \/><\/a><figcaption class=\"wp-element-caption\">&#8230;bedeutet f\u00fcr uns einen kleinen Umweg \ud83d\ude09<\/figcaption><\/figure>\n<\/figure>\n\n\n\n<hr class=\"wp-block-separator has-css-opacity\"\/>\n\n\n\n<p><a href=\"https:\/\/niva-stammtisch.de\/?page_id=538\">Einleitung<\/a> | <a href=\"https:\/\/niva-stammtisch.de\/?page_id=540\">1. Tag<\/a> | <em><strong>2. Tag<\/strong><\/em> | <a href=\"https:\/\/niva-stammtisch.de\/?page_id=551\">3. Tag<\/a> | <a href=\"https:\/\/niva-stammtisch.de\/?page_id=553\">4. Tag<\/a> | <a href=\"https:\/\/niva-stammtisch.de\/?page_id=555\">5. Tag<\/a> | <a href=\"https:\/\/niva-stammtisch.de\/?page_id=557\">6. Tag<\/a> | <a href=\"https:\/\/niva-stammtisch.de\/?page_id=559\">7. Tag<\/a> | <a href=\"https:\/\/niva-stammtisch.de\/?page_id=561\">8. Tag<\/a> | <a href=\"https:\/\/niva-stammtisch.de\/?page_id=563\">9. Tag<\/a> | <a href=\"https:\/\/niva-stammtisch.de\/?page_id=565\">10. Tag<\/a> | <a href=\"https:\/\/niva-stammtisch.de\/?page_id=567\">11. Tag<\/a> | <a href=\"https:\/\/niva-stammtisch.de\/?page_id=570\">12. Tag<\/a> | <a href=\"https:\/\/niva-stammtisch.de\/?page_id=572\">13. Tag<\/a> | <a href=\"https:\/\/niva-stammtisch.de\/?page_id=574\">14. Tag<\/a> | Zur Bildergalerie<\/p>\n","protected":false},"excerpt":{"rendered":"<p>Am n\u00e4chsten Morgen merkten wir beim Zusammenpacken schnell, wie lange man doch braucht, bis alles wieder in den Taschen wie vorher und danach wieder fest am Fahrrad verpackt ist etc. &#8211; eine gute Stunde ging dabei schon drauf. Und da hatten wir doch subjektiv betrachtet gar nicht so viel ausgepackt gehabt. Die gewaschenen Radlerklamotten sind &hellip; <\/p>\n<p class=\"link-more\"><a href=\"https:\/\/www.niva-stammtisch.de\/?page_id=547\" class=\"more-link\"><span class=\"screen-reader-text\">\u201e02. Reisetag: Inzell \u2013 Ansfelden (67 km)\u201c <\/span>weiterlesen<\/a><\/p>\n","protected":false},"author":1,"featured_media":0,"parent":538,"menu_order":0,"comment_status":"closed","ping_status":"closed","template":"","meta":{"footnotes":""},"class_list":["post-547","page","type-page","status-publish","hentry"],"_links":{"self":[{"href":"https:\/\/www.niva-stammtisch.de\/index.php?rest_route=\/wp\/v2\/pages\/547","targetHints":{"allow":["GET"]}}],"collection":[{"href":"https:\/\/www.niva-stammtisch.de\/index.php?rest_route=\/wp\/v2\/pages"}],"about":[{"href":"https:\/\/www.niva-stammtisch.de\/index.php?rest_route=\/wp\/v2\/types\/page"}],"author":[{"embeddable":true,"href":"https:\/\/www.niva-stammtisch.de\/index.php?rest_route=\/wp\/v2\/users\/1"}],"replies":[{"embeddable":true,"href":"https:\/\/www.niva-stammtisch.de\/index.php?rest_route=%2Fwp%2Fv2%2Fcomments&post=547"}],"version-history":[{"count":19,"href":"https:\/\/www.niva-stammtisch.de\/index.php?rest_route=\/wp\/v2\/pages\/547\/revisions"}],"predecessor-version":[{"id":5776,"href":"https:\/\/www.niva-stammtisch.de\/index.php?rest_route=\/wp\/v2\/pages\/547\/revisions\/5776"}],"up":[{"embeddable":true,"href":"https:\/\/www.niva-stammtisch.de\/index.php?rest_route=\/wp\/v2\/pages\/538"}],"wp:attachment":[{"href":"https:\/\/www.niva-stammtisch.de\/index.php?rest_route=%2Fwp%2Fv2%2Fmedia&parent=547"}],"curies":[{"name":"wp","href":"https:\/\/api.w.org\/{rel}","templated":true}]}}