{"id":538,"date":"2018-12-25T17:31:12","date_gmt":"2018-12-25T16:31:12","guid":{"rendered":"https:\/\/tamas-radelei.de\/?page_id=538"},"modified":"2023-02-08T22:43:48","modified_gmt":"2023-02-08T21:43:48","slug":"tamas-on-tour-2016","status":"publish","type":"page","link":"https:\/\/www.niva-stammtisch.de\/?page_id=538","title":{"rendered":"Tami on Tour 2016"},"content":{"rendered":"\n<p>Wie einige ja wissen, bin ich als halber Ungar auch noch ein gro\u00dfer Fahrradfan (nat\u00fcrlich nach den LADAs!). Dadurch wurde eine bereits 20 Jahre alte Idee im aktuellen Jahr 2016 nun endlich immer mehr Realit\u00e4t: \u201eIch fahre mit dem Fahrrad die gut 800 km zum Opa nach S\u00fcdungarn!\u201c <br>Somit ging es an die Streckenplanung. Da es meine erste Radtour \u00fcber solch eine Distanz werden sollte, wollte ich sie vom Streckenverlauf her so einfach wie m\u00f6glich halten. Deswegen fiel die Wahl des Startpunktes auf Passau, um von dort dem Donauradweg flussabw\u00e4rts bis circa 100 km s\u00fcdlich von Budapest (Dunaf\u00f6ldv\u00e1r) zu folgen und dann weiter \u00fcber den Kiskuns\u00e1g Nationalpark mit der Bugacpuszta zum Opa in der N\u00e4he von Szeged zu gelangen. Mit diesen Vorgaben konnte die Planung der Tour im Fr\u00fchjahr beginnen. Tagesziele waren stets Campingpl\u00e4tze oder Bekannte und die Tagesetappen sollten sich von 60 bis 90 km bewegen. <br>Nebenbei erfuhr ein Bekannter von mir &#8211; kurz Didi genannt &#8211; ebenfalls von meinem Vorhaben und entschloss sich nach langem hin und her bzgl. seiner Urlaubsplanung, mich von Passau bis Budapest zu begleiten. <br>Nun war der Zeitpunkt gekommen, um in die gro\u00dfe weite Welt zu starten! Das folgende Tourtagebuch soll die Eindr\u00fccke tageweise beschreiben. Viel Spa\u00df dabei! <\/p>\n\n\n\n<figure class=\"wp-block-gallery has-nested-images columns-default is-cropped wp-block-gallery-1 is-layout-flex wp-block-gallery-is-layout-flex\">\n<figure class=\"wp-block-image\"><a href=\"https:\/\/www.niva-stammtisch.de\/wp-content\/uploads\/Passau-Ruzsa-2016_tami.jpg\" rel=\"lightbox[538]\"><img loading=\"lazy\" decoding=\"async\" width=\"900\" height=\"1200\" data-id=\"4652\" src=\"https:\/\/www.niva-stammtisch.de\/wp-content\/uploads\/Passau-Ruzsa-2016_tami-900x1200.jpg\" alt=\"\" class=\"wp-image-4652\" srcset=\"https:\/\/www.niva-stammtisch.de\/wp-content\/uploads\/Passau-Ruzsa-2016_tami.jpg 900w, https:\/\/www.niva-stammtisch.de\/wp-content\/uploads\/Passau-Ruzsa-2016_tami-450x600.jpg 450w, https:\/\/www.niva-stammtisch.de\/wp-content\/uploads\/Passau-Ruzsa-2016_tami-768x1024.jpg 768w\" sizes=\"auto, (max-width: 767px) 89vw, (max-width: 1000px) 54vw, (max-width: 1071px) 543px, 580px\" \/><\/a><figcaption class=\"wp-element-caption\">Tami<\/figcaption><\/figure>\n\n\n\n<figure class=\"wp-block-image\"><a href=\"https:\/\/www.niva-stammtisch.de\/wp-content\/uploads\/Passau-Ruzsa-2016_didi.jpg\" rel=\"lightbox[538]\"><img loading=\"lazy\" decoding=\"async\" width=\"795\" height=\"1200\" data-id=\"4651\" src=\"https:\/\/www.niva-stammtisch.de\/wp-content\/uploads\/Passau-Ruzsa-2016_didi-795x1200.jpg\" alt=\"\" class=\"wp-image-4651\" srcset=\"https:\/\/www.niva-stammtisch.de\/wp-content\/uploads\/Passau-Ruzsa-2016_didi.jpg 795w, https:\/\/www.niva-stammtisch.de\/wp-content\/uploads\/Passau-Ruzsa-2016_didi-398x600.jpg 398w, https:\/\/www.niva-stammtisch.de\/wp-content\/uploads\/Passau-Ruzsa-2016_didi-768x1159.jpg 768w\" sizes=\"auto, (max-width: 767px) 89vw, (max-width: 1000px) 54vw, (max-width: 1071px) 543px, 580px\" \/><\/a><figcaption class=\"wp-element-caption\">Didi<\/figcaption><\/figure>\n<\/figure>\n\n\n\n<hr class=\"wp-block-separator has-css-opacity\"\/>\n\n\n\n<p><strong><em>Einleitung<\/em><\/strong> | <a href=\"https:\/\/niva-stammtisch.de\/?page_id=540\">1. Tag<\/a> | <a href=\"https:\/\/niva-stammtisch.de\/?page_id=547\">2. Tag<\/a> | <a href=\"https:\/\/niva-stammtisch.de\/?page_id=551\">3. Tag<\/a> | <a href=\"https:\/\/niva-stammtisch.de\/?page_id=553\">4. Tag<\/a> | <a href=\"https:\/\/niva-stammtisch.de\/?page_id=555\">5. Tag<\/a> | <a href=\"https:\/\/niva-stammtisch.de\/?page_id=557\">6. Tag<\/a> | <a href=\"https:\/\/niva-stammtisch.de\/?page_id=559\">7. Tag<\/a> | <a href=\"https:\/\/niva-stammtisch.de\/?page_id=561\">8. Tag<\/a> | <a href=\"https:\/\/niva-stammtisch.de\/?page_id=563\">9. Tag<\/a> | <a href=\"https:\/\/niva-stammtisch.de\/?page_id=565\">10. Tag<\/a> | <a href=\"https:\/\/niva-stammtisch.de\/?page_id=567\">11. Tag<\/a> | <a href=\"https:\/\/niva-stammtisch.de\/?page_id=570\">12. Tag<\/a> | <a href=\"https:\/\/niva-stammtisch.de\/?page_id=572\">13. Tag<\/a> | <a href=\"https:\/\/niva-stammtisch.de\/?page_id=574\">14. Tag<\/a> | Zur Bildergalerie<\/p>\n","protected":false},"excerpt":{"rendered":"<p>Wie einige ja wissen, bin ich als halber Ungar auch noch ein gro\u00dfer Fahrradfan (nat\u00fcrlich nach den LADAs!). Dadurch wurde eine bereits 20 Jahre alte Idee im aktuellen Jahr 2016 nun endlich immer mehr Realit\u00e4t: \u201eIch fahre mit dem Fahrrad die gut 800 km zum Opa nach S\u00fcdungarn!\u201c Somit ging es an die Streckenplanung. Da &hellip; <\/p>\n<p class=\"link-more\"><a href=\"https:\/\/www.niva-stammtisch.de\/?page_id=538\" class=\"more-link\"><span class=\"screen-reader-text\">\u201eTami on Tour 2016\u201c <\/span>weiterlesen<\/a><\/p>\n","protected":false},"author":1,"featured_media":0,"parent":722,"menu_order":12,"comment_status":"closed","ping_status":"closed","template":"","meta":{"footnotes":""},"class_list":["post-538","page","type-page","status-publish","hentry"],"_links":{"self":[{"href":"https:\/\/www.niva-stammtisch.de\/index.php?rest_route=\/wp\/v2\/pages\/538","targetHints":{"allow":["GET"]}}],"collection":[{"href":"https:\/\/www.niva-stammtisch.de\/index.php?rest_route=\/wp\/v2\/pages"}],"about":[{"href":"https:\/\/www.niva-stammtisch.de\/index.php?rest_route=\/wp\/v2\/types\/page"}],"author":[{"embeddable":true,"href":"https:\/\/www.niva-stammtisch.de\/index.php?rest_route=\/wp\/v2\/users\/1"}],"replies":[{"embeddable":true,"href":"https:\/\/www.niva-stammtisch.de\/index.php?rest_route=%2Fwp%2Fv2%2Fcomments&post=538"}],"version-history":[{"count":6,"href":"https:\/\/www.niva-stammtisch.de\/index.php?rest_route=\/wp\/v2\/pages\/538\/revisions"}],"predecessor-version":[{"id":5655,"href":"https:\/\/www.niva-stammtisch.de\/index.php?rest_route=\/wp\/v2\/pages\/538\/revisions\/5655"}],"up":[{"embeddable":true,"href":"https:\/\/www.niva-stammtisch.de\/index.php?rest_route=\/wp\/v2\/pages\/722"}],"wp:attachment":[{"href":"https:\/\/www.niva-stammtisch.de\/index.php?rest_route=%2Fwp%2Fv2%2Fmedia&parent=538"}],"curies":[{"name":"wp","href":"https:\/\/api.w.org\/{rel}","templated":true}]}}