{"id":50,"date":"2018-12-24T13:58:13","date_gmt":"2018-12-24T12:58:13","guid":{"rendered":"https:\/\/tamas-radelei.de\/?page_id=50"},"modified":"2019-03-28T19:09:56","modified_gmt":"2019-03-28T18:09:56","slug":"fuhrpark","status":"publish","type":"page","link":"https:\/\/www.niva-stammtisch.de\/?page_id=50","title":{"rendered":"Fuhrpark"},"content":{"rendered":"\n<p>Da es sich ja hierbei um eine Webseite rund ums Radeln handelt, will ich nat\u00fcrlich auch meinen Fuhrpark vorstellen. Mit dem Klick auf dem obigen Fuhrpark-Men\u00fc gelangt man zu mehr Details zu den jeweiligen R\u00e4dern bzw. Anh\u00e4nger.<\/p>\n\n\n\n<ul class=\"wp-block-gallery columns-2 is-cropped wp-block-gallery-1 is-layout-flex wp-block-gallery-is-layout-flex\"><li class=\"blocks-gallery-item\"><figure><a href=\"https:\/\/www.niva-stammtisch.de\/wp-content\/uploads\/biria_007-1200x795.jpg\" rel=\"lightbox[50]\"><img loading=\"lazy\" decoding=\"async\" width=\"1200\" height=\"795\" src=\"https:\/\/www.niva-stammtisch.de\/wp-content\/uploads\/biria_007-1200x795.jpg\" alt=\"\" data-id=\"1610\" data-link=\"https:\/\/www.niva-stammtisch.de\/?attachment_id=1610\" class=\"wp-image-1610\" srcset=\"https:\/\/www.niva-stammtisch.de\/wp-content\/uploads\/biria_007.jpg 1200w, https:\/\/www.niva-stammtisch.de\/wp-content\/uploads\/biria_007-600x398.jpg 600w, https:\/\/www.niva-stammtisch.de\/wp-content\/uploads\/biria_007-768x509.jpg 768w\" sizes=\"auto, (max-width: 767px) 89vw, (max-width: 1000px) 54vw, (max-width: 1071px) 543px, 580px\" \/><\/a><\/figure><\/li><li class=\"blocks-gallery-item\"><figure><a href=\"https:\/\/www.niva-stammtisch.de\/wp-content\/uploads\/bobyak_009-1200x720.jpg\" rel=\"lightbox[50]\"><img loading=\"lazy\" decoding=\"async\" width=\"1200\" height=\"720\" src=\"https:\/\/www.niva-stammtisch.de\/wp-content\/uploads\/bobyak_009-1200x720.jpg\" alt=\"\" data-id=\"1691\" data-link=\"https:\/\/www.niva-stammtisch.de\/?attachment_id=1691\" class=\"wp-image-1691\" srcset=\"https:\/\/www.niva-stammtisch.de\/wp-content\/uploads\/bobyak_009.jpg 1200w, https:\/\/www.niva-stammtisch.de\/wp-content\/uploads\/bobyak_009-600x360.jpg 600w, https:\/\/www.niva-stammtisch.de\/wp-content\/uploads\/bobyak_009-768x461.jpg 768w\" sizes=\"auto, (max-width: 767px) 89vw, (max-width: 1000px) 54vw, (max-width: 1071px) 543px, 580px\" \/><\/a><\/figure><\/li><li class=\"blocks-gallery-item\"><figure><a href=\"https:\/\/www.niva-stammtisch.de\/wp-content\/uploads\/klapprad1_002-1200x795.jpg\" rel=\"lightbox[50]\"><img loading=\"lazy\" decoding=\"async\" width=\"1200\" height=\"795\" src=\"https:\/\/www.niva-stammtisch.de\/wp-content\/uploads\/klapprad1_002-1200x795.jpg\" alt=\"\" data-id=\"1614\" data-link=\"https:\/\/www.niva-stammtisch.de\/?attachment_id=1614\" class=\"wp-image-1614\" srcset=\"https:\/\/www.niva-stammtisch.de\/wp-content\/uploads\/klapprad1_002.jpg 1200w, https:\/\/www.niva-stammtisch.de\/wp-content\/uploads\/klapprad1_002-600x398.jpg 600w, https:\/\/www.niva-stammtisch.de\/wp-content\/uploads\/klapprad1_002-768x509.jpg 768w\" sizes=\"auto, (max-width: 767px) 89vw, (max-width: 1000px) 54vw, (max-width: 1071px) 543px, 580px\" \/><\/a><\/figure><\/li><li class=\"blocks-gallery-item\"><figure><a href=\"https:\/\/www.niva-stammtisch.de\/wp-content\/uploads\/bmx_002-1200x900.jpg\" rel=\"lightbox[50]\"><img loading=\"lazy\" decoding=\"async\" width=\"1200\" height=\"900\" src=\"https:\/\/www.niva-stammtisch.de\/wp-content\/uploads\/bmx_002-1200x900.jpg\" alt=\"\" data-id=\"1603\" data-link=\"https:\/\/www.niva-stammtisch.de\/?attachment_id=1603\" class=\"wp-image-1603\" srcset=\"https:\/\/www.niva-stammtisch.de\/wp-content\/uploads\/bmx_002.jpg 1200w, https:\/\/www.niva-stammtisch.de\/wp-content\/uploads\/bmx_002-600x450.jpg 600w, https:\/\/www.niva-stammtisch.de\/wp-content\/uploads\/bmx_002-768x576.jpg 768w\" sizes=\"auto, (max-width: 767px) 89vw, (max-width: 1000px) 54vw, (max-width: 1071px) 543px, 580px\" \/><\/a><\/figure><\/li><\/ul>\n","protected":false},"excerpt":{"rendered":"<p>Da es sich ja hierbei um eine Webseite rund ums Radeln handelt, will ich nat\u00fcrlich auch meinen Fuhrpark vorstellen. Mit dem Klick auf dem obigen Fuhrpark-Men\u00fc gelangt man zu mehr Details zu den jeweiligen R\u00e4dern bzw. Anh\u00e4nger.<\/p>\n","protected":false},"author":1,"featured_media":0,"parent":4585,"menu_order":10,"comment_status":"closed","ping_status":"closed","template":"","meta":{"footnotes":""},"class_list":["post-50","page","type-page","status-publish","hentry"],"_links":{"self":[{"href":"https:\/\/www.niva-stammtisch.de\/index.php?rest_route=\/wp\/v2\/pages\/50","targetHints":{"allow":["GET"]}}],"collection":[{"href":"https:\/\/www.niva-stammtisch.de\/index.php?rest_route=\/wp\/v2\/pages"}],"about":[{"href":"https:\/\/www.niva-stammtisch.de\/index.php?rest_route=\/wp\/v2\/types\/page"}],"author":[{"embeddable":true,"href":"https:\/\/www.niva-stammtisch.de\/index.php?rest_route=\/wp\/v2\/users\/1"}],"replies":[{"embeddable":true,"href":"https:\/\/www.niva-stammtisch.de\/index.php?rest_route=%2Fwp%2Fv2%2Fcomments&post=50"}],"version-history":[{"count":6,"href":"https:\/\/www.niva-stammtisch.de\/index.php?rest_route=\/wp\/v2\/pages\/50\/revisions"}],"predecessor-version":[{"id":5189,"href":"https:\/\/www.niva-stammtisch.de\/index.php?rest_route=\/wp\/v2\/pages\/50\/revisions\/5189"}],"up":[{"embeddable":true,"href":"https:\/\/www.niva-stammtisch.de\/index.php?rest_route=\/wp\/v2\/pages\/4585"}],"wp:attachment":[{"href":"https:\/\/www.niva-stammtisch.de\/index.php?rest_route=%2Fwp%2Fv2%2Fmedia&parent=50"}],"curies":[{"name":"wp","href":"https:\/\/api.w.org\/{rel}","templated":true}]}}