{"id":48,"date":"2018-12-24T13:59:37","date_gmt":"2018-12-24T12:59:37","guid":{"rendered":"https:\/\/tamas-radelei.de\/?page_id=48"},"modified":"2019-03-28T18:57:41","modified_gmt":"2019-03-28T17:57:41","slug":"mifa-klapprad-1","status":"publish","type":"page","link":"https:\/\/www.niva-stammtisch.de\/?page_id=48","title":{"rendered":"Mifa Klapprad 1"},"content":{"rendered":"\n<ul class=\"wp-block-gallery columns-1 is-cropped wp-block-gallery-1 is-layout-flex wp-block-gallery-is-layout-flex\"><li class=\"blocks-gallery-item\"><figure><a href=\"https:\/\/www.niva-stammtisch.de\/wp-content\/uploads\/klapprad1_002-1200x795.jpg\" rel=\"lightbox[48]\"><img loading=\"lazy\" decoding=\"async\" width=\"1200\" height=\"795\" src=\"https:\/\/www.niva-stammtisch.de\/wp-content\/uploads\/klapprad1_002-1200x795.jpg\" alt=\"\" data-id=\"1614\" data-link=\"https:\/\/www.niva-stammtisch.de\/?attachment_id=1614\" class=\"wp-image-1614\" srcset=\"https:\/\/www.niva-stammtisch.de\/wp-content\/uploads\/klapprad1_002.jpg 1200w, https:\/\/www.niva-stammtisch.de\/wp-content\/uploads\/klapprad1_002-600x398.jpg 600w, https:\/\/www.niva-stammtisch.de\/wp-content\/uploads\/klapprad1_002-768x509.jpg 768w\" sizes=\"auto, (max-width: 767px) 89vw, (max-width: 1000px) 54vw, (max-width: 1071px) 543px, 580px\" \/><\/a><\/figure><\/li><\/ul>\n\n\n\n<p>Hierbei handelt es sich um das Klapprad meiner Eltern von 1988, welches ich als theoretisches Zweitrad im Jahre 2017 \u00fcbernommen hatte, da es auch nur im Keller verstaubte.<br>Auch hier nagte ein wenig der Zahn der Zeit am Material, so dass ich auch hier einiges f\u00fcr meine Anspr\u00fcche getauscht bzw. abge\u00e4ndert hatte:<\/p>\n\n\n\n<ul class=\"wp-block-list\"><li>Reifen Schwalbe Marathon Plus<\/li><li>Plastik-Schutzbleche<\/li><li>KlickFix Lenkertaschenhalterung vorn und Halterung an der Sattelstange<\/li><li>neuer Standard-St\u00e4nder mit l\u00e4ngerem &#8222;Bein&#8220;<\/li><li>Shimano Click&#8217;R Pedale vom BIRIA<\/li><li>originaler Gep\u00e4cktr\u00e4ger vom Tern Node meiner Schwester<\/li><li>neue LED-Beleuchtung plus Seitenl\u00e4uferdynamo<\/li><li>anderes Schloss von der Schwester<\/li><\/ul>\n\n\n\n<ul class=\"wp-block-gallery columns-2 is-cropped wp-block-gallery-2 is-layout-flex wp-block-gallery-is-layout-flex\"><li class=\"blocks-gallery-item\"><figure><a href=\"https:\/\/www.niva-stammtisch.de\/wp-content\/uploads\/klapprad1_005-e1553795113243-795x1200.jpg\" rel=\"lightbox[48]\"><img loading=\"lazy\" decoding=\"async\" width=\"795\" height=\"1200\" src=\"https:\/\/www.niva-stammtisch.de\/wp-content\/uploads\/klapprad1_005-e1553795113243-795x1200.jpg\" alt=\"\" data-id=\"1617\" data-link=\"https:\/\/www.niva-stammtisch.de\/?attachment_id=1617\" class=\"wp-image-1617\" srcset=\"https:\/\/www.niva-stammtisch.de\/wp-content\/uploads\/klapprad1_005-e1553795113243.jpg 795w, https:\/\/www.niva-stammtisch.de\/wp-content\/uploads\/klapprad1_005-e1553795113243-398x600.jpg 398w, https:\/\/www.niva-stammtisch.de\/wp-content\/uploads\/klapprad1_005-e1553795113243-768x1159.jpg 768w\" sizes=\"auto, (max-width: 767px) 89vw, (max-width: 1000px) 54vw, (max-width: 1071px) 543px, 580px\" \/><\/a><\/figure><\/li><li class=\"blocks-gallery-item\"><figure><a href=\"https:\/\/www.niva-stammtisch.de\/wp-content\/uploads\/klapprad1_003-1200x795.jpg\" rel=\"lightbox[48]\"><img loading=\"lazy\" decoding=\"async\" width=\"1200\" height=\"795\" src=\"https:\/\/www.niva-stammtisch.de\/wp-content\/uploads\/klapprad1_003-1200x795.jpg\" alt=\"\" data-id=\"1678\" data-link=\"https:\/\/www.niva-stammtisch.de\/?attachment_id=1678\" class=\"wp-image-1678\" srcset=\"https:\/\/www.niva-stammtisch.de\/wp-content\/uploads\/klapprad1_003.jpg 1200w, https:\/\/www.niva-stammtisch.de\/wp-content\/uploads\/klapprad1_003-600x398.jpg 600w, https:\/\/www.niva-stammtisch.de\/wp-content\/uploads\/klapprad1_003-768x509.jpg 768w\" sizes=\"auto, (max-width: 767px) 89vw, (max-width: 1000px) 54vw, (max-width: 1071px) 543px, 580px\" \/><\/a><\/figure><\/li><li class=\"blocks-gallery-item\"><figure><a href=\"https:\/\/www.niva-stammtisch.de\/wp-content\/uploads\/klapprad1_010-1200x795.jpg\" rel=\"lightbox[48]\"><img loading=\"lazy\" decoding=\"async\" width=\"1200\" height=\"795\" src=\"https:\/\/www.niva-stammtisch.de\/wp-content\/uploads\/klapprad1_010-1200x795.jpg\" alt=\"\" data-id=\"1622\" data-link=\"https:\/\/www.niva-stammtisch.de\/?attachment_id=1622\" class=\"wp-image-1622\" srcset=\"https:\/\/www.niva-stammtisch.de\/wp-content\/uploads\/klapprad1_010.jpg 1200w, https:\/\/www.niva-stammtisch.de\/wp-content\/uploads\/klapprad1_010-600x398.jpg 600w, https:\/\/www.niva-stammtisch.de\/wp-content\/uploads\/klapprad1_010-768x509.jpg 768w\" sizes=\"auto, (max-width: 767px) 89vw, (max-width: 1000px) 54vw, (max-width: 1071px) 543px, 580px\" \/><\/a><\/figure><\/li><li class=\"blocks-gallery-item\"><figure><a href=\"https:\/\/www.niva-stammtisch.de\/wp-content\/uploads\/klapprad1_008-1200x795.jpg\" rel=\"lightbox[48]\"><img loading=\"lazy\" decoding=\"async\" width=\"1200\" height=\"795\" src=\"https:\/\/www.niva-stammtisch.de\/wp-content\/uploads\/klapprad1_008-1200x795.jpg\" alt=\"\" data-id=\"1620\" data-link=\"https:\/\/www.niva-stammtisch.de\/?attachment_id=1620\" class=\"wp-image-1620\" srcset=\"https:\/\/www.niva-stammtisch.de\/wp-content\/uploads\/klapprad1_008.jpg 1200w, https:\/\/www.niva-stammtisch.de\/wp-content\/uploads\/klapprad1_008-600x398.jpg 600w, https:\/\/www.niva-stammtisch.de\/wp-content\/uploads\/klapprad1_008-768x509.jpg 768w\" sizes=\"auto, (max-width: 767px) 89vw, (max-width: 1000px) 54vw, (max-width: 1071px) 543px, 580px\" \/><\/a><\/figure><\/li><li class=\"blocks-gallery-item\"><figure><a href=\"https:\/\/www.niva-stammtisch.de\/wp-content\/uploads\/klapprad1_006-e1553795015676-795x1200.jpg\" rel=\"lightbox[48]\"><img loading=\"lazy\" decoding=\"async\" width=\"795\" height=\"1200\" src=\"https:\/\/www.niva-stammtisch.de\/wp-content\/uploads\/klapprad1_006-e1553795015676-795x1200.jpg\" alt=\"\" data-id=\"1618\" data-link=\"https:\/\/www.niva-stammtisch.de\/?attachment_id=1618\" class=\"wp-image-1618\" srcset=\"https:\/\/www.niva-stammtisch.de\/wp-content\/uploads\/klapprad1_006-e1553795015676.jpg 795w, https:\/\/www.niva-stammtisch.de\/wp-content\/uploads\/klapprad1_006-e1553795015676-398x600.jpg 398w, https:\/\/www.niva-stammtisch.de\/wp-content\/uploads\/klapprad1_006-e1553795015676-768x1159.jpg 768w\" sizes=\"auto, (max-width: 767px) 89vw, (max-width: 1000px) 54vw, (max-width: 1071px) 543px, 580px\" \/><\/a><\/figure><\/li><\/ul>\n","protected":false},"excerpt":{"rendered":"<p>Hierbei handelt es sich um das Klapprad meiner Eltern von 1988, welches ich als theoretisches Zweitrad im Jahre 2017 \u00fcbernommen hatte, da es auch nur im Keller verstaubte.Auch hier nagte ein wenig der Zahn der Zeit am Material, so dass ich auch hier einiges f\u00fcr meine Anspr\u00fcche getauscht bzw. abge\u00e4ndert hatte: Reifen Schwalbe Marathon Plus &hellip; <\/p>\n<p class=\"link-more\"><a href=\"https:\/\/www.niva-stammtisch.de\/?page_id=48\" class=\"more-link\"><span class=\"screen-reader-text\">\u201eMifa Klapprad 1\u201c <\/span>weiterlesen<\/a><\/p>\n","protected":false},"author":1,"featured_media":0,"parent":50,"menu_order":18,"comment_status":"closed","ping_status":"closed","template":"","meta":{"footnotes":""},"class_list":["post-48","page","type-page","status-publish","hentry"],"_links":{"self":[{"href":"https:\/\/www.niva-stammtisch.de\/index.php?rest_route=\/wp\/v2\/pages\/48","targetHints":{"allow":["GET"]}}],"collection":[{"href":"https:\/\/www.niva-stammtisch.de\/index.php?rest_route=\/wp\/v2\/pages"}],"about":[{"href":"https:\/\/www.niva-stammtisch.de\/index.php?rest_route=\/wp\/v2\/types\/page"}],"author":[{"embeddable":true,"href":"https:\/\/www.niva-stammtisch.de\/index.php?rest_route=\/wp\/v2\/users\/1"}],"replies":[{"embeddable":true,"href":"https:\/\/www.niva-stammtisch.de\/index.php?rest_route=%2Fwp%2Fv2%2Fcomments&post=48"}],"version-history":[{"count":17,"href":"https:\/\/www.niva-stammtisch.de\/index.php?rest_route=\/wp\/v2\/pages\/48\/revisions"}],"predecessor-version":[{"id":5187,"href":"https:\/\/www.niva-stammtisch.de\/index.php?rest_route=\/wp\/v2\/pages\/48\/revisions\/5187"}],"up":[{"embeddable":true,"href":"https:\/\/www.niva-stammtisch.de\/index.php?rest_route=\/wp\/v2\/pages\/50"}],"wp:attachment":[{"href":"https:\/\/www.niva-stammtisch.de\/index.php?rest_route=%2Fwp%2Fv2%2Fmedia&parent=48"}],"curies":[{"name":"wp","href":"https:\/\/api.w.org\/{rel}","templated":true}]}}