{"id":47,"date":"2018-12-24T13:59:14","date_gmt":"2018-12-24T12:59:14","guid":{"rendered":"https:\/\/tamas-radelei.de\/?page_id=47"},"modified":"2020-08-03T02:38:46","modified_gmt":"2020-08-03T00:38:46","slug":"bob-yak-fahrradanhaenger","status":"publish","type":"page","link":"https:\/\/www.niva-stammtisch.de\/?page_id=47","title":{"rendered":"BOB YAK Fahrradanh\u00e4nger"},"content":{"rendered":"\n<figure class=\"wp-block-gallery columns-1 is-cropped wp-block-gallery-1 is-layout-flex wp-block-gallery-is-layout-flex\"><ul class=\"blocks-gallery-grid\"><li class=\"blocks-gallery-item\"><figure><a href=\"https:\/\/www.niva-stammtisch.de\/wp-content\/uploads\/bobyak_001-1200x720.jpg\" rel=\"lightbox[47]\"><img loading=\"lazy\" decoding=\"async\" width=\"1200\" height=\"720\" src=\"https:\/\/www.niva-stammtisch.de\/wp-content\/uploads\/bobyak_001-1200x720.jpg\" alt=\"\" data-id=\"1679\" data-link=\"https:\/\/www.niva-stammtisch.de\/?attachment_id=1679\" class=\"wp-image-1679\" srcset=\"https:\/\/www.niva-stammtisch.de\/wp-content\/uploads\/bobyak_001.jpg 1200w, https:\/\/www.niva-stammtisch.de\/wp-content\/uploads\/bobyak_001-600x360.jpg 600w, https:\/\/www.niva-stammtisch.de\/wp-content\/uploads\/bobyak_001-768x461.jpg 768w\" sizes=\"auto, (max-width: 767px) 89vw, (max-width: 1000px) 54vw, (max-width: 1071px) 543px, 580px\" \/><\/a><figcaption class=\"blocks-gallery-item__caption\"> <br\/><br\/><\/figcaption><\/figure><\/li><\/ul><\/figure>\n\n\n\n<p>Der BOB YAK Fahrradanh\u00e4nger fiel mir schon ins Auge, als ein deutscher Outdoor-Ausr\u00fcster diesen in seinem Katalog mit anbot. Damals schon nicht ganz billig, aber au\u00dfergew\u00f6hnlich im Konzept, lie\u00df er mich gute 20 Jahre nicht v\u00f6llig in Ruhe. Aufgrund der Idee, endlich auch mal Mehrtagestouren zu unternehmen und dann nicht immer alles nur auf dem Fahrrad zu verstauen, wurde das Interesse an dem YAK regelrecht neu geweckt und im Dezember 2015 hatte ich dann die M\u00f6glichkeit, einen gebrauchten Anh\u00e4nger zu einem einigerma\u00dfen akzeptablem Preis in der N\u00e4he zu erstehen.<\/p>\n\n\n\n<p>Doch wie schon erw\u00e4hnt, musste ich mir aufgrund meiner Hinterradvollachse mit Muttern zum Sichern dann die &#8222;BOB Nuts&#8220; Aufnahmeadapter siehe obige Bilder besorgen, um den YAK \u00fcberhaupt an mein Biria angekoppelt zu bekommen. Die mitgelieferte modifizierte Schnellspannerachse mit den entsprechenden Aufnahmen hilft mir n\u00e4mlich nicht wirklich weiter.<\/p>\n\n\n\n<figure class=\"wp-block-gallery columns-2 is-cropped wp-block-gallery-2 is-layout-flex wp-block-gallery-is-layout-flex\"><ul class=\"blocks-gallery-grid\"><li class=\"blocks-gallery-item\"><figure><a href=\"https:\/\/www.niva-stammtisch.de\/wp-content\/uploads\/20151202_214811-720x1200.jpg\" rel=\"lightbox[47]\"><img loading=\"lazy\" decoding=\"async\" width=\"720\" height=\"1200\" src=\"https:\/\/www.niva-stammtisch.de\/wp-content\/uploads\/20151202_214811-720x1200.jpg\" alt=\"\" data-id=\"1683\" data-link=\"https:\/\/www.niva-stammtisch.de\/?attachment_id=1683\" class=\"wp-image-1683\" srcset=\"https:\/\/www.niva-stammtisch.de\/wp-content\/uploads\/20151202_214811.jpg 720w, https:\/\/www.niva-stammtisch.de\/wp-content\/uploads\/20151202_214811-360x600.jpg 360w\" sizes=\"auto, (max-width: 720px) 100vw, 720px\" \/><\/a><\/figure><\/li><li class=\"blocks-gallery-item\"><figure><a href=\"https:\/\/www.niva-stammtisch.de\/wp-content\/uploads\/20151202_214728-720x1200.jpg\" rel=\"lightbox[47]\"><img loading=\"lazy\" decoding=\"async\" width=\"720\" height=\"1200\" src=\"https:\/\/www.niva-stammtisch.de\/wp-content\/uploads\/20151202_214728-720x1200.jpg\" alt=\"\" data-id=\"1682\" data-link=\"https:\/\/www.niva-stammtisch.de\/?attachment_id=1682\" class=\"wp-image-1682\" srcset=\"https:\/\/www.niva-stammtisch.de\/wp-content\/uploads\/20151202_214728.jpg 720w, https:\/\/www.niva-stammtisch.de\/wp-content\/uploads\/20151202_214728-360x600.jpg 360w\" sizes=\"auto, (max-width: 720px) 100vw, 720px\" \/><\/a><\/figure><\/li><li class=\"blocks-gallery-item\"><figure><a href=\"https:\/\/www.niva-stammtisch.de\/wp-content\/uploads\/20151202_214649-720x1200.jpg\" rel=\"lightbox[47]\"><img loading=\"lazy\" decoding=\"async\" width=\"720\" height=\"1200\" src=\"https:\/\/www.niva-stammtisch.de\/wp-content\/uploads\/20151202_214649-720x1200.jpg\" alt=\"\" data-id=\"1681\" data-link=\"https:\/\/www.niva-stammtisch.de\/?attachment_id=1681\" class=\"wp-image-1681\" srcset=\"https:\/\/www.niva-stammtisch.de\/wp-content\/uploads\/20151202_214649.jpg 720w, https:\/\/www.niva-stammtisch.de\/wp-content\/uploads\/20151202_214649-360x600.jpg 360w\" sizes=\"auto, (max-width: 720px) 100vw, 720px\" \/><\/a><\/figure><\/li><li class=\"blocks-gallery-item\"><figure><a href=\"https:\/\/www.niva-stammtisch.de\/wp-content\/uploads\/20151202_214608-720x1200.jpg\" rel=\"lightbox[47]\"><img loading=\"lazy\" decoding=\"async\" width=\"720\" height=\"1200\" src=\"https:\/\/www.niva-stammtisch.de\/wp-content\/uploads\/20151202_214608-720x1200.jpg\" alt=\"\" data-id=\"1680\" data-link=\"https:\/\/www.niva-stammtisch.de\/?attachment_id=1680\" class=\"wp-image-1680\" srcset=\"https:\/\/www.niva-stammtisch.de\/wp-content\/uploads\/20151202_214608.jpg 720w, https:\/\/www.niva-stammtisch.de\/wp-content\/uploads\/20151202_214608-360x600.jpg 360w\" sizes=\"auto, (max-width: 720px) 100vw, 720px\" \/><\/a><\/figure><\/li><\/ul><\/figure>\n\n\n\n<p><strong><em>Wie andere Besitzer auch, habe ich meinen \u201eBOBBY\u201c nat\u00fcrlich  nicht im originalen Zustand bzw. Kaufzustand belassen, sondern meinen Anspr\u00fcchen entsprechend angepasst und diverse Anbauten vollzogen:<\/em><\/strong><\/p>\n\n\n\n<p>Zun\u00e4chst bekam &#8222;Bobby&#8220; einen normalen sowie den alten XL-Flaschenhalter an die originalen Aufnahmen montiert.<\/p>\n\n\n\n<figure class=\"wp-block-gallery columns-1 is-cropped wp-block-gallery-3 is-layout-flex wp-block-gallery-is-layout-flex\"><ul class=\"blocks-gallery-grid\"><li class=\"blocks-gallery-item\"><figure><a href=\"https:\/\/www.niva-stammtisch.de\/wp-content\/uploads\/bobyak_003-720x1200.jpg\" rel=\"lightbox[47]\"><img loading=\"lazy\" decoding=\"async\" width=\"720\" height=\"1200\" src=\"https:\/\/www.niva-stammtisch.de\/wp-content\/uploads\/bobyak_003-720x1200.jpg\" alt=\"\" data-id=\"1685\" data-link=\"https:\/\/www.niva-stammtisch.de\/?attachment_id=1685\" class=\"wp-image-1685\" srcset=\"https:\/\/www.niva-stammtisch.de\/wp-content\/uploads\/bobyak_003.jpg 720w, https:\/\/www.niva-stammtisch.de\/wp-content\/uploads\/bobyak_003-360x600.jpg 360w\" sizes=\"auto, (max-width: 720px) 100vw, 720px\" \/><\/a><\/figure><\/li><\/ul><\/figure>\n\n\n\n<p>Dann kam ein Racktime Foldit fix Gep\u00e4cktr\u00e4ger in der 20&#8243; Ausf\u00fchrung mit dran, um das Gep\u00e4ckvolumen bei Bedarf erh\u00f6hen zu k\u00f6nnen (beispielhaft mal eine kleinere Fahrradtasche angebracht). Weiterhin kam noch ein Busch und M\u00fcller R\u00fccklicht der Top Line Serie (Batterieausf\u00fchrung) hinzu. Aber auch das Schutzblech von SKS durfte nicht fehlen. Ich bilde mir ein, dass es sogar etwas l\u00e4nger als das originale Schutzblech ist.<\/p>\n\n\n\n<figure class=\"wp-block-gallery columns-1 is-cropped wp-block-gallery-4 is-layout-flex wp-block-gallery-is-layout-flex\"><ul class=\"blocks-gallery-grid\"><li class=\"blocks-gallery-item\"><figure><img loading=\"lazy\" decoding=\"async\" width=\"1200\" height=\"720\" src=\"https:\/\/www.niva-stammtisch.de\/wp-content\/uploads\/bobyak_005-1200x720.jpg\" alt=\"\" data-id=\"1687\" data-link=\"https:\/\/www.niva-stammtisch.de\/?attachment_id=1687\" class=\"wp-image-1687\" srcset=\"https:\/\/www.niva-stammtisch.de\/wp-content\/uploads\/bobyak_005.jpg 1200w, https:\/\/www.niva-stammtisch.de\/wp-content\/uploads\/bobyak_005-600x360.jpg 600w, https:\/\/www.niva-stammtisch.de\/wp-content\/uploads\/bobyak_005-768x461.jpg 768w\" sizes=\"auto, (max-width: 767px) 89vw, (max-width: 1000px) 54vw, (max-width: 1071px) 543px, 580px\" \/><\/figure><\/li><\/ul><\/figure>\n\n\n\n<p>Dann habe ich es mir noch einmal anders \u00fcberlegt gehabt und rechts den kleinen Flaschenhalter und links die Schlosshalterung montiert. Das Hinterrad bekam eine Pitlock-Achse sowie Speichenreflektorsticks.<\/p>\n\n\n\n<figure class=\"wp-block-gallery columns-1 is-cropped wp-block-gallery-5 is-layout-flex wp-block-gallery-is-layout-flex\"><ul class=\"blocks-gallery-grid\"><li class=\"blocks-gallery-item\"><figure><img loading=\"lazy\" decoding=\"async\" width=\"1200\" height=\"720\" src=\"https:\/\/www.niva-stammtisch.de\/wp-content\/uploads\/bobyak_009-1200x720.jpg\" alt=\"\" data-id=\"1691\" data-link=\"https:\/\/www.niva-stammtisch.de\/?attachment_id=1691\" class=\"wp-image-1691\" srcset=\"https:\/\/www.niva-stammtisch.de\/wp-content\/uploads\/bobyak_009.jpg 1200w, https:\/\/www.niva-stammtisch.de\/wp-content\/uploads\/bobyak_009-600x360.jpg 600w, https:\/\/www.niva-stammtisch.de\/wp-content\/uploads\/bobyak_009-768x461.jpg 768w\" sizes=\"auto, (max-width: 767px) 89vw, (max-width: 1000px) 54vw, (max-width: 1071px) 543px, 580px\" \/><figcaption class=\"blocks-gallery-item__caption\">BOB YAK Fahrradanh\u00e4nger<\/figcaption><\/figure><\/li><\/ul><\/figure>\n\n\n\n<p>Ich habe mich dann doch noch f\u00fcr zwei weitere XL Flaschenhalter entschieden, um ausreichend Fl\u00fcssigkeit (bis zu 3 Liter) gekonnt mitf\u00fchren zu k\u00f6nnen. Mit dem Halter am Biria komme ich auf 4,5 Liter Transportm\u00f6glichkeit! Weiterhin kann man gut sehen, was Reflektoren und sogar eine insgesamt zweifache Beleuchtung im Dunkeln ausmachen, um rechtzeitig erkannt zu werden!<\/p>\n\n\n\n<figure class=\"wp-block-gallery columns-1 is-cropped wp-block-gallery-6 is-layout-flex wp-block-gallery-is-layout-flex\"><ul class=\"blocks-gallery-grid\"><li class=\"blocks-gallery-item\"><figure><a href=\"https:\/\/www.niva-stammtisch.de\/wp-content\/uploads\/bobyak_014-675x1200.jpg\" rel=\"lightbox[47]\"><img loading=\"lazy\" decoding=\"async\" width=\"675\" height=\"1200\" src=\"https:\/\/www.niva-stammtisch.de\/wp-content\/uploads\/bobyak_014-675x1200.jpg\" alt=\"\" data-id=\"1696\" data-link=\"https:\/\/www.niva-stammtisch.de\/?attachment_id=1696\" class=\"wp-image-1696\"\/><\/a><\/figure><\/li><li class=\"blocks-gallery-item\"><figure><a href=\"https:\/\/www.niva-stammtisch.de\/wp-content\/uploads\/bobyak_011-1200x795.jpg\" rel=\"lightbox[47]\"><img loading=\"lazy\" decoding=\"async\" width=\"1200\" height=\"795\" src=\"https:\/\/www.niva-stammtisch.de\/wp-content\/uploads\/bobyak_011-1200x795.jpg\" alt=\"\" data-id=\"1693\" data-link=\"https:\/\/www.niva-stammtisch.de\/?attachment_id=1693\" class=\"wp-image-1693\" srcset=\"https:\/\/www.niva-stammtisch.de\/wp-content\/uploads\/bobyak_011.jpg 1200w, https:\/\/www.niva-stammtisch.de\/wp-content\/uploads\/bobyak_011-600x398.jpg 600w, https:\/\/www.niva-stammtisch.de\/wp-content\/uploads\/bobyak_011-768x509.jpg 768w\" sizes=\"auto, (max-width: 767px) 89vw, (max-width: 1000px) 54vw, (max-width: 1071px) 543px, 580px\" \/><\/a><\/figure><\/li><\/ul><\/figure>\n\n\n\n<p>Hier sieht man die mit PET-Flaschen bestickten Flaschenhalter nochmal gut in Aktion. Weiterhin kam noch eine Abstandshalterkelle dazu, um die Autofahrer zum ausreichenden Abstand beim \u00dcberholen zu \u201c\u00fcberreden\u201d. Dann ist die originale gelb-schwarze BOB-Tasche noch dazu gekommen. Die Tasche f\u00fcrs Fahrradschloss habe ich dann oben am Gep\u00e4cktr\u00e4ger montiert, h\u00e4lt super!<\/p>\n\n\n\n<figure class=\"wp-block-gallery columns-1 is-cropped wp-block-gallery-7 is-layout-flex wp-block-gallery-is-layout-flex\"><ul class=\"blocks-gallery-grid\"><li class=\"blocks-gallery-item\"><figure><a href=\"https:\/\/www.niva-stammtisch.de\/wp-content\/uploads\/bobyak_028-1200x795.jpg\" rel=\"lightbox[47]\"><img loading=\"lazy\" decoding=\"async\" width=\"1200\" height=\"795\" src=\"https:\/\/www.niva-stammtisch.de\/wp-content\/uploads\/bobyak_028-1200x795.jpg\" alt=\"\" data-id=\"1710\" data-link=\"https:\/\/www.niva-stammtisch.de\/?attachment_id=1710\" class=\"wp-image-1710\" srcset=\"https:\/\/www.niva-stammtisch.de\/wp-content\/uploads\/bobyak_028.jpg 1200w, https:\/\/www.niva-stammtisch.de\/wp-content\/uploads\/bobyak_028-600x398.jpg 600w, https:\/\/www.niva-stammtisch.de\/wp-content\/uploads\/bobyak_028-768x509.jpg 768w\" sizes=\"auto, (max-width: 767px) 89vw, (max-width: 1000px) 54vw, (max-width: 1071px) 543px, 580px\" \/><\/a><\/figure><\/li><\/ul><\/figure>\n\n\n\n<h4 class=\"wp-block-heading\">Aktueller Stand Mai 2019<\/h4>\n\n\n\n<p>Ich denke, so wird der Bobby erstmal bleiben. Die zwei unteren Umbau-Ideen w\u00e4ren dann das i-T\u00fcpfelchen, welche aber Zeit haben und wenn es sich ergibt, dann freue ich mich, ansonsten passt es, wie es ist \ud83d\ude09<\/p>\n\n\n\n<ul class=\"wp-block-list\"><li>SKS Schutzblech f\u00fcr 16&#8243; R\u00e4der<\/li><li>Racktime <a rel=\"noreferrer noopener\" aria-label=\"FoldIt Fix (\u00f6ffnet in neuem Tab)\" href=\"https:\/\/www.racktime.com\/produkte\/systemtraeger\/racktime-product\/foldit-fix\/\" target=\"_blank\">Fold<\/a><em><a rel=\"noreferrer noopener\" aria-label=\"FoldIt Fix (\u00f6ffnet in neuem Tab)\" href=\"https:\/\/www.racktime.com\/produkte\/systemtraeger\/racktime-product\/foldit-fix\/\" target=\"_blank\">It<\/a><\/em><a rel=\"noreferrer noopener\" aria-label=\"FoldIt Fix (\u00f6ffnet in neuem Tab)\" href=\"https:\/\/www.racktime.com\/produkte\/systemtraeger\/racktime-product\/foldit-fix\/\" target=\"_blank\"> Fix<\/a> Gep\u00e4cktr\u00e4ger (f\u00fcr 20&#8243; R\u00e4der) <\/li><li>Busch und M\u00fcller Batterier\u00fccklicht &#8222;<a rel=\"noreferrer noopener\" aria-label=\"Light Senso (\u00f6ffnet in neuem Tab)\" href=\"https:\/\/www.bumm.de\/de\/produkte\/akku-batterie-rucklichter\/produkt\/323-5blhr.html?\" target=\"_blank\">Light Senso<\/a>&#8220; der Toplight-Serie<\/li><li>Speichensticks (an jeder Speiche)<\/li><li>Abstandskelle<\/li><li>Pitlock-Achse<\/li><li>Kinderfahrradst\u00e4nder f\u00fcr <a rel=\"noreferrer noopener\" aria-label=\"16&quot; \/ 20&quot; \/ 24&quot; (\u00f6ffnet in neuem Tab)\" href=\"https:\/\/www.decathlon.de\/p\/fahrradstander-100-kinder-16-20-24\/_\/R-p-306238?mc=8548391&amp;c=SCHWARZ\" target=\"_blank\">16&#8243; \/ 20&#8243; \/ 24&#8243;<\/a> R\u00e4der<\/li><li>ABUS Faltschloss<\/li><li>2x SKS <a rel=\"noreferrer noopener\" aria-label=\"Topcage (\u00f6ffnet in neuem Tab)\" href=\"https:\/\/www.sks-germany.com\/produkte\/topcage\/\" target=\"_blank\">Topcage<\/a> Flaschenhalter zur individuelleren Flaschenmitnahme unterschiedlicher Gr\u00f6\u00dfe(n) (normale Fahrradflasche, 1 Liter PET, 1,5 Liter PET)<\/li><\/ul>\n\n\n\n<p>Bilder folgen&#8230;<\/p>\n\n\n\n<p><strong><em>Nat\u00fcrlich gehen die Umbau-Ideen weiter und warten auf ihre Umsetzung<\/em><\/strong><\/p>\n\n\n\n<ul class=\"wp-block-list\"><li>Laufrad mit Nabendynamo plus USB-Lader zum Laden diverser Akkus w\u00e4hrend der Fahrt<\/li><li>Umbau zur Nutzung als Campingtisch durch Umdrehen<\/li><\/ul>\n\n\n\n<p><strong>Einige&nbsp;Transporteins\u00e4tze&nbsp;mit&nbsp;dem&nbsp;Bob<\/strong><\/p>\n\n\n\n<figure class=\"wp-block-gallery columns-1 is-cropped wp-block-gallery-8 is-layout-flex wp-block-gallery-is-layout-flex\"><ul class=\"blocks-gallery-grid\"><li class=\"blocks-gallery-item\"><figure><a href=\"https:\/\/www.niva-stammtisch.de\/wp-content\/uploads\/bobyak_013-1200x795.jpg\" rel=\"lightbox[47]\"><img loading=\"lazy\" decoding=\"async\" width=\"1200\" height=\"795\" src=\"https:\/\/www.niva-stammtisch.de\/wp-content\/uploads\/bobyak_013-1200x795.jpg\" alt=\"\" data-id=\"1695\" data-link=\"https:\/\/www.niva-stammtisch.de\/?attachment_id=1695\" class=\"wp-image-1695\" srcset=\"https:\/\/www.niva-stammtisch.de\/wp-content\/uploads\/bobyak_013.jpg 1200w, https:\/\/www.niva-stammtisch.de\/wp-content\/uploads\/bobyak_013-600x398.jpg 600w, https:\/\/www.niva-stammtisch.de\/wp-content\/uploads\/bobyak_013-768x509.jpg 768w\" sizes=\"auto, (max-width: 767px) 89vw, (max-width: 1000px) 54vw, (max-width: 1071px) 543px, 580px\" \/><\/a><\/figure><\/li><li class=\"blocks-gallery-item\"><figure><a href=\"https:\/\/www.niva-stammtisch.de\/wp-content\/uploads\/bobyak_016-1200x675.jpg\" rel=\"lightbox[47]\"><img loading=\"lazy\" decoding=\"async\" width=\"1200\" height=\"675\" src=\"https:\/\/www.niva-stammtisch.de\/wp-content\/uploads\/bobyak_016-1200x675.jpg\" alt=\"\" data-id=\"1698\" data-link=\"https:\/\/www.niva-stammtisch.de\/?attachment_id=1698\" class=\"wp-image-1698\" srcset=\"https:\/\/www.niva-stammtisch.de\/wp-content\/uploads\/bobyak_016.jpg 1200w, https:\/\/www.niva-stammtisch.de\/wp-content\/uploads\/bobyak_016-600x338.jpg 600w, https:\/\/www.niva-stammtisch.de\/wp-content\/uploads\/bobyak_016-768x432.jpg 768w\" sizes=\"auto, (max-width: 767px) 89vw, (max-width: 1000px) 54vw, (max-width: 1071px) 543px, 580px\" \/><\/a><\/figure><\/li><li class=\"blocks-gallery-item\"><figure><a href=\"https:\/\/www.niva-stammtisch.de\/wp-content\/uploads\/bobyak_023-1200x795.jpeg\" rel=\"lightbox[47]\"><img loading=\"lazy\" decoding=\"async\" width=\"1200\" height=\"795\" src=\"https:\/\/www.niva-stammtisch.de\/wp-content\/uploads\/bobyak_023-1200x795.jpeg\" alt=\"\" data-id=\"1705\" data-link=\"https:\/\/www.niva-stammtisch.de\/?attachment_id=1705\" class=\"wp-image-1705\" srcset=\"https:\/\/www.niva-stammtisch.de\/wp-content\/uploads\/bobyak_023.jpeg 1200w, https:\/\/www.niva-stammtisch.de\/wp-content\/uploads\/bobyak_023-600x398.jpeg 600w, https:\/\/www.niva-stammtisch.de\/wp-content\/uploads\/bobyak_023-768x509.jpeg 768w\" sizes=\"auto, (max-width: 767px) 89vw, (max-width: 1000px) 54vw, (max-width: 1071px) 543px, 580px\" \/><\/a><\/figure><\/li><li class=\"blocks-gallery-item\"><figure><a href=\"https:\/\/www.niva-stammtisch.de\/wp-content\/uploads\/bobyak_024-1200x795.jpg\" rel=\"lightbox[47]\"><img loading=\"lazy\" decoding=\"async\" width=\"1200\" height=\"795\" src=\"https:\/\/www.niva-stammtisch.de\/wp-content\/uploads\/bobyak_024-1200x795.jpg\" alt=\"\" data-id=\"1706\" data-link=\"https:\/\/www.niva-stammtisch.de\/?attachment_id=1706\" class=\"wp-image-1706\" srcset=\"https:\/\/www.niva-stammtisch.de\/wp-content\/uploads\/bobyak_024.jpg 1200w, https:\/\/www.niva-stammtisch.de\/wp-content\/uploads\/bobyak_024-600x398.jpg 600w, https:\/\/www.niva-stammtisch.de\/wp-content\/uploads\/bobyak_024-768x509.jpg 768w\" sizes=\"auto, (max-width: 767px) 89vw, (max-width: 1000px) 54vw, (max-width: 1071px) 543px, 580px\" \/><\/a><\/figure><\/li><\/ul><\/figure>\n\n\n\n<p><strong><em>Pro:<\/em><\/strong><\/p>\n\n\n\n<ul class=\"wp-block-list\"><li>Hingucker \ud83d\ude09<\/li><li>rollt einfach hinterher -&gt; schmale Wege oder Pollerabst\u00e4nde sind hiermit kein Problem, sehr gute Kurvenlage<\/li><li>geringes Eigengewicht (6,1 kg ohne Tasche laut Hersteller)<\/li><li>erh\u00f6hte Gesamtladekapazit\u00e4t des Radelgespanns m\u00f6glich, sonst bessere Verteilung des Gep\u00e4cks<\/li><li>ideal f\u00fcr Radreisen<\/li><li>mittelgro\u00dfe \/ sperrige Ladungen transportierbar<\/li><li>man kommt mit dem Transportgut bis zur Haust\u00fcre<\/li><\/ul>\n\n\n\n<p><strong><em>Contra:<\/em><\/strong><\/p>\n\n\n\n<ul class=\"wp-block-list\"><li>aufgrund der Gesamtkonstruktion etwas komplizierte Mitnahme in Z\u00fcgen bzgl. Rein und Raus (alternativ den Anh\u00e4nger als Rucksack mit zus\u00e4tzlichen Riemen rein- und raustragen)<\/li><li>bei Leerfahrten hoppelt der Bob bei Unebenheiten etwas<\/li><li>Grundfl\u00e4che von 60 mal 40 cm gew\u00e4hrt leider nicht die M\u00f6glichkeit, eine Eurokiste reinzupacken (ich habs zumindest noch nicht hinbekommen)<\/li><li>An- \/ Abkoppeln mit Gep\u00e4ck ist zun\u00e4chst gew\u00f6hnungsbed\u00fcrftig<\/li><li>die 32 kg Zuladung sollten eingehalten werden<\/li><li>das Gep\u00e4ck sollte nicht zu hoch gepackt werden -> erh\u00f6hter Schwerpunkt l\u00e4sst das Gespann &#8222;wacklig&#8220; werden (siehe Bild mit gro\u00dfem Drucker)<\/li><li>relativ hoher Anschaffungspreis (sowohl neu als auch gebraucht)<\/li><li>es muss viel &#8222;nachgepimpt&#8220; werden <\/li><\/ul>\n\n\n\n<p><strong>Achtung beim Reifen-\/Schlauchwechsel!<\/strong><\/p>\n\n\n\n<p>Bitte achtet bei Verwendung der Originalfelge, Reifen und Schlauch in der gleichen Gr\u00f6\u00dfe wie im Original zu verbauen. Wie ich leider erfahren &#8222;musste&#8220;, sind 16&#8243; nicht gleich 16&#8243;. Also bitte drauf achten, dass die Reifen und Schl\u00e4uche in den Ma\u00dfen <strong>16&#215;1.75 (Zoll)<\/strong> bzw. 47-305 (ETRTO) vorliegen bzw. dem Durchmesser von 305 mm entsprechen. Ich hatte da bei 16&#215;1.35 (Zoll) die Erfahrung machen m\u00fcssen, dass da der Durchmesser 349 mm betr\u00e4gt und zur Felge gar nicht kompatibel ist. <\/p>\n\n\n\n<p><strong><em>FAZIT<\/em><\/strong><\/p>\n\n\n\n<p>Den Kauf des YAKs habe ich in keinster Weise bereut, auch wenn ich diesen nicht tagt\u00e4glich im Einsatz habe \ud83d\ude09 Ich habe kein Auto und manchmal gibt es doch gr\u00f6\u00dfere bzw. viele kleine Sachen (Wocheneinkauf) zu transportieren. Mit oder ohne Packtasche habe ich bisher alles tansportieren k\u00f6nnen, was bisher so anfiel. Auf die <em>Contras<\/em> kann man sich dennoch einstellen. Somit \u00fcberwiegen die <em>Pros<\/em> und ich kann den Anh\u00e4nger eindeutig empfehlen. Bei meiner geplanten <strong><em>&#8222;<a href=\"https:\/\/www.niva-stammtisch.de\/?page_id=701\">EuroVelo 7+6=13 Tour<\/a>&#8222;<\/em><\/strong> sehe ich auch vor, statt mit den 4 Packtaschen am Rad das Gep\u00e4ck ausschlie\u00dflich auf dem YAK mitzuf\u00fchren. Ich bin gespannt!<\/p>\n","protected":false},"excerpt":{"rendered":"<p>Der BOB YAK Fahrradanh\u00e4nger fiel mir schon ins Auge, als ein deutscher Outdoor-Ausr\u00fcster diesen in seinem Katalog mit anbot. Damals schon nicht ganz billig, aber au\u00dfergew\u00f6hnlich im Konzept, lie\u00df er mich gute 20 Jahre nicht v\u00f6llig in Ruhe. Aufgrund der Idee, endlich auch mal Mehrtagestouren zu unternehmen und dann nicht immer alles nur auf dem &hellip; <\/p>\n<p class=\"link-more\"><a href=\"https:\/\/www.niva-stammtisch.de\/?page_id=47\" class=\"more-link\"><span class=\"screen-reader-text\">\u201eBOB YAK Fahrradanh\u00e4nger\u201c <\/span>weiterlesen<\/a><\/p>\n","protected":false},"author":1,"featured_media":0,"parent":50,"menu_order":17,"comment_status":"closed","ping_status":"closed","template":"","meta":{"footnotes":""},"class_list":["post-47","page","type-page","status-publish","hentry"],"_links":{"self":[{"href":"https:\/\/www.niva-stammtisch.de\/index.php?rest_route=\/wp\/v2\/pages\/47","targetHints":{"allow":["GET"]}}],"collection":[{"href":"https:\/\/www.niva-stammtisch.de\/index.php?rest_route=\/wp\/v2\/pages"}],"about":[{"href":"https:\/\/www.niva-stammtisch.de\/index.php?rest_route=\/wp\/v2\/types\/page"}],"author":[{"embeddable":true,"href":"https:\/\/www.niva-stammtisch.de\/index.php?rest_route=\/wp\/v2\/users\/1"}],"replies":[{"embeddable":true,"href":"https:\/\/www.niva-stammtisch.de\/index.php?rest_route=%2Fwp%2Fv2%2Fcomments&post=47"}],"version-history":[{"count":52,"href":"https:\/\/www.niva-stammtisch.de\/index.php?rest_route=\/wp\/v2\/pages\/47\/revisions"}],"predecessor-version":[{"id":5437,"href":"https:\/\/www.niva-stammtisch.de\/index.php?rest_route=\/wp\/v2\/pages\/47\/revisions\/5437"}],"up":[{"embeddable":true,"href":"https:\/\/www.niva-stammtisch.de\/index.php?rest_route=\/wp\/v2\/pages\/50"}],"wp:attachment":[{"href":"https:\/\/www.niva-stammtisch.de\/index.php?rest_route=%2Fwp%2Fv2%2Fmedia&parent=47"}],"curies":[{"name":"wp","href":"https:\/\/api.w.org\/{rel}","templated":true}]}}