{"id":4608,"date":"2019-03-16T19:51:51","date_gmt":"2019-03-16T18:51:51","guid":{"rendered":"https:\/\/www.niva-stammtisch.de\/?page_id=4608"},"modified":"2020-05-22T06:21:32","modified_gmt":"2020-05-22T04:21:32","slug":"uebernachtungsmoeglichkeiten","status":"publish","type":"page","link":"https:\/\/www.niva-stammtisch.de\/?page_id=4608","title":{"rendered":"\u00dcbernachtungsm\u00f6glichkeiten"},"content":{"rendered":"\n<figure class=\"wp-block-gallery columns-1 is-cropped wp-block-gallery-1 is-layout-flex wp-block-gallery-is-layout-flex\"><ul class=\"blocks-gallery-grid\"><li class=\"blocks-gallery-item\"><figure><img loading=\"lazy\" decoding=\"async\" width=\"615\" height=\"89\" src=\"https:\/\/www.niva-stammtisch.de\/wp-content\/uploads\/layer1.png\" alt=\"\" data-id=\"5002\" data-link=\"https:\/\/www.niva-stammtisch.de\/?attachment_id=5002\" class=\"wp-image-5002\" srcset=\"https:\/\/www.niva-stammtisch.de\/wp-content\/uploads\/layer1.png 615w, https:\/\/www.niva-stammtisch.de\/wp-content\/uploads\/layer1-600x87.png 600w\" sizes=\"auto, (max-width: 615px) 100vw, 615px\" \/><\/figure><\/li><\/ul><\/figure>\n\n\n\n<p>Direkt in Zabeltitz gibt es folgende \u00dcbernachtungsm\u00f6glichkeiten. Diese sind selbst zu buchen. Eine Gew\u00e4hr, dass noch Zimmer frei sind, kann nicht gegeben werden.<\/p>\n\n\n\n<ul class=\"wp-block-list\"><li>Parksch\u00e4nke<br>Hauptstra\u00dfe 7, 01561 Gro\u00dfenhain OT Zabeltitz, Tel.: +49 (0) 3522 &#8211; 504100<br><a href=\"https:\/\/www.parkschaenke-zabeltitz.de\/\" target=\"_blank\" rel=\"noreferrer noopener\" aria-label=\" (\u00f6ffnet in neuem Tab)\">https:\/\/www.parkschaenke-zabeltitz.de\/<\/a><br><br><\/li><li>Gasthof Zabeltitz<br>Hauptstra\u00dfe 27, 01562 Gro\u00dfenhain OT Zabeltitz, Tel.: +49 (0) 3522 &#8211; 310810<br><a href=\"https:\/\/www.gasthof-zabeltitz.de\" target=\"_blank\" rel=\"noreferrer noopener\" aria-label=\" (\u00f6ffnet in neuem Tab)\">https:\/\/www.gasthof-zabeltitz.de<\/a><br><br><\/li><li>Pension Alte Schmiede<br>Waldaer Stra\u00dfe 2, 01561 Gro\u00dfenhain OT Zabeltitz, Tel.: +49 (0) 173 &#8211; 98 33335<br><a rel=\"noreferrer noopener\" aria-label=\" (\u00f6ffnet in neuem Tab)\" href=\"https:\/\/www.alte-schmiede-zabeltitz.de\/startseite.html\" target=\"_blank\">https:\/\/www.alte-schmiede-zabeltitz.de\/startseite.html<\/a><\/li><\/ul>\n\n\n\n<hr class=\"wp-block-separator is-style-wide\"\/>\n\n\n\n<p>Falls die Unterk\u00fcnfte bereits belegt sind, gibt es noch folgende Alternativen in der Umgebung. <\/p>\n\n\n\n<ul class=\"wp-block-list\"><li>Gastgeberverzeichnis von Gro\u00dfenhain zum <a rel=\"noreferrer noopener\" aria-label=\"Download als PDF (\u00f6ffnet in neuem Tab)\" href=\"https:\/\/www.grossenhain.de\/uebernachten-1335.html?file=files\/pdf\/PDF_Tourismus\/Zabeltitz\/AN1_17-04_STADT_GastVerz_Vers5_2017.pdf\" target=\"_blank\"><strong>Download als PDF<\/strong><\/a><br>Es wird keine Gew\u00e4hr \u00fcber die Aktualit\u00e4t der Preise \u00fcbernommen!<br><br><\/li><li>Lindenhof (ca. 7 km von Zabeltitz)<br>Hauptstra\u00dfe 18, 01609 Peritz, Tel.: +49 (0) 35265 &#8211; 56180<br><a rel=\"noreferrer noopener\" aria-label=\" (\u00f6ffnet in neuem Tab)\" href=\"https:\/\/www.lindenhof-peritz.de\/\" target=\"_blank\">https:\/\/www.lindenhof-peritz.de\/<\/a><br><br><\/li><li>Landgasthof und Hotel Schleusenhaus (ca. 12 km von Zabeltitz)<br>Riesaer Stra\u00dfe 156\/158, 04932 R\u00f6derland, Tel.: +49 (0) 3533 &#8211; 8661<br><a rel=\"noreferrer noopener\" aria-label=\" (\u00f6ffnet in neuem Tab)\" href=\"https:\/\/schleusenhaus.com\/\" target=\"_blank\">https:\/\/schleusenhaus.com\/<\/a>    (Webseite wird gerade \u00fcberarbeitet)<br><br><\/li><li>Hotel Spanischer Hof (ca. 10 km von Zabeltitz)<br>Hauptstra\u00dfe 15A, 01609 Gr\u00f6ditz, Tel.: +49 (0) 35263 &#8211; 440<br><a rel=\"noreferrer noopener\" aria-label=\" (\u00f6ffnet in neuem Tab)\" href=\"https:\/\/www.spanischer-hof.de\/\" target=\"_blank\">https:\/\/www.spanischer-hof.de\/<\/a><br><br><\/li><li>Flinkenschenke (ca. 11 km von Zabeltitz)<br>Am Nordrand 41, 01609 Gr\u00f6ditz, Tel.: +49 (0) 35263 &#8211; 67747<br><br><\/li><li>Pension Linke (ca. 8 km von Zabeltitz)<br>Dorfstra\u00dfe 18, 01609 Streumen, Tel.: +49 (0) 35265 &#8211; 60550<br><a rel=\"noreferrer noopener\" aria-label=\" (\u00f6ffnet in neuem Tab)\" href=\"http:\/\/www.monteur-pension-linke.de\/index.php?id=30\" target=\"_blank\">http:\/\/www.monteur-pension-linke.de\/index.php?id=30<\/a><br><br><\/li><li>Pension Dehmel (ca. 13 km von Zabeltitz)<br>Riesaer Stra\u00dfe 60, 04932 R\u00f6derland, Tel.: +49 (0) 3533 &#8211; 8638<br><a rel=\"noreferrer noopener\" aria-label=\" (\u00f6ffnet in neuem Tab)\" href=\"https:\/\/pension-katrin-proesen.de\/\" target=\"_blank\">https:\/\/pension-katrin-proesen.de\/<\/a><br><br><\/li><li>Pension M\u00fcnch &#8222;Am Anger&#8220; (ca. 18 km von Zabeltitz)<br>Siedlung 1, 01612 N\u00fcnchritz, Tel.: +49 (0) 174 &#8211; 7171888<br><a rel=\"noreferrer noopener\" aria-label=\" (\u00f6ffnet in neuem Tab)\" href=\"https:\/\/pension-am-anger.jimdofree.com\/\" target=\"_blank\">https:\/\/pension-am-anger.jimdofree.com\/<\/a><br><br><\/li><li>Ferienwohnung K\u00e4mer (ca. 15 km von Zabeltitz)<br>Schulstra\u00dfe 5, 01612 N\u00fcnchritz, Tel.: +49 (0) 172 &#8211; 4998366<br><br><\/li><li>Ferienwohnung Altmann (ca. 14 km von Zabeltitz)<br>Am Hang 8, 01612 N\u00fcnchritz, Tel.: +49 (0) 35267 &#8211; 554583<br><br><\/li><li>Ferienwohnung Diesbar-Seu\u00dflitz (ca. 19 km von Zabeltitz)<br>Bergstra\u00dfe 24, 01612 N\u00fcnchritz, Tel.: +49 (0) 35267 &#8211; 50160<br><a rel=\"noreferrer noopener\" aria-label=\" (\u00f6ffnet in neuem Tab)\" href=\"https:\/\/www.ferienwohnung-diesbar-seusslitz.de\/\" target=\"_blank\">https:\/\/www.ferienwohnung-diesbar-seusslitz.de\/<\/a><br><br><\/li><li>Ferienwohnung Hirschstein, Familie Wandelt (ca. 30 km von Zabeltitz)<br>F\u00e4hrstra\u00dfe 4b, 01594 Hirschstein, Tel.: +49 (0) 35266 &#8211; 80126<br><a rel=\"noreferrer noopener\" href=\"http:\/\/www.fewo-hirschstein.de\/\" target=\"_blank\">http:\/\/www.fewo-hirschstein.de\/<\/a><\/li><\/ul>\n","protected":false},"excerpt":{"rendered":"<p>Direkt in Zabeltitz gibt es folgende \u00dcbernachtungsm\u00f6glichkeiten. Diese sind selbst zu buchen. Eine Gew\u00e4hr, dass noch Zimmer frei sind, kann nicht gegeben werden. Parksch\u00e4nkeHauptstra\u00dfe 7, 01561 Gro\u00dfenhain OT Zabeltitz, Tel.: +49 (0) 3522 &#8211; 504100https:\/\/www.parkschaenke-zabeltitz.de\/ Gasthof ZabeltitzHauptstra\u00dfe 27, 01562 Gro\u00dfenhain OT Zabeltitz, Tel.: +49 (0) 3522 &#8211; 310810https:\/\/www.gasthof-zabeltitz.de Pension Alte SchmiedeWaldaer Stra\u00dfe 2, 01561 Gro\u00dfenhain &hellip; <\/p>\n<p class=\"link-more\"><a href=\"https:\/\/www.niva-stammtisch.de\/?page_id=4608\" class=\"more-link\"><span class=\"screen-reader-text\">\u201e\u00dcbernachtungsm\u00f6glichkeiten\u201c <\/span>weiterlesen<\/a><\/p>\n","protected":false},"author":1,"featured_media":0,"parent":4600,"menu_order":10,"comment_status":"closed","ping_status":"closed","template":"","meta":{"footnotes":""},"class_list":["post-4608","page","type-page","status-publish","hentry"],"_links":{"self":[{"href":"https:\/\/www.niva-stammtisch.de\/index.php?rest_route=\/wp\/v2\/pages\/4608","targetHints":{"allow":["GET"]}}],"collection":[{"href":"https:\/\/www.niva-stammtisch.de\/index.php?rest_route=\/wp\/v2\/pages"}],"about":[{"href":"https:\/\/www.niva-stammtisch.de\/index.php?rest_route=\/wp\/v2\/types\/page"}],"author":[{"embeddable":true,"href":"https:\/\/www.niva-stammtisch.de\/index.php?rest_route=\/wp\/v2\/users\/1"}],"replies":[{"embeddable":true,"href":"https:\/\/www.niva-stammtisch.de\/index.php?rest_route=%2Fwp%2Fv2%2Fcomments&post=4608"}],"version-history":[{"count":10,"href":"https:\/\/www.niva-stammtisch.de\/index.php?rest_route=\/wp\/v2\/pages\/4608\/revisions"}],"predecessor-version":[{"id":5427,"href":"https:\/\/www.niva-stammtisch.de\/index.php?rest_route=\/wp\/v2\/pages\/4608\/revisions\/5427"}],"up":[{"embeddable":true,"href":"https:\/\/www.niva-stammtisch.de\/index.php?rest_route=\/wp\/v2\/pages\/4600"}],"wp:attachment":[{"href":"https:\/\/www.niva-stammtisch.de\/index.php?rest_route=%2Fwp%2Fv2%2Fmedia&parent=4608"}],"curies":[{"name":"wp","href":"https:\/\/api.w.org\/{rel}","templated":true}]}}