{"id":4604,"date":"2019-03-16T19:50:39","date_gmt":"2019-03-16T18:50:39","guid":{"rendered":"https:\/\/www.niva-stammtisch.de\/?page_id=4604"},"modified":"2019-03-17T12:56:35","modified_gmt":"2019-03-17T11:56:35","slug":"downloads","status":"publish","type":"page","link":"https:\/\/www.niva-stammtisch.de\/?page_id=4604","title":{"rendered":"Downloads"},"content":{"rendered":"\n<ul class=\"wp-block-gallery columns-1 is-cropped wp-block-gallery-1 is-layout-flex wp-block-gallery-is-layout-flex\"><li class=\"blocks-gallery-item\"><figure><img loading=\"lazy\" decoding=\"async\" width=\"615\" height=\"89\" src=\"https:\/\/www.niva-stammtisch.de\/wp-content\/uploads\/layer1.png\" alt=\"\" data-id=\"5002\" data-link=\"https:\/\/www.niva-stammtisch.de\/?attachment_id=5002\" class=\"wp-image-5002\" srcset=\"https:\/\/www.niva-stammtisch.de\/wp-content\/uploads\/layer1.png 615w, https:\/\/www.niva-stammtisch.de\/wp-content\/uploads\/layer1-600x87.png 600w\" sizes=\"auto, (max-width: 615px) 100vw, 615px\" \/><\/figure><\/li><\/ul>\n\n\n\n<p>Sind in \u00dcberarbeitung f\u00fcrs n\u00e4chste Treffen 2020. <\/p>\n","protected":false},"excerpt":{"rendered":"<p>Sind in \u00dcberarbeitung f\u00fcrs n\u00e4chste Treffen 2020.<\/p>\n","protected":false},"author":1,"featured_media":0,"parent":4600,"menu_order":18,"comment_status":"closed","ping_status":"closed","template":"","meta":{"footnotes":""},"class_list":["post-4604","page","type-page","status-publish","hentry"],"_links":{"self":[{"href":"https:\/\/www.niva-stammtisch.de\/index.php?rest_route=\/wp\/v2\/pages\/4604","targetHints":{"allow":["GET"]}}],"collection":[{"href":"https:\/\/www.niva-stammtisch.de\/index.php?rest_route=\/wp\/v2\/pages"}],"about":[{"href":"https:\/\/www.niva-stammtisch.de\/index.php?rest_route=\/wp\/v2\/types\/page"}],"author":[{"embeddable":true,"href":"https:\/\/www.niva-stammtisch.de\/index.php?rest_route=\/wp\/v2\/users\/1"}],"replies":[{"embeddable":true,"href":"https:\/\/www.niva-stammtisch.de\/index.php?rest_route=%2Fwp%2Fv2%2Fcomments&post=4604"}],"version-history":[{"count":2,"href":"https:\/\/www.niva-stammtisch.de\/index.php?rest_route=\/wp\/v2\/pages\/4604\/revisions"}],"predecessor-version":[{"id":5013,"href":"https:\/\/www.niva-stammtisch.de\/index.php?rest_route=\/wp\/v2\/pages\/4604\/revisions\/5013"}],"up":[{"embeddable":true,"href":"https:\/\/www.niva-stammtisch.de\/index.php?rest_route=\/wp\/v2\/pages\/4600"}],"wp:attachment":[{"href":"https:\/\/www.niva-stammtisch.de\/index.php?rest_route=%2Fwp%2Fv2%2Fmedia&parent=4604"}],"curies":[{"name":"wp","href":"https:\/\/api.w.org\/{rel}","templated":true}]}}