{"id":4580,"date":"2019-03-16T19:20:01","date_gmt":"2019-03-16T18:20:01","guid":{"rendered":"https:\/\/www.niva-stammtisch.de\/?page_id=4580"},"modified":"2019-03-17T12:13:57","modified_gmt":"2019-03-17T11:13:57","slug":"lada-niva-ig-deutschland","status":"publish","type":"page","link":"https:\/\/www.niva-stammtisch.de\/?page_id=4580","title":{"rendered":"LADA-NIVA-IG Deutschland"},"content":{"rendered":"\n<p>Seit Januar 2000 gibt es die Lada Niva IG Deutschland. Wir pflegen Kontakte zu gleichgesinnten Lada Niva Fahrern in Deutschland und dem benachbarten Ausland. Unter dem Motto \u201egemeinsam sind wir stark\u201c, versuchen wir bei Fragen und Problemen rund um den Niva zu helfen. Wir organisieren Treffen und Reisen, tauschen Informationen, Neuigkeiten und Verbesserungsvorschl\u00e4ge aus. Wir haben Kontakte zu Reifen-, Zubeh\u00f6r- und Ersatzteillieferanten. Manchmal ist es sehr gut, Leute zu kennen, die bei Sorgen weiterhelfen k\u00f6nnen, oder bei Problemen mit guten Tipps, Ratschl\u00e4gen und Anregungen hilfreich sind.<\/p>\n\n\n\n<p>Die IG hat zur Zeit \u00fcber 225 Mitglieder (auch aus dem Ausland und von \u00dcbersee) und es werden Dank der Mitarbeit der Mitglieder immer mehr. Bei allen unseren T\u00e4tigkeiten steht das kameradschaftliche Interesse rund um den Lada Niva im Vordergrund. Alles l\u00e4uft auf freiwilliger Basis und ohne den engen Rahmen irgendwelcher Vorgaben oder Satzungen.<\/p>\n\n\n\n<p>Wer noch mehr \u00fcber die IG wissen m\u00f6chte, einfach ins Internet auf&nbsp;&nbsp;<a href=\"http:\/\/www.lada-niva-ig.de\/\" target=\"_blank\" rel=\"noreferrer noopener\">www.lada-niva-ig.de<\/a>&nbsp;gehen.<\/p>\n\n\n\n<p>Mit freundlichen Gr\u00fc\u00dfen.<\/p>\n\n\n\n<p>Lada-Niva-IG Deutschland<\/p>\n","protected":false},"excerpt":{"rendered":"<p>Seit Januar 2000 gibt es die Lada Niva IG Deutschland. Wir pflegen Kontakte zu gleichgesinnten Lada Niva Fahrern in Deutschland und dem benachbarten Ausland. Unter dem Motto \u201egemeinsam sind wir stark\u201c, versuchen wir bei Fragen und Problemen rund um den Niva zu helfen. Wir organisieren Treffen und Reisen, tauschen Informationen, Neuigkeiten und Verbesserungsvorschl\u00e4ge aus. Wir &hellip; <\/p>\n<p class=\"link-more\"><a href=\"https:\/\/www.niva-stammtisch.de\/?page_id=4580\" class=\"more-link\"><span class=\"screen-reader-text\">\u201eLADA-NIVA-IG Deutschland\u201c <\/span>weiterlesen<\/a><\/p>\n","protected":false},"author":1,"featured_media":0,"parent":4569,"menu_order":17,"comment_status":"closed","ping_status":"closed","template":"","meta":{"footnotes":""},"class_list":["post-4580","page","type-page","status-publish","hentry"],"_links":{"self":[{"href":"https:\/\/www.niva-stammtisch.de\/index.php?rest_route=\/wp\/v2\/pages\/4580","targetHints":{"allow":["GET"]}}],"collection":[{"href":"https:\/\/www.niva-stammtisch.de\/index.php?rest_route=\/wp\/v2\/pages"}],"about":[{"href":"https:\/\/www.niva-stammtisch.de\/index.php?rest_route=\/wp\/v2\/types\/page"}],"author":[{"embeddable":true,"href":"https:\/\/www.niva-stammtisch.de\/index.php?rest_route=\/wp\/v2\/users\/1"}],"replies":[{"embeddable":true,"href":"https:\/\/www.niva-stammtisch.de\/index.php?rest_route=%2Fwp%2Fv2%2Fcomments&post=4580"}],"version-history":[{"count":2,"href":"https:\/\/www.niva-stammtisch.de\/index.php?rest_route=\/wp\/v2\/pages\/4580\/revisions"}],"predecessor-version":[{"id":4994,"href":"https:\/\/www.niva-stammtisch.de\/index.php?rest_route=\/wp\/v2\/pages\/4580\/revisions\/4994"}],"up":[{"embeddable":true,"href":"https:\/\/www.niva-stammtisch.de\/index.php?rest_route=\/wp\/v2\/pages\/4569"}],"wp:attachment":[{"href":"https:\/\/www.niva-stammtisch.de\/index.php?rest_route=%2Fwp%2Fv2%2Fmedia&parent=4580"}],"curies":[{"name":"wp","href":"https:\/\/api.w.org\/{rel}","templated":true}]}}